{"id":6198,"date":"2025-06-25T11:16:54","date_gmt":"2025-06-25T03:16:54","guid":{"rendered":"https:\/\/berlinpackagingapac.com\/?post_type=product&#038;p=6198"},"modified":"2025-06-25T12:45:09","modified_gmt":"2025-06-25T04:45:09","slug":"bouchon-cassable-inviolable-bp-wc02","status":"publish","type":"product","link":"https:\/\/berlinpackagingapac.com\/fr\/product\/break-off-cap-tamper-proof-bp-wc02\/","title":{"rendered":"Bouchon cassable inviolable, BP-WC02"},"content":{"rendered":"<p><strong>Caract\u00e9ristiques du produit :<\/strong><br \/>\nBouchon \u00e0 vis en aluminium de qualit\u00e9 sup\u00e9rieure<br \/>\nInsert en plastique de qualit\u00e9 alimentaire int\u00e9gr\u00e9<br \/>\nLa bille de verre assure une \u00e9tanch\u00e9it\u00e9 parfaite<br \/>\nId\u00e9al pour le whisky, les spiritueux et les liqueurs haut de gamme<\/p>\n<p><strong>Caract\u00e9ristiques:<\/strong><br \/>\nMat\u00e9riau : capuchon en aluminium + insert en plastique + bille de verre<br \/>\nCouleur : Vert fonc\u00e9 (personnalisable)<br \/>\nFinition du manche : personnalisable<br \/>\nType de fermeture : ROPP \/ Inviolable<\/p>\n<p><strong>Applications :<\/strong><br \/>\nParfait pour les bouteilles de whisky, les emballages d&#039;alcool et les bouteilles d&#039;alcool en verre n\u00e9cessitant des fermetures de qualit\u00e9 sup\u00e9rieure.<br \/>\nOptions de personnalisation\u00a0:<br \/>\nGaufrage ou impression du logo disponible<br \/>\nVariations de couleurs et d&#039;inserts sur demande<br \/>\nMOQ et personnalisation du moule pour les commandes sp\u00e9ciales<\/p>","protected":false},"excerpt":{"rendered":"<p>Bouchon inviolable \u00e0 rupture avec insert en plastique combin\u00e9 int\u00e9gr\u00e9, con\u00e7u pour contr\u00f4ler le d\u00e9bit et emp\u00eacher le reflux.<\/p>","protected":false},"featured_media":6202,"comment_status":"open","ping_status":"closed","template":"","meta":{"jetpack_publicize_message":"","jetpack_publicize_feature_enabled":true,"jetpack_social_post_already_shared":true,"jetpack_social_options":{"image_generator_settings":{"template":"highway","default_image_id":0,"font":"","enabled":false},"version":2},"_wpas_customize_per_network":false},"product_brand":[1391],"product_cat":[1539,1445,1468,1469,1444],"product_tag":[1494],"class_list":{"0":"post-6198","1":"product","2":"type-product","3":"status-publish","4":"has-post-thumbnail","6":"product_brand-berlin-packaging","7":"product_cat-metal","8":"product_cat-closure","9":"product_cat-others-spirits","10":"product_cat-screw-cap-closure","11":"product_cat-spirits-bottles","12":"product_tag-closure","14":"first","15":"outofstock","16":"shipping-taxable","17":"product-type-simple"},"exclude_global_add_ons":[],"addons":[],"jetpack_publicize_connections":[],"jetpack_sharing_enabled":true,"jetpack_likes_enabled":true,"_links":{"self":[{"href":"https:\/\/berlinpackagingapac.com\/fr\/wp-json\/wp\/v2\/product\/6198","targetHints":{"allow":["GET"]}}],"collection":[{"href":"https:\/\/berlinpackagingapac.com\/fr\/wp-json\/wp\/v2\/product"}],"about":[{"href":"https:\/\/berlinpackagingapac.com\/fr\/wp-json\/wp\/v2\/types\/product"}],"replies":[{"embeddable":true,"href":"https:\/\/berlinpackagingapac.com\/fr\/wp-json\/wp\/v2\/comments?post=6198"}],"version-history":[{"count":2,"href":"https:\/\/berlinpackagingapac.com\/fr\/wp-json\/wp\/v2\/product\/6198\/revisions"}],"predecessor-version":[{"id":6204,"href":"https:\/\/berlinpackagingapac.com\/fr\/wp-json\/wp\/v2\/product\/6198\/revisions\/6204"}],"wp:featuredmedia":[{"embeddable":true,"href":"https:\/\/berlinpackagingapac.com\/fr\/wp-json\/wp\/v2\/media\/6202"}],"wp:attachment":[{"href":"https:\/\/berlinpackagingapac.com\/fr\/wp-json\/wp\/v2\/media?parent=6198"}],"wp:term":[{"taxonomy":"product_brand","embeddable":true,"href":"https:\/\/berlinpackagingapac.com\/fr\/wp-json\/wp\/v2\/product_brand?post=6198"},{"taxonomy":"product_cat","embeddable":true,"href":"https:\/\/berlinpackagingapac.com\/fr\/wp-json\/wp\/v2\/product_cat?post=6198"},{"taxonomy":"product_tag","embeddable":true,"href":"https:\/\/berlinpackagingapac.com\/fr\/wp-json\/wp\/v2\/product_tag?post=6198"}],"curies":[{"name":"wp","href":"https:\/\/api.w.org\/{rel}","templated":true}]}}