{"id":6212,"date":"2025-06-25T12:14:50","date_gmt":"2025-06-25T04:14:50","guid":{"rendered":"https:\/\/berlinpackagingapac.com\/?post_type=product&#038;p=6212"},"modified":"2025-06-25T15:25:43","modified_gmt":"2025-06-25T07:25:43","slug":"bouchon-de-bouteille-de-biere-en-aluminium-inviolable","status":"publish","type":"product","link":"https:\/\/berlinpackagingapac.com\/fr\/product\/aluminum-tamper-evident-beer-bottle-cap\/","title":{"rendered":"Bouchon de bouteille de bi\u00e8re en aluminium inviolable"},"content":{"rendered":"<p data-start=\"324\" data-end=\"769\">Notre capsule de bi\u00e8re en aluminium inviolable est con\u00e7ue pour les emballages de boissons haut de gamme. Fabriqu\u00e9e en aluminium de haute qualit\u00e9, elle est dot\u00e9e d&#039;une bague de s\u00e9curit\u00e9 qui garantit une s\u00e9curit\u00e9 optimale. Son syst\u00e8me de d\u00e9vissage garantit un confort d&#039;utilisation optimal tout en pr\u00e9servant l&#039;int\u00e9grit\u00e9 du produit. Adapt\u00e9e aux boissons gazeuses comme la bi\u00e8re et le cidre, elle offre une excellente \u00e9tanch\u00e9it\u00e9 pour pr\u00e9server la fra\u00eecheur et pr\u00e9venir les fuites.<\/p>\n<p data-start=\"771\" data-end=\"1042\">Disponibles en plusieurs coloris et compatibles avec les bouteilles en verre et en PET, ces bouchons peuvent \u00eatre personnalis\u00e9s par gaufrage, impression ou marquage de votre logo pour refl\u00e9ter l&#039;identit\u00e9 de votre marque. Id\u00e9als pour les brasseries et les fabricants de boissons \u00e0 la recherche de bouchons \u00e9conomiques et fiables.<\/p>\n<p data-start=\"1044\" data-end=\"1061\"><strong data-start=\"1044\" data-end=\"1061\">Caract\u00e9ristiques principales :<\/strong><\/p>\n<ul data-start=\"1062\" data-end=\"1316\">\n<li data-start=\"1062\" data-end=\"1095\">\n<p data-start=\"1064\" data-end=\"1095\">Mat\u00e9riau : aluminium de haute qualit\u00e9<\/p>\n<\/li>\n<li data-start=\"1096\" data-end=\"1129\">\n<p data-start=\"1098\" data-end=\"1129\">Bague de s\u00e9curit\u00e9 inviolable<\/p>\n<\/li>\n<li data-start=\"1130\" data-end=\"1155\">\n<p data-start=\"1132\" data-end=\"1155\">Commodit\u00e9 du d\u00e9vissage<\/p>\n<\/li>\n<li data-start=\"1156\" data-end=\"1209\">\n<p data-start=\"1158\" data-end=\"1209\">Compatible avec les finitions de goulot de bouteille de 26 mm ou 28 mm<\/p>\n<\/li>\n<li data-start=\"1210\" data-end=\"1258\">\n<p data-start=\"1212\" data-end=\"1258\">Impression, gaufrage et couleurs personnalisables<\/p>\n<\/li>\n<li data-start=\"1259\" data-end=\"1316\">\n<p data-start=\"1261\" data-end=\"1316\">Convient pour la bi\u00e8re, les sodas et autres boissons gazeuses<\/p>\n<\/li>\n<\/ul>","protected":false},"excerpt":{"rendered":"<p data-start=\"155\" data-end=\"317\">Bouchon inviolable en aluminium l\u00e9ger pour bouteilles de bi\u00e8re, con\u00e7u pour une fermeture s\u00e9curis\u00e9e et une ouverture facile avec une fonction de d\u00e9vissage.<\/p>","protected":false},"featured_media":6214,"comment_status":"open","ping_status":"closed","template":"","meta":{"jetpack_publicize_message":"","jetpack_publicize_feature_enabled":true,"jetpack_social_post_already_shared":true,"jetpack_social_options":{"image_generator_settings":{"template":"highway","default_image_id":0,"font":"","enabled":false},"version":2},"_wpas_customize_per_network":false},"product_brand":[1391],"product_cat":[1539,1443,1445,1469],"product_tag":[1494],"class_list":{"0":"post-6212","1":"product","2":"type-product","3":"status-publish","4":"has-post-thumbnail","6":"product_brand-berlin-packaging","7":"product_cat-metal","8":"product_cat-beer-packaging","9":"product_cat-closure","10":"product_cat-screw-cap-closure","11":"product_tag-closure","13":"first","14":"outofstock","15":"shipping-taxable","16":"product-type-simple"},"exclude_global_add_ons":[],"addons":[],"jetpack_publicize_connections":[],"jetpack_sharing_enabled":true,"jetpack_likes_enabled":true,"_links":{"self":[{"href":"https:\/\/berlinpackagingapac.com\/fr\/wp-json\/wp\/v2\/product\/6212","targetHints":{"allow":["GET"]}}],"collection":[{"href":"https:\/\/berlinpackagingapac.com\/fr\/wp-json\/wp\/v2\/product"}],"about":[{"href":"https:\/\/berlinpackagingapac.com\/fr\/wp-json\/wp\/v2\/types\/product"}],"replies":[{"embeddable":true,"href":"https:\/\/berlinpackagingapac.com\/fr\/wp-json\/wp\/v2\/comments?post=6212"}],"version-history":[{"count":3,"href":"https:\/\/berlinpackagingapac.com\/fr\/wp-json\/wp\/v2\/product\/6212\/revisions"}],"predecessor-version":[{"id":6296,"href":"https:\/\/berlinpackagingapac.com\/fr\/wp-json\/wp\/v2\/product\/6212\/revisions\/6296"}],"wp:featuredmedia":[{"embeddable":true,"href":"https:\/\/berlinpackagingapac.com\/fr\/wp-json\/wp\/v2\/media\/6214"}],"wp:attachment":[{"href":"https:\/\/berlinpackagingapac.com\/fr\/wp-json\/wp\/v2\/media?parent=6212"}],"wp:term":[{"taxonomy":"product_brand","embeddable":true,"href":"https:\/\/berlinpackagingapac.com\/fr\/wp-json\/wp\/v2\/product_brand?post=6212"},{"taxonomy":"product_cat","embeddable":true,"href":"https:\/\/berlinpackagingapac.com\/fr\/wp-json\/wp\/v2\/product_cat?post=6212"},{"taxonomy":"product_tag","embeddable":true,"href":"https:\/\/berlinpackagingapac.com\/fr\/wp-json\/wp\/v2\/product_tag?post=6212"}],"curies":[{"name":"wp","href":"https:\/\/api.w.org\/{rel}","templated":true}]}}