{"id":6256,"date":"2025-06-25T14:58:36","date_gmt":"2025-06-25T06:58:36","guid":{"rendered":"https:\/\/berlinpackagingapac.com\/?post_type=product&#038;p=6256"},"modified":"2025-07-25T11:09:41","modified_gmt":"2025-07-25T03:09:41","slug":"bouchon-a-rabat-pour-bouteille-de-sauce-soja","status":"publish","type":"product","link":"https:\/\/berlinpackagingapac.com\/fr\/product\/soy-sauce-bottle-flip-top-cap\/","title":{"rendered":"Bouchon \u00e0 rabat pour bouteille de sauce soja"},"content":{"rendered":"<p data-start=\"291\" data-end=\"526\">Ce bouchon pour bouteille de sauce soja est con\u00e7u pour offrir une solution de distribution propre, pratique et s\u00fbre pour les condiments, notamment la sauce soja, le vinaigre et autres assaisonnements liquides. Son couvercle rabattable facilite l&#039;ouverture et la fermeture.<\/p>\n<p data-start=\"528\" data-end=\"894\">La structure interne est con\u00e7ue pour garantir un versement contr\u00f4l\u00e9 et sans goutte et peut \u00eatre \u00e9quip\u00e9e d&#039;une valve ou d&#039;un limiteur de d\u00e9bit en option. La bague d&#039;inviolabilit\u00e9 assure la s\u00e9curit\u00e9 du produit pendant le transport et la vente, garantissant ainsi qu&#039;il n&#039;a pas \u00e9t\u00e9 ouvert avant utilisation. Ce bouchon convient aux bouteilles en plastique et en verre, g\u00e9n\u00e9ralement avec des cols de 28 ou 33 mm.<\/p>\n<p data-start=\"896\" data-end=\"913\"><strong data-start=\"896\" data-end=\"913\">Caract\u00e9ristiques principales :<\/strong><\/p>\n<ul data-start=\"914\" data-end=\"1190\">\n<li data-start=\"914\" data-end=\"952\">\n<p data-start=\"916\" data-end=\"952\">Conception \u00e0 rabat pour une utilisation \u00e0 une main<\/p>\n<\/li>\n<li data-start=\"953\" data-end=\"995\">\n<p data-start=\"955\" data-end=\"995\">Bague d&#039;inviolabilit\u00e9 pour la s\u00e9curit\u00e9 du produit<\/p>\n<\/li>\n<li data-start=\"996\" data-end=\"1038\">\n<p data-start=\"998\" data-end=\"1038\">Compatible avec les bouteilles \u00e0 col de 28 mm\/33 mm<\/p>\n<\/li>\n<li data-start=\"1039\" data-end=\"1088\">\n<p data-start=\"1041\" data-end=\"1088\">Disponible dans des couleurs personnalis\u00e9es et avec gaufrage de logo<\/p>\n<\/li>\n<li data-start=\"1089\" data-end=\"1130\">\n<p data-start=\"1091\" data-end=\"1130\">Joint anti-fuite pour \u00e9viter les d\u00e9versements<\/p>\n<\/li>\n<li data-start=\"1131\" data-end=\"1190\">\n<p data-start=\"1133\" data-end=\"1190\">Id\u00e9al pour la sauce soja, le vinaigre, les vinaigrettes et les condiments<\/p>\n<\/li>\n<\/ul>","protected":false},"excerpt":{"rendered":"<p>Bouchon \u00e0 sauce soja durable \u00e0 couvercle rabattable avec d\u00e9bit contr\u00f4l\u00e9 et conception inviolable.<\/p>","protected":false},"featured_media":6258,"comment_status":"open","ping_status":"closed","template":"","meta":{"jetpack_publicize_message":"","jetpack_publicize_feature_enabled":true,"jetpack_social_post_already_shared":true,"jetpack_social_options":{"image_generator_settings":{"template":"highway","default_image_id":0,"font":"","enabled":false},"version":2},"_wpas_customize_per_network":false},"product_brand":[1391],"product_cat":[1538,1445,1473],"product_tag":[1494],"class_list":{"0":"post-6256","1":"product","2":"type-product","3":"status-publish","4":"has-post-thumbnail","6":"product_brand-berlin-packaging","7":"product_cat-plastic","8":"product_cat-closure","9":"product_cat-others-closure","10":"product_tag-closure","12":"first","13":"outofstock","14":"shipping-taxable","15":"product-type-simple"},"exclude_global_add_ons":[],"addons":[],"jetpack_publicize_connections":[],"jetpack_sharing_enabled":true,"jetpack_likes_enabled":true,"_links":{"self":[{"href":"https:\/\/berlinpackagingapac.com\/fr\/wp-json\/wp\/v2\/product\/6256","targetHints":{"allow":["GET"]}}],"collection":[{"href":"https:\/\/berlinpackagingapac.com\/fr\/wp-json\/wp\/v2\/product"}],"about":[{"href":"https:\/\/berlinpackagingapac.com\/fr\/wp-json\/wp\/v2\/types\/product"}],"replies":[{"embeddable":true,"href":"https:\/\/berlinpackagingapac.com\/fr\/wp-json\/wp\/v2\/comments?post=6256"}],"version-history":[{"count":3,"href":"https:\/\/berlinpackagingapac.com\/fr\/wp-json\/wp\/v2\/product\/6256\/revisions"}],"predecessor-version":[{"id":7277,"href":"https:\/\/berlinpackagingapac.com\/fr\/wp-json\/wp\/v2\/product\/6256\/revisions\/7277"}],"wp:featuredmedia":[{"embeddable":true,"href":"https:\/\/berlinpackagingapac.com\/fr\/wp-json\/wp\/v2\/media\/6258"}],"wp:attachment":[{"href":"https:\/\/berlinpackagingapac.com\/fr\/wp-json\/wp\/v2\/media?parent=6256"}],"wp:term":[{"taxonomy":"product_brand","embeddable":true,"href":"https:\/\/berlinpackagingapac.com\/fr\/wp-json\/wp\/v2\/product_brand?post=6256"},{"taxonomy":"product_cat","embeddable":true,"href":"https:\/\/berlinpackagingapac.com\/fr\/wp-json\/wp\/v2\/product_cat?post=6256"},{"taxonomy":"product_tag","embeddable":true,"href":"https:\/\/berlinpackagingapac.com\/fr\/wp-json\/wp\/v2\/product_tag?post=6256"}],"curies":[{"name":"wp","href":"https:\/\/api.w.org\/{rel}","templated":true}]}}