{"id":6330,"date":"2025-06-25T16:08:35","date_gmt":"2025-06-25T08:08:35","guid":{"rendered":"https:\/\/berlinpackagingapac.com\/?post_type=product&#038;p=6330"},"modified":"2025-06-25T16:08:35","modified_gmt":"2025-06-25T08:08:35","slug":"30ml-essential-oil-bottle-bp430301","status":"publish","type":"product","link":"https:\/\/berlinpackagingapac.com\/fr\/produit\/30ml-essential-oil-bottle-bp430301\/","title":{"rendered":"Flacon d&#039;huile essentielle de 30 ml, BP430301"},"content":{"rendered":"<p data-start=\"405\" data-end=\"761\">Ce flacon pour huiles essentielles de 30 ml pr\u00e9sente une forme cylindrique classique et est disponible en ambre et bleu cobalt. Il allie \u00e9l\u00e9gance et protection UV pour les contenus photosensibles. Avec son col de 20,64 mm, il est compatible avec les compte-gouttes, les vaporisateurs ou les bouchons \u00e0 vis standard, ce qui en fait un choix polyvalent pour les huiles essentielles, les s\u00e9rums et les produits d&#039;aromath\u00e9rapie.<\/p>\n<p data-start=\"763\" data-end=\"923\">Id\u00e9al pour les cosm\u00e9tiques naturels en petites quantit\u00e9s, les produits de bien-\u00eatre ou les kits de voyage. Son format compact facilite le stockage, l&#039;exp\u00e9dition et l&#039;application, am\u00e9liorant ainsi l&#039;exp\u00e9rience client.<\/p>\n<p data-start=\"925\" data-end=\"946\"><strong data-start=\"925\" data-end=\"944\">Caract\u00e9ristiques:<\/strong><\/p>\n<ul data-start=\"947\" data-end=\"1292\">\n<li data-start=\"947\" data-end=\"980\">\n<p data-start=\"949\" data-end=\"980\"><strong data-start=\"949\" data-end=\"970\">Capacit\u00e9 \u00e0 ras bord :<\/strong> 36,2 ml<\/p>\n<\/li>\n<li data-start=\"981\" data-end=\"1014\">\n<p data-start=\"983\" data-end=\"1014\"><strong data-start=\"983\" data-end=\"1004\">Capacit\u00e9 de remplissage :<\/strong> 31,3 ml<\/p>\n<\/li>\n<li data-start=\"1015\" data-end=\"1042\">\n<p data-start=\"1017\" data-end=\"1042\"><strong data-start=\"1017\" data-end=\"1035\">Poids de la bouteille :<\/strong> 44 g<\/p>\n<\/li>\n<li data-start=\"1043\" data-end=\"1067\">\n<p data-start=\"1045\" data-end=\"1067\"><strong data-start=\"1045\" data-end=\"1056\">Finition:<\/strong> 20,64 mm<\/p>\n<\/li>\n<li data-start=\"1068\" data-end=\"1094\">\n<p data-start=\"1070\" data-end=\"1094\"><strong data-start=\"1070\" data-end=\"1083\">Diam\u00e8tre:<\/strong> \u230032,8 mm<\/p>\n<\/li>\n<li data-start=\"1095\" data-end=\"1119\">\n<p data-start=\"1097\" data-end=\"1119\"><strong data-start=\"1097\" data-end=\"1108\">Hauteur:<\/strong> 78,58 mm<\/p>\n<\/li>\n<li data-start=\"1120\" data-end=\"1164\">\n<p data-start=\"1122\" data-end=\"1164\"><strong data-start=\"1122\" data-end=\"1143\">Couleurs disponibles :<\/strong> Ambre, bleu cobalt<\/p>\n<\/li>\n<li data-start=\"1165\" data-end=\"1236\">\n<p data-start=\"1167\" data-end=\"1236\"><strong data-start=\"1167\" data-end=\"1183\">Application:<\/strong> Huiles essentielles, s\u00e9rums de soin, cosm\u00e9tiques naturels<\/p>\n<\/li>\n<li data-start=\"1237\" data-end=\"1292\">\n<p data-start=\"1239\" data-end=\"1292\"><em data-start=\"1239\" data-end=\"1292\">Couleur et d\u00e9coration personnalis\u00e9es disponibles sur demande.<\/em><\/p>\n<\/li>\n<\/ul>","protected":false},"excerpt":{"rendered":"<table width=\"528\">\n<tbody>\n<tr>\n<td width=\"126\">Capacit\u00e9 \u00e0 ras bord ml<\/td>\n<td width=\"131\">Capacit\u00e9 de remplissage ml<\/td>\n<td width=\"60\">Poids g<\/td>\n<td width=\"68\">Finition mm<\/td>\n<td width=\"74\">Diam\u00e8tre mm<\/td>\n<td width=\"69\">Hauteur mm<\/td>\n<\/tr>\n<tr>\n<td>36.2<\/td>\n<td>31.3<\/td>\n<td>44<\/td>\n<td>20.64<\/td>\n<td>\u230032,8<\/td>\n<td>78.58<\/td>\n<\/tr>\n<\/tbody>\n<\/table>","protected":false},"featured_media":6336,"comment_status":"open","ping_status":"closed","template":"","meta":{"jetpack_publicize_message":"","jetpack_publicize_feature_enabled":true,"jetpack_social_post_already_shared":true,"jetpack_social_options":{"image_generator_settings":{"template":"highway","default_image_id":0,"font":"","enabled":false},"version":2},"_wpas_customize_per_network":false},"product_brand":[1391],"product_cat":[1537,1377,1544],"product_tag":[1496],"class_list":{"0":"post-6330","1":"product","2":"type-product","3":"status-publish","4":"has-post-thumbnail","6":"product_brand-berlin-packaging","7":"product_cat-glass","8":"product_cat-cosmetics-personal-care","9":"product_cat-essential-oil","10":"product_tag-personal-care","12":"first","13":"outofstock","14":"shipping-taxable","15":"product-type-simple"},"exclude_global_add_ons":[],"addons":[],"jetpack_publicize_connections":[],"jetpack_sharing_enabled":true,"jetpack_likes_enabled":true,"_links":{"self":[{"href":"https:\/\/berlinpackagingapac.com\/fr\/wp-json\/wp\/v2\/product\/6330","targetHints":{"allow":["GET"]}}],"collection":[{"href":"https:\/\/berlinpackagingapac.com\/fr\/wp-json\/wp\/v2\/product"}],"about":[{"href":"https:\/\/berlinpackagingapac.com\/fr\/wp-json\/wp\/v2\/types\/product"}],"replies":[{"embeddable":true,"href":"https:\/\/berlinpackagingapac.com\/fr\/wp-json\/wp\/v2\/comments?post=6330"}],"version-history":[{"count":3,"href":"https:\/\/berlinpackagingapac.com\/fr\/wp-json\/wp\/v2\/product\/6330\/revisions"}],"predecessor-version":[{"id":6349,"href":"https:\/\/berlinpackagingapac.com\/fr\/wp-json\/wp\/v2\/product\/6330\/revisions\/6349"}],"wp:featuredmedia":[{"embeddable":true,"href":"https:\/\/berlinpackagingapac.com\/fr\/wp-json\/wp\/v2\/media\/6336"}],"wp:attachment":[{"href":"https:\/\/berlinpackagingapac.com\/fr\/wp-json\/wp\/v2\/media?parent=6330"}],"wp:term":[{"taxonomy":"product_brand","embeddable":true,"href":"https:\/\/berlinpackagingapac.com\/fr\/wp-json\/wp\/v2\/product_brand?post=6330"},{"taxonomy":"product_cat","embeddable":true,"href":"https:\/\/berlinpackagingapac.com\/fr\/wp-json\/wp\/v2\/product_cat?post=6330"},{"taxonomy":"product_tag","embeddable":true,"href":"https:\/\/berlinpackagingapac.com\/fr\/wp-json\/wp\/v2\/product_tag?post=6330"}],"curies":[{"name":"wp","href":"https:\/\/api.w.org\/{rel}","templated":true}]}}