{"id":6356,"date":"2025-06-25T16:16:51","date_gmt":"2025-06-25T08:16:51","guid":{"rendered":"https:\/\/berlinpackagingapac.com\/?post_type=product&#038;p=6356"},"modified":"2025-06-25T17:08:55","modified_gmt":"2025-06-25T09:08:55","slug":"bp3744-bouteille-hermitage-750-ml","status":"publish","type":"product","link":"https:\/\/berlinpackagingapac.com\/fr\/product\/bp3744-750ml-hermitage-bottle\/","title":{"rendered":"BP3744, bouteille Hermitage 750 ml"},"content":{"rendered":"<p>La bouteille Hermitage BP3744 de 750 ml pr\u00e9sente une \u00e9l\u00e9gante structure en verre con\u00e7ue pour les spiritueux haut de gamme. Elle est id\u00e9ale pour les distilleries haut de gamme et les marques sp\u00e9cialis\u00e9es recherchant un emballage sophistiqu\u00e9 de 750 ml avec des solutions de marquage personnalis\u00e9es.<\/p>","protected":false},"excerpt":{"rendered":"<table width=\"591\">\n<tbody>\n<tr>\n<td width=\"123\">Capacit\u00e9 d\u00e9bordante<\/td>\n<td width=\"123\">Poids<\/td>\n<td width=\"99\">Finition<\/td>\n<td width=\"123\">Diam\u00e8tre<\/td>\n<td width=\"123\">Hauteur<\/td>\n<\/tr>\n<tr>\n<td>773<\/td>\n<td>760<\/td>\n<td>30<\/td>\n<td>91.9<\/td>\n<td>254<\/td>\n<\/tr>\n<\/tbody>\n<\/table>","protected":false},"featured_media":6362,"comment_status":"open","ping_status":"closed","template":"","meta":{"jetpack_publicize_message":"","jetpack_publicize_feature_enabled":true,"jetpack_social_post_already_shared":true,"jetpack_social_options":{"image_generator_settings":{"template":"highway","default_image_id":0,"font":"","enabled":false},"version":2},"_wpas_customize_per_network":false},"product_brand":[1391],"product_cat":[1537,1467,1444],"product_tag":[1492],"class_list":{"0":"post-6356","1":"product","2":"type-product","3":"status-publish","4":"has-post-thumbnail","6":"product_brand-berlin-packaging","7":"product_cat-glass","8":"product_cat-750-1000ml-spirits","9":"product_cat-spirits-bottles","10":"product_tag-spirits","12":"first","13":"outofstock","14":"shipping-taxable","15":"product-type-simple"},"exclude_global_add_ons":[],"addons":[],"jetpack_publicize_connections":[],"jetpack_sharing_enabled":true,"jetpack_likes_enabled":true,"_links":{"self":[{"href":"https:\/\/berlinpackagingapac.com\/fr\/wp-json\/wp\/v2\/product\/6356","targetHints":{"allow":["GET"]}}],"collection":[{"href":"https:\/\/berlinpackagingapac.com\/fr\/wp-json\/wp\/v2\/product"}],"about":[{"href":"https:\/\/berlinpackagingapac.com\/fr\/wp-json\/wp\/v2\/types\/product"}],"replies":[{"embeddable":true,"href":"https:\/\/berlinpackagingapac.com\/fr\/wp-json\/wp\/v2\/comments?post=6356"}],"version-history":[{"count":3,"href":"https:\/\/berlinpackagingapac.com\/fr\/wp-json\/wp\/v2\/product\/6356\/revisions"}],"predecessor-version":[{"id":6366,"href":"https:\/\/berlinpackagingapac.com\/fr\/wp-json\/wp\/v2\/product\/6356\/revisions\/6366"}],"wp:featuredmedia":[{"embeddable":true,"href":"https:\/\/berlinpackagingapac.com\/fr\/wp-json\/wp\/v2\/media\/6362"}],"wp:attachment":[{"href":"https:\/\/berlinpackagingapac.com\/fr\/wp-json\/wp\/v2\/media?parent=6356"}],"wp:term":[{"taxonomy":"product_brand","embeddable":true,"href":"https:\/\/berlinpackagingapac.com\/fr\/wp-json\/wp\/v2\/product_brand?post=6356"},{"taxonomy":"product_cat","embeddable":true,"href":"https:\/\/berlinpackagingapac.com\/fr\/wp-json\/wp\/v2\/product_cat?post=6356"},{"taxonomy":"product_tag","embeddable":true,"href":"https:\/\/berlinpackagingapac.com\/fr\/wp-json\/wp\/v2\/product_tag?post=6356"}],"curies":[{"name":"wp","href":"https:\/\/api.w.org\/{rel}","templated":true}]}}