{"id":6405,"date":"2025-06-26T09:57:04","date_gmt":"2025-06-26T01:57:04","guid":{"rendered":"https:\/\/berlinpackagingapac.com\/?post_type=product&#038;p=6405"},"modified":"2025-11-17T17:21:40","modified_gmt":"2025-11-17T09:21:40","slug":"pot-de-mayonnaise-de-8-oz-58-mm-bpd-802","status":"publish","type":"product","link":"https:\/\/berlinpackagingapac.com\/fr\/product\/8-oz-mayo-jar-58mm-bpd-802\/","title":{"rendered":"Pot de mayonnaise 8 oz 58 mm, BPD-802"},"content":{"rendered":"<p data-start=\"383\" data-end=\"696\">Le <strong data-start=\"387\" data-end=\"414\">Pot de mayonnaise de 227 g (BPD-802)<\/strong> est un contenant alimentaire polyvalent, id\u00e9al pour une large gamme de produits tels que la mayonnaise, la confiture, la gel\u00e9e, les sauces, le miel et les condiments. <strong data-start=\"558\" data-end=\"587\">capacit\u00e9 \u00e0 ras bord de 260 ml<\/strong> et un <strong data-start=\"594\" data-end=\"628\">capacit\u00e9 de remplissage nominale de 240 ml<\/strong>, c&#039;est un choix populaire pour les emballages de vente au d\u00e9tail et de restauration.<\/p>\n<p data-start=\"698\" data-end=\"932\">This 8 oz jelly jar features a <strong data-start=\"718\" data-end=\"748\">Finition du col d\u00e9vissable de 58 mm<\/strong>, garantissant la compatibilit\u00e9 avec les bouchons \u00e0 vis standard et facilitant l&#039;\u00e9tanch\u00e9it\u00e9 pour pr\u00e9server la fra\u00eecheur. Sa forme cylindrique et ses parois lisses en font un produit id\u00e9al pour l&#039;\u00e9tiquetage et le marquage.<\/p>\n<p data-start=\"934\" data-end=\"1251\">Le pot est <strong data-start=\"945\" data-end=\"977\">enti\u00e8rement conforme au contact alimentaire<\/strong>, recyclable et prend en charge diverses options de personnalisation, notamment <strong data-start=\"1044\" data-end=\"1068\">s\u00e9rigraphie<\/strong>, <strong data-start=\"1070\" data-end=\"1082\">\u00e9tiquetage<\/strong>, et <strong data-start=\"1088\" data-end=\"1105\">rev\u00eatement de couleur<\/strong>Que vous emballiez des condiments artisanaux ou des produits alimentaires commerciaux, le pot Mayo BPD-802 offre clart\u00e9, fonctionnalit\u00e9 et attrait en rayon.<\/p>","protected":false},"excerpt":{"rendered":"<table style=\"border-collapse: collapse; width: 515.02pt;\" border=\"0\" width=\"1030\" cellspacing=\"0\" cellpadding=\"0\">\n<tbody>\n<tr style=\"height: 21.75pt;\">\n<td class=\"et3\" style=\"height: 21.75pt; width: 92.00pt;\" width=\"184\" height=\"43\">Capacit\u00e9 d\u00e9bordante<\/td>\n<td class=\"et3\" style=\"width: 92.00pt;\" width=\"184\">Poids<\/td>\n<td class=\"et3\" style=\"width: 147.35pt;\" width=\"294\">Finition<\/td>\n<td class=\"et3\" style=\"width: 92.00pt;\" width=\"184\">Diam\u00e8tre<\/td>\n<td class=\"et3\" style=\"width: 92.00pt;\" width=\"184\">Hauteur<\/td>\n<\/tr>\n<tr style=\"height: 21.75pt;\">\n<td class=\"et4\" style=\"height: 21.75pt;\" height=\"43\">254<\/td>\n<td class=\"et4\">158<\/td>\n<td class=\"et4\">IPG 58-400<\/td>\n<td class=\"et4\">63<\/td>\n<td class=\"et4\">110<\/td>\n<\/tr>\n<\/tbody>\n<\/table>\n<p>&nbsp;<\/p>","protected":false},"featured_media":6408,"comment_status":"open","ping_status":"closed","template":"","meta":{"jetpack_publicize_message":"","jetpack_publicize_feature_enabled":true,"jetpack_social_post_already_shared":true,"jetpack_social_options":{"image_generator_settings":{"template":"highway","default_image_id":0,"font":"","enabled":false},"version":2},"_wpas_customize_per_network":false},"product_brand":[1391],"product_cat":[1537,1454,1375],"product_tag":[1383],"class_list":{"0":"post-6405","1":"product","2":"type-product","3":"status-publish","4":"has-post-thumbnail","6":"product_brand-berlin-packaging","7":"product_cat-glass","8":"product_cat-200-300ml-food-jar","9":"product_cat-food-bottle-food-jar","10":"product_tag-food","12":"first","13":"outofstock","14":"shipping-taxable","15":"product-type-simple"},"exclude_global_add_ons":[],"addons":[],"jetpack_publicize_connections":[],"jetpack_sharing_enabled":true,"jetpack_likes_enabled":true,"_links":{"self":[{"href":"https:\/\/berlinpackagingapac.com\/fr\/wp-json\/wp\/v2\/product\/6405","targetHints":{"allow":["GET"]}}],"collection":[{"href":"https:\/\/berlinpackagingapac.com\/fr\/wp-json\/wp\/v2\/product"}],"about":[{"href":"https:\/\/berlinpackagingapac.com\/fr\/wp-json\/wp\/v2\/types\/product"}],"replies":[{"embeddable":true,"href":"https:\/\/berlinpackagingapac.com\/fr\/wp-json\/wp\/v2\/comments?post=6405"}],"version-history":[{"count":5,"href":"https:\/\/berlinpackagingapac.com\/fr\/wp-json\/wp\/v2\/product\/6405\/revisions"}],"predecessor-version":[{"id":8954,"href":"https:\/\/berlinpackagingapac.com\/fr\/wp-json\/wp\/v2\/product\/6405\/revisions\/8954"}],"wp:featuredmedia":[{"embeddable":true,"href":"https:\/\/berlinpackagingapac.com\/fr\/wp-json\/wp\/v2\/media\/6408"}],"wp:attachment":[{"href":"https:\/\/berlinpackagingapac.com\/fr\/wp-json\/wp\/v2\/media?parent=6405"}],"wp:term":[{"taxonomy":"product_brand","embeddable":true,"href":"https:\/\/berlinpackagingapac.com\/fr\/wp-json\/wp\/v2\/product_brand?post=6405"},{"taxonomy":"product_cat","embeddable":true,"href":"https:\/\/berlinpackagingapac.com\/fr\/wp-json\/wp\/v2\/product_cat?post=6405"},{"taxonomy":"product_tag","embeddable":true,"href":"https:\/\/berlinpackagingapac.com\/fr\/wp-json\/wp\/v2\/product_tag?post=6405"}],"curies":[{"name":"wp","href":"https:\/\/api.w.org\/{rel}","templated":true}]}}