{"id":6504,"date":"2025-06-30T16:32:31","date_gmt":"2025-06-30T08:32:31","guid":{"rendered":"https:\/\/berlinpackagingapac.com\/?post_type=product&#038;p=6504"},"modified":"2025-06-30T16:32:31","modified_gmt":"2025-06-30T08:32:31","slug":"bouteille-a-whisky-350-ml-bpm-30","status":"publish","type":"product","link":"https:\/\/berlinpackagingapac.com\/fr\/product\/350ml-whisky-flask-bottle-bpm-30\/","title":{"rendered":"Bouteille \u00e0 whisky 350 ml, BPM-30"},"content":{"rendered":"<p data-start=\"114\" data-end=\"405\">Cette flasque \u00e0 whisky de 350 ml allie design intemporel et fonctionnalit\u00e9, id\u00e9ale pour le conditionnement de spiritueux haut de gamme. Avec sa forme ovale aplatie et sa hauteur compacte de 193,5 mm, cette bouteille offre un profil \u00e9l\u00e9gant, id\u00e9al pour les cadeaux, les rayons des magasins ou pour la promotion de marques de distributeur.<\/p>\n<p data-start=\"407\" data-end=\"710\">Fabriqu\u00e9e en verre \u00e9pais et transparent et pesant 290 g, cette bouteille offre une excellente durabilit\u00e9 et une sensation de luxe. Son col de 28,3 mm est compatible avec les fermetures standard, comme les capsules \u00e0 vis. Son large goulot offre une surface id\u00e9ale pour les \u00e9tiquettes personnalis\u00e9es et le gaufrage, am\u00e9liorant ainsi la visibilit\u00e9 de la marque.<\/p>\n<p data-start=\"712\" data-end=\"735\"><strong data-start=\"712\" data-end=\"735\">Sp\u00e9cifications principales :<\/strong><\/p>\n<ul data-start=\"736\" data-end=\"913\">\n<li data-start=\"736\" data-end=\"776\">\n<p data-start=\"738\" data-end=\"776\"><strong data-start=\"738\" data-end=\"748\">Mod\u00e8le:<\/strong> Bouteille \u00e0 whisky de 350 ml<\/p>\n<\/li>\n<li data-start=\"777\" data-end=\"808\">\n<p data-start=\"779\" data-end=\"808\"><strong data-start=\"779\" data-end=\"800\">Capacit\u00e9 \u00e0 ras bord :<\/strong> 362 ml<\/p>\n<\/li>\n<li data-start=\"809\" data-end=\"829\">\n<p data-start=\"811\" data-end=\"829\"><strong data-start=\"811\" data-end=\"822\">Poids:<\/strong> 290g<\/p>\n<\/li>\n<li data-start=\"830\" data-end=\"857\">\n<p data-start=\"832\" data-end=\"857\"><strong data-start=\"832\" data-end=\"848\">Finition du manche :<\/strong> 28,3 mm<\/p>\n<\/li>\n<li data-start=\"858\" data-end=\"889\">\n<p data-start=\"860\" data-end=\"889\"><strong data-start=\"860\" data-end=\"873\">Diam\u00e8tre:<\/strong> 42,2 x 91,5 mm<\/p>\n<\/li>\n<li data-start=\"890\" data-end=\"913\">\n<p data-start=\"892\" data-end=\"913\"><strong data-start=\"892\" data-end=\"903\">Hauteur:<\/strong> 193,5 mm<\/p>\n<\/li>\n<\/ul>\n<p data-start=\"915\" data-end=\"1062\">Berlin Packaging APAC propose des services OEM\/ODM, d&#039;appariement de bouchons et de support de d\u00e9coration (gla\u00e7age, s\u00e9rigraphie, \u00e9tiquetage) pour les clients du secteur des spiritueux du monde entier.<\/p>","protected":false},"excerpt":{"rendered":"<table width=\"557\">\n<tbody>\n<tr>\n<td width=\"126\">Capacit\u00e9 \u00e0 ras bord ml<\/td>\n<td width=\"60\">Poids g<\/td>\n<td width=\"228\">Finition mm<\/td>\n<td width=\"74\">Diam\u00e8tre mm<\/td>\n<td width=\"69\">Hauteur mm<\/td>\n<\/tr>\n<tr>\n<td>362<\/td>\n<td>290<\/td>\n<td>28.3<\/td>\n<td>42.2&#215;91.5<\/td>\n<td>193.5<\/td>\n<\/tr>\n<\/tbody>\n<\/table>","protected":false},"featured_media":6506,"comment_status":"open","ping_status":"closed","template":"","meta":{"jetpack_publicize_message":"","jetpack_publicize_feature_enabled":true,"jetpack_social_post_already_shared":true,"jetpack_social_options":{"image_generator_settings":{"template":"highway","default_image_id":0,"font":"","enabled":false},"version":2},"_wpas_customize_per_network":false},"product_brand":[1391],"product_cat":[1465,1537,1444],"product_tag":[1492],"class_list":{"0":"post-6504","1":"product","2":"type-product","3":"status-publish","4":"has-post-thumbnail","6":"product_brand-berlin-packaging","7":"product_cat-100-500ml-spirits","8":"product_cat-glass","9":"product_cat-spirits-bottles","10":"product_tag-spirits","12":"first","13":"outofstock","14":"shipping-taxable","15":"product-type-simple"},"exclude_global_add_ons":[],"addons":[],"jetpack_publicize_connections":[],"jetpack_sharing_enabled":true,"jetpack_likes_enabled":true,"_links":{"self":[{"href":"https:\/\/berlinpackagingapac.com\/fr\/wp-json\/wp\/v2\/product\/6504","targetHints":{"allow":["GET"]}}],"collection":[{"href":"https:\/\/berlinpackagingapac.com\/fr\/wp-json\/wp\/v2\/product"}],"about":[{"href":"https:\/\/berlinpackagingapac.com\/fr\/wp-json\/wp\/v2\/types\/product"}],"replies":[{"embeddable":true,"href":"https:\/\/berlinpackagingapac.com\/fr\/wp-json\/wp\/v2\/comments?post=6504"}],"version-history":[{"count":2,"href":"https:\/\/berlinpackagingapac.com\/fr\/wp-json\/wp\/v2\/product\/6504\/revisions"}],"predecessor-version":[{"id":6509,"href":"https:\/\/berlinpackagingapac.com\/fr\/wp-json\/wp\/v2\/product\/6504\/revisions\/6509"}],"wp:featuredmedia":[{"embeddable":true,"href":"https:\/\/berlinpackagingapac.com\/fr\/wp-json\/wp\/v2\/media\/6506"}],"wp:attachment":[{"href":"https:\/\/berlinpackagingapac.com\/fr\/wp-json\/wp\/v2\/media?parent=6504"}],"wp:term":[{"taxonomy":"product_brand","embeddable":true,"href":"https:\/\/berlinpackagingapac.com\/fr\/wp-json\/wp\/v2\/product_brand?post=6504"},{"taxonomy":"product_cat","embeddable":true,"href":"https:\/\/berlinpackagingapac.com\/fr\/wp-json\/wp\/v2\/product_cat?post=6504"},{"taxonomy":"product_tag","embeddable":true,"href":"https:\/\/berlinpackagingapac.com\/fr\/wp-json\/wp\/v2\/product_tag?post=6504"}],"curies":[{"name":"wp","href":"https:\/\/api.w.org\/{rel}","templated":true}]}}