{"id":6510,"date":"2025-06-30T16:40:43","date_gmt":"2025-06-30T08:40:43","guid":{"rendered":"https:\/\/berlinpackagingapac.com\/?post_type=product&#038;p=6510"},"modified":"2025-06-30T16:53:38","modified_gmt":"2025-06-30T08:53:38","slug":"flacon-flacon-350-ml-bpm-26","status":"publish","type":"product","link":"https:\/\/berlinpackagingapac.com\/fr\/product\/350ml-flask-bottle-bpm-26\/","title":{"rendered":"Bouteille thermos de 350 ml, BPM-26"},"content":{"rendered":"<p data-start=\"110\" data-end=\"403\">Cette bouteille flasque de 350 ml est un choix \u00e9l\u00e9gant et moderne pour le conditionnement de spiritueux, de sirops et de boissons sp\u00e9ciales. Avec son profil rectangulaire plat (42,8 x 92,8 mm) et sa hauteur de 193,5 mm, elle offre une surface id\u00e9ale pour l&#039;\u00e9tiquetage et le marquage, id\u00e9ale pour les coffrets cadeaux et la pr\u00e9sentation en magasin.<\/p>\n<p data-start=\"405\" data-end=\"790\">Fabriqu\u00e9e en verre blanc transparent de haute qualit\u00e9, cette bouteille p\u00e8se 295 g et pr\u00e9sente un col de 28,3 mm, id\u00e9al pour les capsules \u00e0 vis ou les bouchons personnalis\u00e9s. Avec une capacit\u00e9 de 368 ml \u00e0 ras bord, elle garantit l&#039;int\u00e9grit\u00e9 du produit et une pr\u00e9sentation \u00e9l\u00e9gante. Compatible avec les options de d\u00e9coration telles que la s\u00e9rigraphie, le gaufrage et le givrage, elle est id\u00e9ale pour les distilleries artisanales et les marques de boissons artisanales.<\/p>\n<p data-start=\"792\" data-end=\"815\"><strong data-start=\"792\" data-end=\"815\">Points forts du produit :<\/strong><\/p>\n<ul data-start=\"816\" data-end=\"1051\">\n<li data-start=\"816\" data-end=\"847\">\n<p data-start=\"818\" data-end=\"847\"><strong data-start=\"818\" data-end=\"839\">Capacit\u00e9 \u00e0 ras bord :<\/strong> 368 ml<\/p>\n<\/li>\n<li data-start=\"848\" data-end=\"868\">\n<p data-start=\"850\" data-end=\"868\"><strong data-start=\"850\" data-end=\"861\">Poids:<\/strong> 295 g<\/p>\n<\/li>\n<li data-start=\"869\" data-end=\"896\">\n<p data-start=\"871\" data-end=\"896\"><strong data-start=\"871\" data-end=\"887\">Finition du manche :<\/strong> 28,3 mm<\/p>\n<\/li>\n<li data-start=\"897\" data-end=\"951\">\n<p data-start=\"899\" data-end=\"951\"><strong data-start=\"899\" data-end=\"914\">Dimensions:<\/strong> Base de 42,8 x 92,8 mm, hauteur de 193,5 mm<\/p>\n<\/li>\n<li data-start=\"952\" data-end=\"987\">\n<p data-start=\"954\" data-end=\"987\"><strong data-start=\"954\" data-end=\"967\">Mat\u00e9riel:<\/strong> Verre transparent Flint<\/p>\n<\/li>\n<li data-start=\"988\" data-end=\"1051\">\n<p data-start=\"990\" data-end=\"1051\"><strong data-start=\"990\" data-end=\"1003\">Cas d&#039;utilisation :<\/strong> Emballages de whisky, vodka, gin, cordial, sirop<\/p>\n<\/li>\n<\/ul>\n<p data-start=\"1053\" data-end=\"1124\">Berlin Packaging APAC prend en charge la personnalisation compl\u00e8te et les services OEM\/ODM.<\/p>","protected":false},"excerpt":{"rendered":"<table width=\"557\">\n<tbody>\n<tr>\n<td width=\"126\">Capacit\u00e9 \u00e0 ras bord ml<\/td>\n<td width=\"60\">Poids g<\/td>\n<td width=\"228\">Finition mm<\/td>\n<td width=\"74\">Diam\u00e8tre mm<\/td>\n<td width=\"69\">Hauteur mm<\/td>\n<\/tr>\n<tr>\n<td>368<\/td>\n<td>295<\/td>\n<td>28.3<\/td>\n<td>42,8 \u00d7 92,8<\/td>\n<td>193.5<\/td>\n<\/tr>\n<\/tbody>\n<\/table>","protected":false},"featured_media":6511,"comment_status":"open","ping_status":"closed","template":"","meta":{"jetpack_publicize_message":"","jetpack_publicize_feature_enabled":true,"jetpack_social_post_already_shared":true,"jetpack_social_options":{"image_generator_settings":{"template":"highway","default_image_id":0,"font":"","enabled":false},"version":2},"_wpas_customize_per_network":false},"product_brand":[1391],"product_cat":[1465,1537,1444],"product_tag":[1492],"class_list":{"0":"post-6510","1":"product","2":"type-product","3":"status-publish","4":"has-post-thumbnail","6":"product_brand-berlin-packaging","7":"product_cat-100-500ml-spirits","8":"product_cat-glass","9":"product_cat-spirits-bottles","10":"product_tag-spirits","12":"first","13":"outofstock","14":"shipping-taxable","15":"product-type-simple"},"exclude_global_add_ons":[],"addons":[],"jetpack_publicize_connections":[],"jetpack_sharing_enabled":true,"jetpack_likes_enabled":true,"_links":{"self":[{"href":"https:\/\/berlinpackagingapac.com\/fr\/wp-json\/wp\/v2\/product\/6510","targetHints":{"allow":["GET"]}}],"collection":[{"href":"https:\/\/berlinpackagingapac.com\/fr\/wp-json\/wp\/v2\/product"}],"about":[{"href":"https:\/\/berlinpackagingapac.com\/fr\/wp-json\/wp\/v2\/types\/product"}],"replies":[{"embeddable":true,"href":"https:\/\/berlinpackagingapac.com\/fr\/wp-json\/wp\/v2\/comments?post=6510"}],"version-history":[{"count":2,"href":"https:\/\/berlinpackagingapac.com\/fr\/wp-json\/wp\/v2\/product\/6510\/revisions"}],"predecessor-version":[{"id":6515,"href":"https:\/\/berlinpackagingapac.com\/fr\/wp-json\/wp\/v2\/product\/6510\/revisions\/6515"}],"wp:featuredmedia":[{"embeddable":true,"href":"https:\/\/berlinpackagingapac.com\/fr\/wp-json\/wp\/v2\/media\/6511"}],"wp:attachment":[{"href":"https:\/\/berlinpackagingapac.com\/fr\/wp-json\/wp\/v2\/media?parent=6510"}],"wp:term":[{"taxonomy":"product_brand","embeddable":true,"href":"https:\/\/berlinpackagingapac.com\/fr\/wp-json\/wp\/v2\/product_brand?post=6510"},{"taxonomy":"product_cat","embeddable":true,"href":"https:\/\/berlinpackagingapac.com\/fr\/wp-json\/wp\/v2\/product_cat?post=6510"},{"taxonomy":"product_tag","embeddable":true,"href":"https:\/\/berlinpackagingapac.com\/fr\/wp-json\/wp\/v2\/product_tag?post=6510"}],"curies":[{"name":"wp","href":"https:\/\/api.w.org\/{rel}","templated":true}]}}