{"id":6861,"date":"2025-07-02T11:02:03","date_gmt":"2025-07-02T03:02:03","guid":{"rendered":"https:\/\/berlinpackagingapac.com\/?post_type=product&#038;p=6861"},"modified":"2025-08-13T17:04:21","modified_gmt":"2025-08-13T09:04:21","slug":"flacons-dinjection-en-verre-de-7-ml-de-bpda-72","status":"publish","type":"product","link":"https:\/\/berlinpackagingapac.com\/fr\/product\/bpda-72-7ml-glass-injection-vials\/","title":{"rendered":"BPDA-72, flacons d&#039;injection en verre de 7 ml"},"content":{"rendered":"<p>Les flacons d&#039;injection en verre BPDA-72 de 7 ml sont fabriqu\u00e9s en verre borosilicat\u00e9 USP de type I pour solutions injectables. Ils sont id\u00e9aux pour les fabricants de produits pharmaceutiques n\u00e9cessitant un conditionnement st\u00e9rile, chimiquement inerte et inviolable.<\/p>","protected":false},"excerpt":{"rendered":"<table style=\"border-collapse: collapse; width: 306.02pt;\" border=\"0\" width=\"612\" cellspacing=\"0\" cellpadding=\"0\">\n<tbody>\n<tr style=\"height: 21.75pt;\">\n<td class=\"et3\" style=\"height: 21.75pt; width: 92.00pt;\" width=\"184\" height=\"43\">Capacit\u00e9 d\u00e9bordante<\/td>\n<td class=\"et3\" style=\"width: 53.50pt;\" width=\"107\">Poids<\/td>\n<td class=\"et3\" style=\"width: 53.50pt;\" width=\"107\">Finition<\/td>\n<td class=\"et3\" style=\"width: 53.50pt;\" width=\"107\">Diam\u00e8tre<\/td>\n<td class=\"et3\" style=\"width: 53.50pt;\" width=\"107\">Hauteur<\/td>\n<\/tr>\n<tr style=\"height: 21.75pt;\">\n<td class=\"et4\" style=\"height: 21.75pt;\" height=\"43\">7.5<\/td>\n<td class=\"et4\">7.5<\/td>\n<td class=\"et4\">20<\/td>\n<td class=\"et4\">22.1<\/td>\n<td class=\"et4\">40.8<\/td>\n<\/tr>\n<\/tbody>\n<\/table>","protected":false},"featured_media":6862,"comment_status":"open","ping_status":"closed","template":"","meta":{"jetpack_publicize_message":"","jetpack_publicize_feature_enabled":true,"jetpack_social_post_already_shared":true,"jetpack_social_options":{"image_generator_settings":{"template":"highway","default_image_id":0,"font":"","enabled":false},"version":2},"_wpas_customize_per_network":false},"product_brand":[1391],"product_cat":[1611,1537,1378],"product_tag":[1386],"class_list":{"0":"post-6861","1":"product","2":"type-product","3":"status-publish","4":"has-post-thumbnail","6":"product_brand-berlin-packaging","7":"product_cat-7-100ml","8":"product_cat-glass","9":"product_cat-pharmaceutical-nutraceutical","10":"product_tag-pharmaceutical-nutraceutical","12":"first","13":"outofstock","14":"shipping-taxable","15":"product-type-simple"},"exclude_global_add_ons":[],"addons":[],"jetpack_publicize_connections":[],"jetpack_sharing_enabled":true,"jetpack_likes_enabled":true,"_links":{"self":[{"href":"https:\/\/berlinpackagingapac.com\/fr\/wp-json\/wp\/v2\/product\/6861","targetHints":{"allow":["GET"]}}],"collection":[{"href":"https:\/\/berlinpackagingapac.com\/fr\/wp-json\/wp\/v2\/product"}],"about":[{"href":"https:\/\/berlinpackagingapac.com\/fr\/wp-json\/wp\/v2\/types\/product"}],"replies":[{"embeddable":true,"href":"https:\/\/berlinpackagingapac.com\/fr\/wp-json\/wp\/v2\/comments?post=6861"}],"version-history":[{"count":2,"href":"https:\/\/berlinpackagingapac.com\/fr\/wp-json\/wp\/v2\/product\/6861\/revisions"}],"predecessor-version":[{"id":6866,"href":"https:\/\/berlinpackagingapac.com\/fr\/wp-json\/wp\/v2\/product\/6861\/revisions\/6866"}],"wp:featuredmedia":[{"embeddable":true,"href":"https:\/\/berlinpackagingapac.com\/fr\/wp-json\/wp\/v2\/media\/6862"}],"wp:attachment":[{"href":"https:\/\/berlinpackagingapac.com\/fr\/wp-json\/wp\/v2\/media?parent=6861"}],"wp:term":[{"taxonomy":"product_brand","embeddable":true,"href":"https:\/\/berlinpackagingapac.com\/fr\/wp-json\/wp\/v2\/product_brand?post=6861"},{"taxonomy":"product_cat","embeddable":true,"href":"https:\/\/berlinpackagingapac.com\/fr\/wp-json\/wp\/v2\/product_cat?post=6861"},{"taxonomy":"product_tag","embeddable":true,"href":"https:\/\/berlinpackagingapac.com\/fr\/wp-json\/wp\/v2\/product_tag?post=6861"}],"curies":[{"name":"wp","href":"https:\/\/api.w.org\/{rel}","templated":true}]}}