{"id":6910,"date":"2025-07-02T11:45:37","date_gmt":"2025-07-02T03:45:37","guid":{"rendered":"https:\/\/berlinpackagingapac.com\/?post_type=product&#038;p=6910"},"modified":"2025-07-28T15:21:07","modified_gmt":"2025-07-28T07:21:07","slug":"bp50zkt-flacon-de-50-ml","status":"publish","type":"product","link":"https:\/\/berlinpackagingapac.com\/fr\/product\/bp50zkt-50ml-bottle\/","title":{"rendered":"BP50ZKT, flacon de 50 ml"},"content":{"rendered":"<p>Le flacon BP50ZKT de 50 ml offre un conditionnement de qualit\u00e9 pharmaceutique pour les solutions buvables et les suspensions. Compatible avec les fermetures de s\u00e9curit\u00e9 enfant et les surfaces d&#039;\u00e9tiquetage pour une conformit\u00e9 optimale. Flacon BP50ZKT de 50 ml \u2013 Conservation de qualit\u00e9 pharmaceutique pour solutions buvables. Inviolabilit\u00e9 garantie. Demandez les sp\u00e9cifications des m\u00e9dicaments.<\/p>","protected":false},"excerpt":{"rendered":"<table style=\"border-collapse: collapse; width: 306.02pt;\" border=\"0\" width=\"612\" cellspacing=\"0\" cellpadding=\"0\">\n<tbody>\n<tr style=\"height: 21.75pt;\">\n<td class=\"et3\" style=\"height: 21.75pt; width: 92.00pt;\" width=\"184\" height=\"43\">Capacit\u00e9 d\u00e9bordante<\/td>\n<td class=\"et3\" style=\"width: 53.50pt;\" width=\"107\">Poids<\/td>\n<td class=\"et3\" style=\"width: 53.50pt;\" width=\"107\">Finition<\/td>\n<td class=\"et3\" style=\"width: 53.50pt;\" width=\"107\">Diam\u00e8tre<\/td>\n<td class=\"et3\" style=\"width: 53.50pt;\" width=\"107\">Hauteur<\/td>\n<\/tr>\n<tr style=\"height: 21.75pt;\">\n<td class=\"et4\" style=\"height: 21.75pt;\" height=\"43\">60<\/td>\n<td class=\"et4\">75<\/td>\n<td class=\"et4\">N \/ A<\/td>\n<td class=\"et4\">35<\/td>\n<td class=\"et4\">107<\/td>\n<\/tr>\n<\/tbody>\n<\/table>","protected":false},"featured_media":6912,"comment_status":"open","ping_status":"closed","template":"","meta":{"jetpack_publicize_message":"","jetpack_publicize_feature_enabled":true,"jetpack_social_post_already_shared":true,"jetpack_social_options":{"image_generator_settings":{"template":"highway","default_image_id":0,"font":"","enabled":false},"version":2},"_wpas_customize_per_network":false},"product_brand":[1391],"product_cat":[1611,1537,1378],"product_tag":[1386],"class_list":{"0":"post-6910","1":"product","2":"type-product","3":"status-publish","4":"has-post-thumbnail","6":"product_brand-berlin-packaging","7":"product_cat-7-100ml","8":"product_cat-glass","9":"product_cat-pharmaceutical-nutraceutical","10":"product_tag-pharmaceutical-nutraceutical","12":"first","13":"outofstock","14":"shipping-taxable","15":"product-type-simple"},"exclude_global_add_ons":[],"addons":[],"jetpack_publicize_connections":[],"jetpack_sharing_enabled":true,"jetpack_likes_enabled":true,"_links":{"self":[{"href":"https:\/\/berlinpackagingapac.com\/fr\/wp-json\/wp\/v2\/product\/6910","targetHints":{"allow":["GET"]}}],"collection":[{"href":"https:\/\/berlinpackagingapac.com\/fr\/wp-json\/wp\/v2\/product"}],"about":[{"href":"https:\/\/berlinpackagingapac.com\/fr\/wp-json\/wp\/v2\/types\/product"}],"replies":[{"embeddable":true,"href":"https:\/\/berlinpackagingapac.com\/fr\/wp-json\/wp\/v2\/comments?post=6910"}],"version-history":[{"count":2,"href":"https:\/\/berlinpackagingapac.com\/fr\/wp-json\/wp\/v2\/product\/6910\/revisions"}],"predecessor-version":[{"id":6913,"href":"https:\/\/berlinpackagingapac.com\/fr\/wp-json\/wp\/v2\/product\/6910\/revisions\/6913"}],"wp:featuredmedia":[{"embeddable":true,"href":"https:\/\/berlinpackagingapac.com\/fr\/wp-json\/wp\/v2\/media\/6912"}],"wp:attachment":[{"href":"https:\/\/berlinpackagingapac.com\/fr\/wp-json\/wp\/v2\/media?parent=6910"}],"wp:term":[{"taxonomy":"product_brand","embeddable":true,"href":"https:\/\/berlinpackagingapac.com\/fr\/wp-json\/wp\/v2\/product_brand?post=6910"},{"taxonomy":"product_cat","embeddable":true,"href":"https:\/\/berlinpackagingapac.com\/fr\/wp-json\/wp\/v2\/product_cat?post=6910"},{"taxonomy":"product_tag","embeddable":true,"href":"https:\/\/berlinpackagingapac.com\/fr\/wp-json\/wp\/v2\/product_tag?post=6910"}],"curies":[{"name":"wp","href":"https:\/\/api.w.org\/{rel}","templated":true}]}}