{"id":6955,"date":"2025-07-02T12:15:59","date_gmt":"2025-07-02T04:15:59","guid":{"rendered":"https:\/\/berlinpackagingapac.com\/?post_type=product&#038;p=6955"},"modified":"2025-07-28T15:08:59","modified_gmt":"2025-07-28T07:08:59","slug":"bpb644-sp063-500-ml-pharmaceutique","status":"publish","type":"product","link":"https:\/\/berlinpackagingapac.com\/fr\/product\/bpb644-sp063-500ml-pharma\/","title":{"rendered":"BPB644, SP063-500 ml Pharma"},"content":{"rendered":"<p>Le flacon pharmaceutique BPB644 de 500 ml offre un confinement de qualit\u00e9 pharmaceutique pour les solutions liquides. Il est fabriqu\u00e9 en verre r\u00e9sistant aux produits chimiques et compatible avec les exigences de scellage par induction et d&#039;\u00e9tiquetage pharmaceutique.<\/p>","protected":false},"excerpt":{"rendered":"<table style=\"border-collapse: collapse; width: 306.02pt;\" border=\"0\" width=\"612\" cellspacing=\"0\" cellpadding=\"0\">\n<tbody>\n<tr style=\"height: 21.75pt;\">\n<td class=\"et3\" style=\"height: 21.75pt; width: 92.00pt;\" width=\"184\" height=\"43\">Capacit\u00e9 d\u00e9bordante<\/td>\n<td class=\"et3\" style=\"width: 53.50pt;\" width=\"107\">Poids<\/td>\n<td class=\"et3\" style=\"width: 53.50pt;\" width=\"107\">Finition<\/td>\n<td class=\"et3\" style=\"width: 53.50pt;\" width=\"107\">Diam\u00e8tre<\/td>\n<td class=\"et3\" style=\"width: 53.50pt;\" width=\"107\">Hauteur<\/td>\n<\/tr>\n<tr style=\"height: 21.75pt;\">\n<td class=\"et4\" style=\"height: 21.75pt;\" height=\"43\">525<\/td>\n<td class=\"et4\">500<\/td>\n<td class=\"et4\">40<\/td>\n<td class=\"et4\">85.1<\/td>\n<td class=\"et4\">165.7<\/td>\n<\/tr>\n<\/tbody>\n<\/table>","protected":false},"featured_media":6957,"comment_status":"open","ping_status":"closed","template":"","meta":{"jetpack_publicize_message":"","jetpack_publicize_feature_enabled":true,"jetpack_social_post_already_shared":true,"jetpack_social_options":{"image_generator_settings":{"template":"highway","default_image_id":0,"font":"","enabled":false},"version":2},"_wpas_customize_per_network":false},"product_brand":[1391],"product_cat":[1537,1614,1378],"product_tag":[1386],"class_list":{"0":"post-6955","1":"product","2":"type-product","3":"status-publish","4":"has-post-thumbnail","6":"product_brand-berlin-packaging","7":"product_cat-glass","8":"product_cat-others","9":"product_cat-pharmaceutical-nutraceutical","10":"product_tag-pharmaceutical-nutraceutical","12":"first","13":"outofstock","14":"shipping-taxable","15":"product-type-simple"},"exclude_global_add_ons":[],"addons":[],"jetpack_publicize_connections":[],"jetpack_sharing_enabled":true,"jetpack_likes_enabled":true,"_links":{"self":[{"href":"https:\/\/berlinpackagingapac.com\/fr\/wp-json\/wp\/v2\/product\/6955","targetHints":{"allow":["GET"]}}],"collection":[{"href":"https:\/\/berlinpackagingapac.com\/fr\/wp-json\/wp\/v2\/product"}],"about":[{"href":"https:\/\/berlinpackagingapac.com\/fr\/wp-json\/wp\/v2\/types\/product"}],"replies":[{"embeddable":true,"href":"https:\/\/berlinpackagingapac.com\/fr\/wp-json\/wp\/v2\/comments?post=6955"}],"version-history":[{"count":2,"href":"https:\/\/berlinpackagingapac.com\/fr\/wp-json\/wp\/v2\/product\/6955\/revisions"}],"predecessor-version":[{"id":6958,"href":"https:\/\/berlinpackagingapac.com\/fr\/wp-json\/wp\/v2\/product\/6955\/revisions\/6958"}],"wp:featuredmedia":[{"embeddable":true,"href":"https:\/\/berlinpackagingapac.com\/fr\/wp-json\/wp\/v2\/media\/6957"}],"wp:attachment":[{"href":"https:\/\/berlinpackagingapac.com\/fr\/wp-json\/wp\/v2\/media?parent=6955"}],"wp:term":[{"taxonomy":"product_brand","embeddable":true,"href":"https:\/\/berlinpackagingapac.com\/fr\/wp-json\/wp\/v2\/product_brand?post=6955"},{"taxonomy":"product_cat","embeddable":true,"href":"https:\/\/berlinpackagingapac.com\/fr\/wp-json\/wp\/v2\/product_cat?post=6955"},{"taxonomy":"product_tag","embeddable":true,"href":"https:\/\/berlinpackagingapac.com\/fr\/wp-json\/wp\/v2\/product_tag?post=6955"}],"curies":[{"name":"wp","href":"https:\/\/api.w.org\/{rel}","templated":true}]}}