{"id":7058,"date":"2025-07-08T16:33:09","date_gmt":"2025-07-08T08:33:09","guid":{"rendered":"https:\/\/berlinpackagingapac.com\/?post_type=product&#038;p=7058"},"modified":"2025-08-13T15:55:22","modified_gmt":"2025-08-13T07:55:22","slug":"bouteille-de-jus-de-500-ml-bpd-772","status":"publish","type":"product","link":"https:\/\/berlinpackagingapac.com\/fr\/product\/500ml-juice-bottle-bpd-772\/","title":{"rendered":"Bouteille de jus de 500 ml, BPD-772"},"content":{"rendered":"<p>La BPD-772 est une bouteille \u00e0 jus en verre transparent de 500 ml, d&#039;une capacit\u00e9 de 530 ml \u00e0 ras bord, l\u00e9g\u00e8re et robuste (250 g). Avec son col de 38 mm, son diam\u00e8tre de 71 mm et sa hauteur de 200 mm, cette bouteille offre un \u00e9quilibre parfait entre portabilit\u00e9 et contenance. Sa forme longue et \u00e9lanc\u00e9e est id\u00e9ale pour les jus press\u00e9s \u00e0 froid, les smoothies, le lait, l&#039;eau aromatis\u00e9e et autres boissons non gazeuses. Fabriqu\u00e9e en verre recyclable de qualit\u00e9 alimentaire, elle garantit la s\u00e9curit\u00e9, la fra\u00eecheur et le respect de l&#039;environnement. Sa surface lisse permet un \u00e9tiquetage int\u00e9gral ou une impression directe.<\/p>","protected":false},"excerpt":{"rendered":"<table width=\"449\">\n<tbody>\n<tr>\n<td width=\"126\">Capacit\u00e9 \u00e0 ras bord ml<\/td>\n<td width=\"60\">Poids g<\/td>\n<td width=\"120\">Finition mm<\/td>\n<td width=\"74\">Diam\u00e8tre mm<\/td>\n<td width=\"69\">Hauteur mm<\/td>\n<\/tr>\n<tr>\n<td>530<\/td>\n<td>250<\/td>\n<td>38<\/td>\n<td>\u230071<\/td>\n<td>200<\/td>\n<\/tr>\n<\/tbody>\n<\/table>","protected":false},"featured_media":7676,"comment_status":"open","ping_status":"closed","template":"","meta":{"jetpack_publicize_message":"","jetpack_publicize_feature_enabled":true,"jetpack_social_post_already_shared":true,"jetpack_social_options":{"image_generator_settings":{"template":"highway","default_image_id":0,"font":"","enabled":false},"version":2},"_wpas_customize_per_network":false},"product_brand":[1391],"product_cat":[1437,1376,1537],"product_tag":[1384],"class_list":{"0":"post-7058","1":"product","2":"type-product","3":"status-publish","4":"has-post-thumbnail","6":"product_brand-berlin-packaging","7":"product_cat-330-500ml-beverage","8":"product_cat-beverage","9":"product_cat-glass","10":"product_tag-beverage","12":"first","13":"outofstock","14":"shipping-taxable","15":"product-type-simple"},"exclude_global_add_ons":[],"addons":[],"jetpack_publicize_connections":[],"jetpack_sharing_enabled":true,"jetpack_likes_enabled":true,"_links":{"self":[{"href":"https:\/\/berlinpackagingapac.com\/fr\/wp-json\/wp\/v2\/product\/7058","targetHints":{"allow":["GET"]}}],"collection":[{"href":"https:\/\/berlinpackagingapac.com\/fr\/wp-json\/wp\/v2\/product"}],"about":[{"href":"https:\/\/berlinpackagingapac.com\/fr\/wp-json\/wp\/v2\/types\/product"}],"replies":[{"embeddable":true,"href":"https:\/\/berlinpackagingapac.com\/fr\/wp-json\/wp\/v2\/comments?post=7058"}],"version-history":[{"count":2,"href":"https:\/\/berlinpackagingapac.com\/fr\/wp-json\/wp\/v2\/product\/7058\/revisions"}],"predecessor-version":[{"id":7061,"href":"https:\/\/berlinpackagingapac.com\/fr\/wp-json\/wp\/v2\/product\/7058\/revisions\/7061"}],"wp:featuredmedia":[{"embeddable":true,"href":"https:\/\/berlinpackagingapac.com\/fr\/wp-json\/wp\/v2\/media\/7676"}],"wp:attachment":[{"href":"https:\/\/berlinpackagingapac.com\/fr\/wp-json\/wp\/v2\/media?parent=7058"}],"wp:term":[{"taxonomy":"product_brand","embeddable":true,"href":"https:\/\/berlinpackagingapac.com\/fr\/wp-json\/wp\/v2\/product_brand?post=7058"},{"taxonomy":"product_cat","embeddable":true,"href":"https:\/\/berlinpackagingapac.com\/fr\/wp-json\/wp\/v2\/product_cat?post=7058"},{"taxonomy":"product_tag","embeddable":true,"href":"https:\/\/berlinpackagingapac.com\/fr\/wp-json\/wp\/v2\/product_tag?post=7058"}],"curies":[{"name":"wp","href":"https:\/\/api.w.org\/{rel}","templated":true}]}}