{"id":7069,"date":"2025-07-08T16:48:22","date_gmt":"2025-07-08T08:48:22","guid":{"rendered":"https:\/\/berlinpackagingapac.com\/?post_type=product&#038;p=7069"},"modified":"2025-07-08T16:48:22","modified_gmt":"2025-07-08T08:48:22","slug":"bouteille-de-jus-de-10-oz-bp2139","status":"publish","type":"product","link":"https:\/\/berlinpackagingapac.com\/fr\/product\/10-oz-juice-bottle-bp2139\/","title":{"rendered":"Bouteille de jus de 10 oz, BP2139"},"content":{"rendered":"<p>La BP2139 est une bouteille \u00e0 jus en verre transparent de 28 cl, d&#039;une capacit\u00e9 de 320 ml \u00e0 ras bord et d&#039;un poids de 210 g. Dot\u00e9e d&#039;un col de 38 mm, d&#039;un diam\u00e8tre de 55,7 mm et d&#039;une hauteur fine et g\u00e9n\u00e9reuse de 186,95 mm, cette bouteille est id\u00e9ale pour les jus press\u00e9s \u00e0 froid, les smoothies, les th\u00e9s et les boissons aromatis\u00e9es. Sa forme cylindrique \u00e9l\u00e9gante assure une excellente visibilit\u00e9 en rayon. Fabriqu\u00e9e en verre alimentaire de haute qualit\u00e9, cette bouteille est une solution durable et \u00e9l\u00e9gante pour les marques de boissons \u00e0 la recherche d&#039;un emballage \u00e9co-responsable.<\/p>","protected":false},"excerpt":{"rendered":"<table width=\"449\">\n<tbody>\n<tr>\n<td width=\"126\">Capacit\u00e9 \u00e0 ras bord ml<\/td>\n<td width=\"60\">Poids g<\/td>\n<td width=\"120\">Finition mm<\/td>\n<td width=\"74\">Diam\u00e8tre mm<\/td>\n<td width=\"69\">Hauteur mm<\/td>\n<\/tr>\n<tr>\n<td>320<\/td>\n<td>210<\/td>\n<td>38<\/td>\n<td>\u230055,7<\/td>\n<td>186.95<\/td>\n<\/tr>\n<\/tbody>\n<\/table>","protected":false},"featured_media":7071,"comment_status":"open","ping_status":"closed","template":"","meta":{"jetpack_publicize_message":"","jetpack_publicize_feature_enabled":true,"jetpack_social_post_already_shared":true,"jetpack_social_options":{"image_generator_settings":{"template":"highway","default_image_id":0,"font":"","enabled":false},"version":2},"_wpas_customize_per_network":false},"product_brand":[1391],"product_cat":[1436,1376,1537],"product_tag":[1384],"class_list":{"0":"post-7069","1":"product","2":"type-product","3":"status-publish","4":"has-post-thumbnail","6":"product_brand-berlin-packaging","7":"product_cat-100-330ml-beverage","8":"product_cat-beverage","9":"product_cat-glass","10":"product_tag-beverage","12":"first","13":"outofstock","14":"shipping-taxable","15":"product-type-simple"},"exclude_global_add_ons":[],"addons":[],"jetpack_publicize_connections":[],"jetpack_sharing_enabled":true,"jetpack_likes_enabled":true,"_links":{"self":[{"href":"https:\/\/berlinpackagingapac.com\/fr\/wp-json\/wp\/v2\/product\/7069","targetHints":{"allow":["GET"]}}],"collection":[{"href":"https:\/\/berlinpackagingapac.com\/fr\/wp-json\/wp\/v2\/product"}],"about":[{"href":"https:\/\/berlinpackagingapac.com\/fr\/wp-json\/wp\/v2\/types\/product"}],"replies":[{"embeddable":true,"href":"https:\/\/berlinpackagingapac.com\/fr\/wp-json\/wp\/v2\/comments?post=7069"}],"version-history":[{"count":2,"href":"https:\/\/berlinpackagingapac.com\/fr\/wp-json\/wp\/v2\/product\/7069\/revisions"}],"predecessor-version":[{"id":7072,"href":"https:\/\/berlinpackagingapac.com\/fr\/wp-json\/wp\/v2\/product\/7069\/revisions\/7072"}],"wp:featuredmedia":[{"embeddable":true,"href":"https:\/\/berlinpackagingapac.com\/fr\/wp-json\/wp\/v2\/media\/7071"}],"wp:attachment":[{"href":"https:\/\/berlinpackagingapac.com\/fr\/wp-json\/wp\/v2\/media?parent=7069"}],"wp:term":[{"taxonomy":"product_brand","embeddable":true,"href":"https:\/\/berlinpackagingapac.com\/fr\/wp-json\/wp\/v2\/product_brand?post=7069"},{"taxonomy":"product_cat","embeddable":true,"href":"https:\/\/berlinpackagingapac.com\/fr\/wp-json\/wp\/v2\/product_cat?post=7069"},{"taxonomy":"product_tag","embeddable":true,"href":"https:\/\/berlinpackagingapac.com\/fr\/wp-json\/wp\/v2\/product_tag?post=7069"}],"curies":[{"name":"wp","href":"https:\/\/api.w.org\/{rel}","templated":true}]}}