{"id":7693,"date":"2025-08-14T14:04:33","date_gmt":"2025-08-14T06:04:33","guid":{"rendered":"https:\/\/berlinpackagingapac.com\/?post_type=product&#038;p=7693"},"modified":"2025-08-14T14:17:10","modified_gmt":"2025-08-14T06:17:10","slug":"pompe-a-mousse-etanche","status":"publish","type":"product","link":"https:\/\/berlinpackagingapac.com\/fr\/product\/waterproof-foam-pump\/","title":{"rendered":"Pompe \u00e0 mousse \u00e9tanche"},"content":{"rendered":"<p>Application : d\u00e9sinfectant pour les mains, nettoyant pour le visage, etc.<br \/>\nEnti\u00e8rement \u00e9tanche \u00e0 l&#039;eau et \u00e0 la poussi\u00e8re.<br \/>\nLa composition de la pompe non toxique est conforme aux normes internationales.<\/p>","protected":false},"excerpt":{"rendered":"<p>Dosage : 0,8 \u00b1 0,15 ml<br \/>\nAmor\u00e7age de la pompe : 3-4 pressions<\/p>","protected":false},"featured_media":7695,"comment_status":"open","ping_status":"closed","template":"","meta":{"jetpack_post_was_ever_published":false,"jetpack_publicize_message":"","jetpack_publicize_feature_enabled":true,"jetpack_social_post_already_shared":true,"jetpack_social_options":{"image_generator_settings":{"template":"highway","default_image_id":0,"font":"","enabled":false},"version":2},"_wpas_customize_per_network":false},"product_brand":[1391],"product_cat":[1445,1538,1471],"product_tag":[1494],"class_list":{"0":"post-7693","1":"product","2":"type-product","3":"status-publish","4":"has-post-thumbnail","6":"product_brand-berlin-packaging","7":"product_cat-closure","8":"product_cat-plastic","9":"product_cat-pump-closure","10":"product_tag-closure","12":"first","13":"outofstock","14":"shipping-taxable","15":"product-type-simple"},"exclude_global_add_ons":[],"addons":[],"jetpack_publicize_connections":[],"jetpack_sharing_enabled":true,"jetpack_likes_enabled":true,"_links":{"self":[{"href":"https:\/\/berlinpackagingapac.com\/fr\/wp-json\/wp\/v2\/product\/7693","targetHints":{"allow":["GET"]}}],"collection":[{"href":"https:\/\/berlinpackagingapac.com\/fr\/wp-json\/wp\/v2\/product"}],"about":[{"href":"https:\/\/berlinpackagingapac.com\/fr\/wp-json\/wp\/v2\/types\/product"}],"replies":[{"embeddable":true,"href":"https:\/\/berlinpackagingapac.com\/fr\/wp-json\/wp\/v2\/comments?post=7693"}],"version-history":[{"count":2,"href":"https:\/\/berlinpackagingapac.com\/fr\/wp-json\/wp\/v2\/product\/7693\/revisions"}],"predecessor-version":[{"id":7696,"href":"https:\/\/berlinpackagingapac.com\/fr\/wp-json\/wp\/v2\/product\/7693\/revisions\/7696"}],"wp:featuredmedia":[{"embeddable":true,"href":"https:\/\/berlinpackagingapac.com\/fr\/wp-json\/wp\/v2\/media\/7695"}],"wp:attachment":[{"href":"https:\/\/berlinpackagingapac.com\/fr\/wp-json\/wp\/v2\/media?parent=7693"}],"wp:term":[{"taxonomy":"product_brand","embeddable":true,"href":"https:\/\/berlinpackagingapac.com\/fr\/wp-json\/wp\/v2\/product_brand?post=7693"},{"taxonomy":"product_cat","embeddable":true,"href":"https:\/\/berlinpackagingapac.com\/fr\/wp-json\/wp\/v2\/product_cat?post=7693"},{"taxonomy":"product_tag","embeddable":true,"href":"https:\/\/berlinpackagingapac.com\/fr\/wp-json\/wp\/v2\/product_tag?post=7693"}],"curies":[{"name":"wp","href":"https:\/\/api.w.org\/{rel}","templated":true}]}}