{"id":7934,"date":"2025-08-20T14:57:55","date_gmt":"2025-08-20T06:57:55","guid":{"rendered":"https:\/\/berlinpackagingapac.com\/?post_type=product&#038;p=7934"},"modified":"2025-08-20T14:57:55","modified_gmt":"2025-08-20T06:57:55","slug":"flacons-de-vernis-a-ongles-en-verre-16-ml-15-415-finish-bpdh-91a","status":"publish","type":"product","link":"https:\/\/berlinpackagingapac.com\/fr\/product\/16ml-15-415-finish-nail-polish-bottles-glass-bpdh-91a\/","title":{"rendered":"Flacons de vernis \u00e0 ongles en verre, 16 ml, finition 15\/415, BPDH-91A"},"content":{"rendered":"<p>Mat\u00e9riaux : verre<br \/>\nStyles : vintage, mignon et personnalis\u00e9<br \/>\nFormes : carr\u00e9, rond, rectangle, en forme de c\u0153ur, en forme de rose et en forme de cr\u00e2ne<br \/>\nTypes de pinceaux : plats, ronds, \u00e9ventails, \u00e0 palette et personnalis\u00e9s<br \/>\nTailles : du mini 5 ml au standard 10 ~ 15 ml et plus de 20 ml en grande taille<br \/>\nAccessoires : bouchons, pinceaux et bo\u00eetes d&#039;emballage<\/p>\n<p>Chez Berlin Packaging, nos flacons de vernis \u00e0 ongles allient cr\u00e9ativit\u00e9 et savoir-faire artisanal. Nous proposons des options enti\u00e8rement personnalisables\u00a0: choisissez parmi une grande vari\u00e9t\u00e9 de formes, de tailles, de mat\u00e9riaux, de couleurs et de types de pinceaux pour refl\u00e9ter l&#039;identit\u00e9 de votre marque. Nous proposons \u00e9galement des traitements secondaires avanc\u00e9s, comme la galvanoplastie, des finitions mates ou givr\u00e9es, et l&#039;impression de logos de pr\u00e9cision.<\/p>\n<p>Visez une \u00e9l\u00e9gance minimaliste ou un design unique et de collection, nos bouteilles sont livr\u00e9es avec un traitement en profondeur de niveau expert pour offrir \u00e0 la fois une beaut\u00e9 esth\u00e9tique et une durabilit\u00e9 fonctionnelle.<\/p>","protected":false},"excerpt":{"rendered":"<table width=\"559\">\n<tbody>\n<tr>\n<td width=\"126\">Capacit\u00e9 ml<\/td>\n<td width=\"91\">Poids g<\/td>\n<td width=\"120\">Finition mm<\/td>\n<td width=\"111\">Diam\u00e8tre mm<\/td>\n<td width=\"111\">Hauteur mm<\/td>\n<\/tr>\n<tr>\n<td>16<\/td>\n<td>36<\/td>\n<td>15\/415<\/td>\n<td>\u230032,2<\/td>\n<td>52<\/td>\n<\/tr>\n<\/tbody>\n<\/table>","protected":false},"featured_media":7936,"comment_status":"open","ping_status":"closed","template":"","meta":{"jetpack_publicize_message":"","jetpack_publicize_feature_enabled":true,"jetpack_social_post_already_shared":true,"jetpack_social_options":{"image_generator_settings":{"template":"highway","default_image_id":0,"font":"","enabled":false},"version":2},"_wpas_customize_per_network":false},"product_brand":[1391],"product_cat":[1537,1377,1623],"product_tag":[1385],"class_list":{"0":"post-7934","1":"product","2":"type-product","3":"status-publish","4":"has-post-thumbnail","6":"product_brand-berlin-packaging","7":"product_cat-glass","8":"product_cat-cosmetics-personal-care","9":"product_cat-nail-polish-bottles","10":"product_tag-cosmetics-personal-care","12":"first","13":"outofstock","14":"shipping-taxable","15":"product-type-simple"},"exclude_global_add_ons":[],"addons":[],"jetpack_publicize_connections":[],"jetpack_sharing_enabled":true,"jetpack_likes_enabled":true,"_links":{"self":[{"href":"https:\/\/berlinpackagingapac.com\/fr\/wp-json\/wp\/v2\/product\/7934","targetHints":{"allow":["GET"]}}],"collection":[{"href":"https:\/\/berlinpackagingapac.com\/fr\/wp-json\/wp\/v2\/product"}],"about":[{"href":"https:\/\/berlinpackagingapac.com\/fr\/wp-json\/wp\/v2\/types\/product"}],"replies":[{"embeddable":true,"href":"https:\/\/berlinpackagingapac.com\/fr\/wp-json\/wp\/v2\/comments?post=7934"}],"version-history":[{"count":2,"href":"https:\/\/berlinpackagingapac.com\/fr\/wp-json\/wp\/v2\/product\/7934\/revisions"}],"predecessor-version":[{"id":7940,"href":"https:\/\/berlinpackagingapac.com\/fr\/wp-json\/wp\/v2\/product\/7934\/revisions\/7940"}],"wp:featuredmedia":[{"embeddable":true,"href":"https:\/\/berlinpackagingapac.com\/fr\/wp-json\/wp\/v2\/media\/7936"}],"wp:attachment":[{"href":"https:\/\/berlinpackagingapac.com\/fr\/wp-json\/wp\/v2\/media?parent=7934"}],"wp:term":[{"taxonomy":"product_brand","embeddable":true,"href":"https:\/\/berlinpackagingapac.com\/fr\/wp-json\/wp\/v2\/product_brand?post=7934"},{"taxonomy":"product_cat","embeddable":true,"href":"https:\/\/berlinpackagingapac.com\/fr\/wp-json\/wp\/v2\/product_cat?post=7934"},{"taxonomy":"product_tag","embeddable":true,"href":"https:\/\/berlinpackagingapac.com\/fr\/wp-json\/wp\/v2\/product_tag?post=7934"}],"curies":[{"name":"wp","href":"https:\/\/api.w.org\/{rel}","templated":true}]}}