{"id":8009,"date":"2025-08-21T14:45:53","date_gmt":"2025-08-21T06:45:53","guid":{"rendered":"https:\/\/berlinpackagingapac.com\/?post_type=product&#038;p=8009"},"modified":"2025-08-21T14:45:53","modified_gmt":"2025-08-21T06:45:53","slug":"pulverisateur-a-brouillard-bpp02-a24-410a","status":"publish","type":"product","link":"https:\/\/berlinpackagingapac.com\/fr\/product\/mist-sprayer-bpp02-a24-410a\/","title":{"rendered":"Pulv\u00e9risateur \u00e0 brouillard BPP02-A24\/410A"},"content":{"rendered":"<p>Notre pulv\u00e9risateur de brume offre un jet de brume fin et uniforme, ce qui le rend parfait pour des applications telles que les parfums, les toniques, les d\u00e9sinfectants et autres produits liquides.<\/p>\n<p>Finition du manche : \u03c618 (18\/410), \u03c620 (20\/410), \u03c622 (22\/415), \u03c624 (24\/410), \u03c624 (24\/415)<br \/>\nType de brume : pulv\u00e9risation fine pour une couverture uniforme<br \/>\nMat\u00e9riau : Plastique durable, sans danger pour les produits cosm\u00e9tiques et de soins personnels<br \/>\nApplications : Soins de la peau, soins capillaires, solutions de nettoyage, sprays d&#039;ambiance, etc.<br \/>\nCaract\u00e9ristiques : Conception \u00e9tanche, t\u00eate de presse ergonomique, couleurs et finitions personnalisables<br \/>\nDes options de d\u00e9coration personnalis\u00e9es telles que le rev\u00eatement de couleur, la m\u00e9tallisation et la s\u00e9rigraphie sont disponibles pour am\u00e9liorer l&#039;image de votre marque.<\/p>","protected":false},"excerpt":{"rendered":"<p>Finition du manche : \u03c624 (24\/410)<br \/>\nD\u00e9bit : 0,18 \u00b1 0,04 ml par course<br \/>\nVerrouillage : personnalisable<br \/>\nCouleur : Personnalisable<br \/>\nMat\u00e9riau : PP, PE, ressort en acier inoxydable ou mat\u00e9riau mono<br \/>\nApplications : Cosm\u00e9tiques, soins de la peau, solutions de nettoyage, soins capillaires, parfums<\/p>","protected":false},"featured_media":8011,"comment_status":"open","ping_status":"closed","template":"","meta":{"jetpack_post_was_ever_published":false,"jetpack_publicize_message":"","jetpack_publicize_feature_enabled":true,"jetpack_social_post_already_shared":true,"jetpack_social_options":{"image_generator_settings":{"template":"highway","default_image_id":0,"font":"","enabled":false},"version":2},"_wpas_customize_per_network":false},"product_brand":[1391],"product_cat":[1538,1445,1472],"product_tag":[1494],"class_list":{"0":"post-8009","1":"product","2":"type-product","3":"status-publish","4":"has-post-thumbnail","6":"product_brand-berlin-packaging","7":"product_cat-plastic","8":"product_cat-closure","9":"product_cat-mist-sprayer","10":"product_tag-closure","12":"first","13":"outofstock","14":"shipping-taxable","15":"product-type-simple"},"exclude_global_add_ons":[],"addons":[],"jetpack_publicize_connections":[],"jetpack_sharing_enabled":true,"jetpack_likes_enabled":true,"_links":{"self":[{"href":"https:\/\/berlinpackagingapac.com\/fr\/wp-json\/wp\/v2\/product\/8009","targetHints":{"allow":["GET"]}}],"collection":[{"href":"https:\/\/berlinpackagingapac.com\/fr\/wp-json\/wp\/v2\/product"}],"about":[{"href":"https:\/\/berlinpackagingapac.com\/fr\/wp-json\/wp\/v2\/types\/product"}],"replies":[{"embeddable":true,"href":"https:\/\/berlinpackagingapac.com\/fr\/wp-json\/wp\/v2\/comments?post=8009"}],"version-history":[{"count":3,"href":"https:\/\/berlinpackagingapac.com\/fr\/wp-json\/wp\/v2\/product\/8009\/revisions"}],"predecessor-version":[{"id":8013,"href":"https:\/\/berlinpackagingapac.com\/fr\/wp-json\/wp\/v2\/product\/8009\/revisions\/8013"}],"wp:featuredmedia":[{"embeddable":true,"href":"https:\/\/berlinpackagingapac.com\/fr\/wp-json\/wp\/v2\/media\/8011"}],"wp:attachment":[{"href":"https:\/\/berlinpackagingapac.com\/fr\/wp-json\/wp\/v2\/media?parent=8009"}],"wp:term":[{"taxonomy":"product_brand","embeddable":true,"href":"https:\/\/berlinpackagingapac.com\/fr\/wp-json\/wp\/v2\/product_brand?post=8009"},{"taxonomy":"product_cat","embeddable":true,"href":"https:\/\/berlinpackagingapac.com\/fr\/wp-json\/wp\/v2\/product_cat?post=8009"},{"taxonomy":"product_tag","embeddable":true,"href":"https:\/\/berlinpackagingapac.com\/fr\/wp-json\/wp\/v2\/product_tag?post=8009"}],"curies":[{"name":"wp","href":"https:\/\/api.w.org\/{rel}","templated":true}]}}