{"id":8543,"date":"2025-10-23T12:21:43","date_gmt":"2025-10-23T04:21:43","guid":{"rendered":"https:\/\/berlinpackagingapac.com\/?post_type=product&#038;p=8543"},"modified":"2025-10-23T12:21:43","modified_gmt":"2025-10-23T04:21:43","slug":"etui-a-fond-de-teint-pour-cosmetique-bpmu140301","status":"publish","type":"product","link":"https:\/\/berlinpackagingapac.com\/fr\/product\/foundation-case-for-cosmetic-bpmu140301\/","title":{"rendered":"\u00c9tui \u00e0 fond de teint pour cosm\u00e9tiques BPMU140301"},"content":{"rendered":"<p data-start=\"456\" data-end=\"751\">La trousse de maquillage Foundation Case allie praticit\u00e9 et esth\u00e9tique, offrant un design \u00e9l\u00e9gant qui met en valeur n&#039;importe quelle collection de maquillage.<br data-start=\"591\" data-end=\"594\" \/>Sa construction l\u00e9g\u00e8re, son ouverture \u00e0 charni\u00e8re douce et son couvercle transparent raffin\u00e9 en font un choix id\u00e9al pour un emballage de poudre compacte ou de fond de teint press\u00e9.<\/p>\n<p data-start=\"753\" data-end=\"768\"><strong data-start=\"753\" data-end=\"766\">Caract\u00e9ristiques:<\/strong><\/p>\n<ul data-start=\"769\" data-end=\"1201\">\n<li data-start=\"769\" data-end=\"855\">\n<p data-start=\"771\" data-end=\"855\">Id\u00e9al pour le fond de teint, le blush, la poudre compacte ou les produits illuminateurs<\/p>\n<\/li>\n<li data-start=\"856\" data-end=\"927\">\n<p data-start=\"858\" data-end=\"927\">Couvercle transparent pour une visibilit\u00e9 optimale et une pr\u00e9sentation \u00e9l\u00e9gante<\/p>\n<\/li>\n<li data-start=\"928\" data-end=\"980\">\n<p data-start=\"930\" data-end=\"980\">M\u00e9canisme de charni\u00e8re lisse pour une utilisation quotidienne durable<\/p>\n<\/li>\n<li data-start=\"981\" data-end=\"1016\">\n<p data-start=\"983\" data-end=\"1016\">Conception compacte et adapt\u00e9e aux voyages<\/p>\n<\/li>\n<li data-start=\"1017\" data-end=\"1136\">\n<p data-start=\"1019\" data-end=\"1136\">Disponible pour la couleur personnalis\u00e9e, l&#039;impression de logo et la d\u00e9coration de surface (s\u00e9rigraphie, marquage \u00e0 chaud, rev\u00eatement UV, etc.)<\/p>\n<\/li>\n<li data-start=\"1137\" data-end=\"1201\">\n<p data-start=\"1139\" data-end=\"1201\">\u00c9quilibre parfait entre fonctionnalit\u00e9 et style pour les marques de beaut\u00e9<\/p>\n<\/li>\n<\/ul>","protected":false},"excerpt":{"rendered":"<p>Bo\u00eetier compact \u00e9l\u00e9gant con\u00e7u pour les fonds de teint compacts, les blushs et les poudres. Son couvercle transparent met en valeur votre marque et votre formule, pour un look \u00e9pur\u00e9 et moderne.<\/p>","protected":false},"featured_media":8546,"comment_status":"open","ping_status":"closed","template":"","meta":{"jetpack_publicize_message":"","jetpack_publicize_feature_enabled":true,"jetpack_social_post_already_shared":true,"jetpack_social_options":{"image_generator_settings":{"template":"highway","default_image_id":0,"font":"","enabled":false},"version":2},"_wpas_customize_per_network":false},"product_brand":[1391],"product_cat":[1538,1377,1631],"product_tag":[1385],"class_list":{"0":"post-8543","1":"product","2":"type-product","3":"status-publish","4":"has-post-thumbnail","6":"product_brand-berlin-packaging","7":"product_cat-plastic","8":"product_cat-cosmetics-personal-care","9":"product_cat-make-up","10":"product_tag-cosmetics-personal-care","12":"first","13":"outofstock","14":"shipping-taxable","15":"product-type-simple"},"exclude_global_add_ons":[],"addons":[],"jetpack_publicize_connections":[],"jetpack_sharing_enabled":true,"jetpack_likes_enabled":true,"_links":{"self":[{"href":"https:\/\/berlinpackagingapac.com\/fr\/wp-json\/wp\/v2\/product\/8543","targetHints":{"allow":["GET"]}}],"collection":[{"href":"https:\/\/berlinpackagingapac.com\/fr\/wp-json\/wp\/v2\/product"}],"about":[{"href":"https:\/\/berlinpackagingapac.com\/fr\/wp-json\/wp\/v2\/types\/product"}],"replies":[{"embeddable":true,"href":"https:\/\/berlinpackagingapac.com\/fr\/wp-json\/wp\/v2\/comments?post=8543"}],"version-history":[{"count":3,"href":"https:\/\/berlinpackagingapac.com\/fr\/wp-json\/wp\/v2\/product\/8543\/revisions"}],"predecessor-version":[{"id":8547,"href":"https:\/\/berlinpackagingapac.com\/fr\/wp-json\/wp\/v2\/product\/8543\/revisions\/8547"}],"wp:featuredmedia":[{"embeddable":true,"href":"https:\/\/berlinpackagingapac.com\/fr\/wp-json\/wp\/v2\/media\/8546"}],"wp:attachment":[{"href":"https:\/\/berlinpackagingapac.com\/fr\/wp-json\/wp\/v2\/media?parent=8543"}],"wp:term":[{"taxonomy":"product_brand","embeddable":true,"href":"https:\/\/berlinpackagingapac.com\/fr\/wp-json\/wp\/v2\/product_brand?post=8543"},{"taxonomy":"product_cat","embeddable":true,"href":"https:\/\/berlinpackagingapac.com\/fr\/wp-json\/wp\/v2\/product_cat?post=8543"},{"taxonomy":"product_tag","embeddable":true,"href":"https:\/\/berlinpackagingapac.com\/fr\/wp-json\/wp\/v2\/product_tag?post=8543"}],"curies":[{"name":"wp","href":"https:\/\/api.w.org\/{rel}","templated":true}]}}