{"id":3651,"date":"2025-05-21T12:17:50","date_gmt":"2025-05-21T04:17:50","guid":{"rendered":"https:\/\/berlinpackagingapac.com\/?post_type=product&#038;p=3651"},"modified":"2025-07-16T10:45:39","modified_gmt":"2025-07-16T02:45:39","slug":"375ml-wine-bottle-bpb-639","status":"publish","type":"product","link":"https:\/\/berlinpackagingapac.com\/tr\/product\/375ml-wine-bottle-bpb-639\/","title":{"rendered":"375 ml \u015earap \u015ei\u015fesi, BPB-639"},"content":{"rendered":"<p><span class=\"_fadeIn_m1hgl_8\">Bu <\/span><span class=\"_fadeIn_m1hgl_8\">375 ml <\/span><span class=\"_fadeIn_m1hgl_8\">wine <\/span><span class=\"_fadeIn_m1hgl_8\">\u015fi\u015fe <\/span><span class=\"_fadeIn_m1hgl_8\">features <\/span><span class=\"_fadeIn_m1hgl_8\">a <\/span><span class=\"_fadeIn_m1hgl_8\">classic <\/span><span class=\"_fadeIn_m1hgl_8\">silhouette <\/span><span class=\"_fadeIn_m1hgl_8\">with <\/span><span class=\"_fadeIn_m1hgl_8\">a <\/span><span class=\"_fadeIn_m1hgl_8\">deep <\/span><span class=\"_fadeIn_m1hgl_8\">punt <\/span><span class=\"_fadeIn_m1hgl_8\">i\u00e7in <\/span><span class=\"_fadeIn_m1hgl_8\">added <\/span><span class=\"_fadeIn_m1hgl_8\">strength <\/span><span class=\"_fadeIn_m1hgl_8\">Ve <\/span><span class=\"_fadeIn_m1hgl_8\">elegance. <\/span><span class=\"_fadeIn_m1hgl_8\">Ideal <\/span><span class=\"_fadeIn_m1hgl_8\">i\u00e7in <\/span><span class=\"_fadeIn_m1hgl_8\">premium <\/span><span class=\"_fadeIn_m1hgl_8\">wines, <\/span><span class=\"_fadeIn_m1hgl_8\">dessert <\/span><span class=\"_fadeIn_m1hgl_8\">wines, <\/span><span class=\"_fadeIn_m1hgl_8\">or <\/span><span class=\"_fadeIn_m1hgl_8\">tasting <\/span><span class=\"_fadeIn_m1hgl_8\">portions, <\/span><span class=\"_fadeIn_m1hgl_8\">its <\/span><span class=\"_fadeIn_m1hgl_8\">clear <\/span><span class=\"_fadeIn_m1hgl_8\">bardak <\/span><span class=\"_fadeIn_m1hgl_8\">showcases <\/span><span class=\"_fadeIn_m1hgl_8\">o <\/span><span class=\"_fadeIn_m1hgl_8\">product <\/span><span class=\"_fadeIn_m1hgl_8\">beautifully <\/span><span class=\"_fadeIn_m1hgl_8\">Ve <\/span><span class=\"_fadeIn_m1hgl_8\">pairs <\/span><span class=\"_fadeIn_m1hgl_8\">well <\/span><span class=\"_fadeIn_m1hgl_8\">with <\/span><span class=\"_fadeIn_m1hgl_8\">standard <\/span><span class=\"_fadeIn_m1hgl_8\">closures.<\/span><\/p>","protected":false},"excerpt":{"rendered":"<p>Brimful Capacity: 390ml<br \/>\nWeight: 430g<br \/>\nFinish: NA<br \/>\nDiameter: 68.3mm<br \/>\nHeight: 244.4mm<\/p>","protected":false},"featured_media":3653,"comment_status":"open","ping_status":"closed","template":"","meta":{"jetpack_publicize_message":"","jetpack_publicize_feature_enabled":true,"jetpack_social_post_already_shared":true,"jetpack_social_options":{"image_generator_settings":{"template":"highway","default_image_id":0,"font":"","enabled":false},"version":2},"_wpas_customize_per_network":false},"product_brand":[1391],"product_cat":[1381,1457,1537],"product_tag":[1482],"class_list":{"0":"post-3651","1":"product","2":"type-product","3":"status-publish","4":"has-post-thumbnail","6":"product_brand-berlin-packaging","7":"product_cat-wine-bottles","8":"product_cat-375ml-wine","9":"product_cat-glass","10":"product_tag-wine","12":"first","13":"outofstock","14":"shipping-taxable","15":"product-type-simple"},"exclude_global_add_ons":[],"addons":[],"jetpack_publicize_connections":[],"jetpack_sharing_enabled":true,"jetpack_likes_enabled":true,"_links":{"self":[{"href":"https:\/\/berlinpackagingapac.com\/tr\/wp-json\/wp\/v2\/product\/3651","targetHints":{"allow":["GET"]}}],"collection":[{"href":"https:\/\/berlinpackagingapac.com\/tr\/wp-json\/wp\/v2\/product"}],"about":[{"href":"https:\/\/berlinpackagingapac.com\/tr\/wp-json\/wp\/v2\/types\/product"}],"replies":[{"embeddable":true,"href":"https:\/\/berlinpackagingapac.com\/tr\/wp-json\/wp\/v2\/comments?post=3651"}],"version-history":[{"count":2,"href":"https:\/\/berlinpackagingapac.com\/tr\/wp-json\/wp\/v2\/product\/3651\/revisions"}],"predecessor-version":[{"id":3654,"href":"https:\/\/berlinpackagingapac.com\/tr\/wp-json\/wp\/v2\/product\/3651\/revisions\/3654"}],"wp:featuredmedia":[{"embeddable":true,"href":"https:\/\/berlinpackagingapac.com\/tr\/wp-json\/wp\/v2\/media\/3653"}],"wp:attachment":[{"href":"https:\/\/berlinpackagingapac.com\/tr\/wp-json\/wp\/v2\/media?parent=3651"}],"wp:term":[{"taxonomy":"product_brand","embeddable":true,"href":"https:\/\/berlinpackagingapac.com\/tr\/wp-json\/wp\/v2\/product_brand?post=3651"},{"taxonomy":"product_cat","embeddable":true,"href":"https:\/\/berlinpackagingapac.com\/tr\/wp-json\/wp\/v2\/product_cat?post=3651"},{"taxonomy":"product_tag","embeddable":true,"href":"https:\/\/berlinpackagingapac.com\/tr\/wp-json\/wp\/v2\/product_tag?post=3651"}],"curies":[{"name":"wp","href":"https:\/\/api.w.org\/{rel}","templated":true}]}}