{"id":3709,"date":"2025-05-21T14:53:57","date_gmt":"2025-05-21T06:53:57","guid":{"rendered":"https:\/\/berlinpackagingapac.com\/?post_type=product&#038;p=3709"},"modified":"2025-07-16T10:45:47","modified_gmt":"2025-07-16T02:45:47","slug":"375ml-bordeaux-bottle-bp2656","status":"publish","type":"product","link":"https:\/\/berlinpackagingapac.com\/tr\/product\/375ml-bordeaux-bottle-bp2656\/","title":{"rendered":"375 ml Bordeaux \u015ei\u015fesi, BP2656"},"content":{"rendered":"<p>The 375ml Bordeaux Bottle (BP2656) features a classic straight-sided shape with a deep punt, offering a premium look and added strength. Ideal for red and white wines, dessert wines, or limited-edition releases. Crafted from high-quality clear glass to showcase the color and clarity of your product, and compatible with standard cork closures.<\/p>","protected":false},"excerpt":{"rendered":"<table width=\"617\">\n<tbody>\n<tr>\n<td width=\"110\">Tam Kapasite<\/td>\n<td width=\"110\">A\u011f\u0131rl\u0131k<\/td>\n<td width=\"177\">Sona ermek<\/td>\n<td width=\"110\">\u00c7ap<\/td>\n<td width=\"110\">Y\u00fckseklik<\/td>\n<\/tr>\n<tr>\n<td>395<\/td>\n<td>340<\/td>\n<td>cork<\/td>\n<td>60.5<\/td>\n<td>255<\/td>\n<\/tr>\n<\/tbody>\n<\/table>","protected":false},"featured_media":3711,"comment_status":"open","ping_status":"closed","template":"","meta":{"jetpack_publicize_message":"","jetpack_publicize_feature_enabled":true,"jetpack_social_post_already_shared":true,"jetpack_social_options":{"image_generator_settings":{"template":"highway","default_image_id":0,"font":"","enabled":false},"version":2},"_wpas_customize_per_network":false},"product_brand":[1391],"product_cat":[1381,1457,1537],"product_tag":[1482],"class_list":{"0":"post-3709","1":"product","2":"type-product","3":"status-publish","4":"has-post-thumbnail","6":"product_brand-berlin-packaging","7":"product_cat-wine-bottles","8":"product_cat-375ml-wine","9":"product_cat-glass","10":"product_tag-wine","12":"first","13":"outofstock","14":"shipping-taxable","15":"product-type-simple"},"exclude_global_add_ons":[],"addons":[],"jetpack_publicize_connections":[],"jetpack_sharing_enabled":true,"jetpack_likes_enabled":true,"_links":{"self":[{"href":"https:\/\/berlinpackagingapac.com\/tr\/wp-json\/wp\/v2\/product\/3709","targetHints":{"allow":["GET"]}}],"collection":[{"href":"https:\/\/berlinpackagingapac.com\/tr\/wp-json\/wp\/v2\/product"}],"about":[{"href":"https:\/\/berlinpackagingapac.com\/tr\/wp-json\/wp\/v2\/types\/product"}],"replies":[{"embeddable":true,"href":"https:\/\/berlinpackagingapac.com\/tr\/wp-json\/wp\/v2\/comments?post=3709"}],"version-history":[{"count":2,"href":"https:\/\/berlinpackagingapac.com\/tr\/wp-json\/wp\/v2\/product\/3709\/revisions"}],"predecessor-version":[{"id":3712,"href":"https:\/\/berlinpackagingapac.com\/tr\/wp-json\/wp\/v2\/product\/3709\/revisions\/3712"}],"wp:featuredmedia":[{"embeddable":true,"href":"https:\/\/berlinpackagingapac.com\/tr\/wp-json\/wp\/v2\/media\/3711"}],"wp:attachment":[{"href":"https:\/\/berlinpackagingapac.com\/tr\/wp-json\/wp\/v2\/media?parent=3709"}],"wp:term":[{"taxonomy":"product_brand","embeddable":true,"href":"https:\/\/berlinpackagingapac.com\/tr\/wp-json\/wp\/v2\/product_brand?post=3709"},{"taxonomy":"product_cat","embeddable":true,"href":"https:\/\/berlinpackagingapac.com\/tr\/wp-json\/wp\/v2\/product_cat?post=3709"},{"taxonomy":"product_tag","embeddable":true,"href":"https:\/\/berlinpackagingapac.com\/tr\/wp-json\/wp\/v2\/product_tag?post=3709"}],"curies":[{"name":"wp","href":"https:\/\/api.w.org\/{rel}","templated":true}]}}