{"id":3784,"date":"2025-05-21T16:25:52","date_gmt":"2025-05-21T08:25:52","guid":{"rendered":"https:\/\/berlinpackagingapac.com\/?post_type=product&#038;p=3784"},"modified":"2025-07-28T15:29:29","modified_gmt":"2025-07-28T07:29:29","slug":"50-ml-enerji-icecegi-sisesi-bp50zkt","status":"publish","type":"product","link":"https:\/\/berlinpackagingapac.com\/tr\/product\/50ml-energy-drink-bottle-bp50zkt\/","title":{"rendered":"50 ml Enerji \u0130\u00e7ece\u011fi \u015ei\u015fesi, BP50ZKT"},"content":{"rendered":"<p><span class=\"_fadeIn_m1hgl_8\">O <\/span><span class=\"_fadeIn_m1hgl_8\">BP50ZKT <\/span><span class=\"_fadeIn_m1hgl_8\">d\u0131r <\/span><span class=\"_fadeIn_m1hgl_8\">a <\/span><span class=\"_fadeIn_m1hgl_8\">50 ml <\/span><span class=\"_fadeIn_m1hgl_8\">kehribar <\/span><span class=\"_fadeIn_m1hgl_8\">bardak <\/span><span class=\"_fadeIn_m1hgl_8\">\u015fi\u015fe <\/span><span class=\"_fadeIn_m1hgl_8\">tasarlanm\u0131\u015f <\/span><span class=\"_fadeIn_m1hgl_8\">i\u00e7in <\/span><span class=\"_fadeIn_m1hgl_8\">i\u015flevsel <\/span><span class=\"_fadeIn_m1hgl_8\">Ve <\/span><span class=\"_fadeIn_m1hgl_8\">enerji <\/span><span class=\"_fadeIn_m1hgl_8\">i\u00e7ecekler. <\/span><span class=\"_fadeIn_m1hgl_8\">Onun <\/span><span class=\"_fadeIn_m1hgl_8\">silindirik <\/span><span class=\"_fadeIn_m1hgl_8\">\u015fekil <\/span><span class=\"_fadeIn_m1hgl_8\">teklifler <\/span><span class=\"_fadeIn_m1hgl_8\">a <\/span><span class=\"_fadeIn_m1hgl_8\">temiz, <\/span><span class=\"_fadeIn_m1hgl_8\">kompakt <\/span><span class=\"_fadeIn_m1hgl_8\">Bakmak <\/span><span class=\"_fadeIn_m1hgl_8\">s\u0131ras\u0131nda <\/span><span class=\"_fadeIn_m1hgl_8\">o <\/span><span class=\"_fadeIn_m1hgl_8\">kehribar <\/span><span class=\"_fadeIn_m1hgl_8\">bardak <\/span><span class=\"_fadeIn_m1hgl_8\">sa\u011flar <\/span><span class=\"_fadeIn_m1hgl_8\">UV <\/span><span class=\"_fadeIn_m1hgl_8\">koruma, <\/span><span class=\"_fadeIn_m1hgl_8\">ideal <\/span><span class=\"_fadeIn_m1hgl_8\">i\u00e7in <\/span><span class=\"_fadeIn_m1hgl_8\">koruma <\/span><span class=\"_fadeIn_m1hgl_8\">hassas <\/span><span class=\"_fadeIn_m1hgl_8\">i\u00e7indekiler <\/span><span class=\"_fadeIn_m1hgl_8\">\u00e7ok <\/span><span class=\"_fadeIn_m1hgl_8\">gibi <\/span><span class=\"_fadeIn_m1hgl_8\">vitaminler, <\/span><span class=\"_fadeIn_m1hgl_8\">kafein, <\/span><span class=\"_fadeIn_m1hgl_8\">Ve <\/span><span class=\"_fadeIn_m1hgl_8\">bitkisel <\/span><span class=\"_fadeIn_m1hgl_8\">\u00f6z\u00fctler. <\/span><span class=\"_fadeIn_m1hgl_8\">M\u00fckemmel <\/span><span class=\"_fadeIn_m1hgl_8\">i\u00e7in <\/span><span class=\"_fadeIn_m1hgl_8\">sa\u011fl\u0131k <\/span><span class=\"_fadeIn_m1hgl_8\">at\u0131\u015flar, <\/span><span class=\"_fadeIn_m1hgl_8\">enerji <\/span><span class=\"_fadeIn_m1hgl_8\">g\u00fc\u00e7lendiriciler, <\/span><span class=\"_fadeIn_m1hgl_8\">Ve <\/span><span class=\"_fadeIn_m1hgl_8\">besin takviyesi <\/span><span class=\"_fadeIn_m1hgl_8\">i\u00e7ecekler.<\/span><\/p>\n<h3 data-start=\"627\" data-end=\"663\"><strong data-start=\"633\" data-end=\"661\"><span class=\"_fadeIn_m1hgl_8\">Teknik <\/span><span class=\"_fadeIn_m1hgl_8\">Teknik \u00d6zellikler<\/span><\/strong><\/h3>\n<ul data-start=\"664\" data-end=\"987\">\n<li data-start=\"664\" data-end=\"686\">\n<p data-start=\"666\" data-end=\"686\"><strong data-start=\"666\" data-end=\"676\"><span class=\"_fadeIn_m1hgl_8\">Model:<\/span><\/strong> <span class=\"_fadeIn_m1hgl_8\">BP50ZKT<\/span><\/p>\n<\/li>\n<li data-start=\"687\" data-end=\"709\">\n<p data-start=\"689\" data-end=\"709\"><strong data-start=\"689\" data-end=\"702\"><span class=\"_fadeIn_m1hgl_8\">Kapasite:<\/span><\/strong> <span class=\"_fadeIn_m1hgl_8\">50 ml<\/span><\/p>\n<\/li>\n<li data-start=\"710\" data-end=\"730\">\n<p data-start=\"712\" data-end=\"730\"><strong data-start=\"712\" data-end=\"722\"><span class=\"_fadeIn_m1hgl_8\">Renk:<\/span><\/strong> <span class=\"_fadeIn_m1hgl_8\">Amber<\/span><\/p>\n<\/li>\n<li data-start=\"731\" data-end=\"757\">\n<p data-start=\"733\" data-end=\"757\"><strong data-start=\"733\" data-end=\"743\"><span class=\"_fadeIn_m1hgl_8\">\u015eekil:<\/span><\/strong> <span class=\"_fadeIn_m1hgl_8\">Silindirik<\/span><\/p>\n<\/li>\n<li data-start=\"758\" data-end=\"800\">\n<p data-start=\"760\" data-end=\"800\"><strong data-start=\"760\" data-end=\"773\"><span class=\"_fadeIn_m1hgl_8\">Malzeme:<\/span><\/strong> <span class=\"_fadeIn_m1hgl_8\">Tip <\/span><span class=\"_fadeIn_m1hgl_8\">III <\/span><span class=\"_fadeIn_m1hgl_8\">soda-<\/span><span class=\"_fadeIn_m1hgl_8\">kire\u00e7 <\/span><span class=\"_fadeIn_m1hgl_8\">bardak<\/span><\/p>\n<\/li>\n<li data-start=\"847\" data-end=\"909\">\n<p data-start=\"849\" data-end=\"909\"><strong data-start=\"849\" data-end=\"857\"><span class=\"_fadeIn_m1hgl_8\">Kullanmak:<\/span><\/strong> <span class=\"_fadeIn_m1hgl_8\">\u0130\u015flevsel <\/span><span class=\"_fadeIn_m1hgl_8\">i\u00e7ecekler, <\/span><span class=\"_fadeIn_m1hgl_8\">enerji <\/span><span class=\"_fadeIn_m1hgl_8\">at\u0131\u015flar, <\/span><span class=\"_fadeIn_m1hgl_8\">sa\u011fl\u0131k <\/span><span class=\"_fadeIn_m1hgl_8\">tonikler<\/span><\/p>\n<\/li>\n<li data-start=\"910\" data-end=\"987\">\n<p data-start=\"912\" data-end=\"987\"><strong data-start=\"912\" data-end=\"925\"><span class=\"_fadeIn_m1hgl_8\">\u00d6zellikler:<\/span><\/strong> <span class=\"_fadeIn_m1hgl_8\">UV <\/span><span class=\"_fadeIn_m1hgl_8\">koruma, <\/span><span class=\"_fadeIn_m1hgl_8\">geri d\u00f6n\u00fc\u015ft\u00fcr\u00fclebilir, <\/span><span class=\"_fadeIn_m1hgl_8\">ideal <\/span><span class=\"_fadeIn_m1hgl_8\">i\u00e7in <\/span><span class=\"_fadeIn_m1hgl_8\">otomasyon <\/span><span class=\"_fadeIn_m1hgl_8\">doldurma <\/span><span class=\"_fadeIn_m1hgl_8\">\u00e7izgiler<\/span><\/p>\n<\/li>\n<\/ul>","protected":false},"excerpt":{"rendered":"<table width=\"617\">\n<tbody>\n<tr>\n<td width=\"110\">Tam Kapasite<\/td>\n<td width=\"110\">A\u011f\u0131rl\u0131k<\/td>\n<td width=\"177\">Sona ermek<\/td>\n<td width=\"110\">\u00c7ap<\/td>\n<td width=\"110\">Y\u00fckseklik<\/td>\n<\/tr>\n<tr>\n<td>60<\/td>\n<td>75<\/td>\n<td>NA<\/td>\n<td>35<\/td>\n<td>107<\/td>\n<\/tr>\n<\/tbody>\n<\/table>","protected":false},"featured_media":3786,"comment_status":"open","ping_status":"closed","template":"","meta":{"jetpack_publicize_message":"","jetpack_publicize_feature_enabled":true,"jetpack_social_post_already_shared":true,"jetpack_social_options":{"image_generator_settings":{"template":"highway","default_image_id":0,"font":"","enabled":false},"version":2},"_wpas_customize_per_network":false},"product_brand":[1391],"product_cat":[1378,1611,1537],"product_tag":[1493],"class_list":{"0":"post-3784","1":"product","2":"type-product","3":"status-publish","4":"has-post-thumbnail","6":"product_brand-berlin-packaging","7":"product_cat-pharmaceutical-nutraceutical","8":"product_cat-7-100ml","9":"product_cat-glass","10":"product_tag-pharmaceutical","12":"first","13":"outofstock","14":"shipping-taxable","15":"product-type-simple"},"exclude_global_add_ons":[],"addons":[],"jetpack_publicize_connections":[],"jetpack_sharing_enabled":true,"jetpack_likes_enabled":true,"_links":{"self":[{"href":"https:\/\/berlinpackagingapac.com\/tr\/wp-json\/wp\/v2\/product\/3784","targetHints":{"allow":["GET"]}}],"collection":[{"href":"https:\/\/berlinpackagingapac.com\/tr\/wp-json\/wp\/v2\/product"}],"about":[{"href":"https:\/\/berlinpackagingapac.com\/tr\/wp-json\/wp\/v2\/types\/product"}],"replies":[{"embeddable":true,"href":"https:\/\/berlinpackagingapac.com\/tr\/wp-json\/wp\/v2\/comments?post=3784"}],"version-history":[{"count":3,"href":"https:\/\/berlinpackagingapac.com\/tr\/wp-json\/wp\/v2\/product\/3784\/revisions"}],"predecessor-version":[{"id":3788,"href":"https:\/\/berlinpackagingapac.com\/tr\/wp-json\/wp\/v2\/product\/3784\/revisions\/3788"}],"wp:featuredmedia":[{"embeddable":true,"href":"https:\/\/berlinpackagingapac.com\/tr\/wp-json\/wp\/v2\/media\/3786"}],"wp:attachment":[{"href":"https:\/\/berlinpackagingapac.com\/tr\/wp-json\/wp\/v2\/media?parent=3784"}],"wp:term":[{"taxonomy":"product_brand","embeddable":true,"href":"https:\/\/berlinpackagingapac.com\/tr\/wp-json\/wp\/v2\/product_brand?post=3784"},{"taxonomy":"product_cat","embeddable":true,"href":"https:\/\/berlinpackagingapac.com\/tr\/wp-json\/wp\/v2\/product_cat?post=3784"},{"taxonomy":"product_tag","embeddable":true,"href":"https:\/\/berlinpackagingapac.com\/tr\/wp-json\/wp\/v2\/product_tag?post=3784"}],"curies":[{"name":"wp","href":"https:\/\/api.w.org\/{rel}","templated":true}]}}