{"id":4456,"date":"2025-05-29T10:40:33","date_gmt":"2025-05-29T02:40:33","guid":{"rendered":"https:\/\/berlinpackagingapac.com\/?post_type=product&#038;p=4456"},"modified":"2025-07-16T10:33:12","modified_gmt":"2025-07-16T02:33:12","slug":"55ml-hexagon-jar-bp11501a","status":"publish","type":"product","link":"https:\/\/berlinpackagingapac.com\/tr\/product\/55ml-hexagon-jar-bp11501a\/","title":{"rendered":"55ml Hexagon Jar, BP11501A"},"content":{"rendered":"<p class=\"ds-markdown-paragraph\">55ml Hexagon Glass Jar | BP11501A offers a unique, modern design perfect for luxury, spices, or small-batch <a href=\"https:\/\/berlinpackagingapac.com\/tr\/product-category\/yemek-sisesi-yemek-kavanozu\/\">food<\/a> products. Made from high-quality clear glass, it ensures product visibility and airtight sealing with compatible lids. Ideal for brands seeking elegant, functional packaging.<\/p>","protected":false},"excerpt":{"rendered":"<table style=\"border-collapse: collapse; width: 515.02pt;\" border=\"0\" width=\"1030\" cellspacing=\"0\" cellpadding=\"0\">\n<tbody>\n<tr style=\"height: 21.75pt;\">\n<td class=\"et3\" style=\"height: 21.75pt; width: 92.00pt;\" width=\"184\" height=\"43\">Tam Kapasite<\/td>\n<td class=\"et3\" style=\"width: 92.00pt;\" width=\"184\">A\u011f\u0131rl\u0131k<\/td>\n<td class=\"et3\" style=\"width: 147.35pt;\" width=\"294\">Sona ermek<\/td>\n<td class=\"et3\" style=\"width: 92.00pt;\" width=\"184\">\u00c7ap<\/td>\n<td class=\"et3\" style=\"width: 92.00pt;\" width=\"184\">Y\u00fckseklik<\/td>\n<\/tr>\n<tr style=\"height: 21.75pt;\">\n<td class=\"et4\" style=\"height: 21.75pt;\" height=\"43\">65<\/td>\n<td class=\"et4\">85<\/td>\n<td class=\"et4\">FD157-43<\/td>\n<td class=\"et4\">49.3&#215;43.3<\/td>\n<td class=\"et4\">66.3<\/td>\n<\/tr>\n<\/tbody>\n<\/table>","protected":false},"featured_media":4489,"comment_status":"open","ping_status":"closed","template":"","meta":{"jetpack_publicize_message":"","jetpack_publicize_feature_enabled":true,"jetpack_social_post_already_shared":true,"jetpack_social_options":{"image_generator_settings":{"template":"highway","default_image_id":0,"font":"","enabled":false},"version":2},"_wpas_customize_per_network":false},"product_brand":[1391],"product_cat":[1375,1452,1537,1506],"product_tag":[1383],"class_list":{"0":"post-4456","1":"product","2":"type-product","3":"status-publish","4":"has-post-thumbnail","6":"product_brand-berlin-packaging","7":"product_cat-food-bottle-food-jar","8":"product_cat-30-100ml-food-jar","9":"product_cat-glass","10":"product_cat-hexagon-jar","11":"product_tag-food","13":"first","14":"outofstock","15":"shipping-taxable","16":"product-type-simple"},"exclude_global_add_ons":[],"addons":[],"jetpack_publicize_connections":[],"jetpack_sharing_enabled":true,"jetpack_likes_enabled":true,"_links":{"self":[{"href":"https:\/\/berlinpackagingapac.com\/tr\/wp-json\/wp\/v2\/product\/4456","targetHints":{"allow":["GET"]}}],"collection":[{"href":"https:\/\/berlinpackagingapac.com\/tr\/wp-json\/wp\/v2\/product"}],"about":[{"href":"https:\/\/berlinpackagingapac.com\/tr\/wp-json\/wp\/v2\/types\/product"}],"replies":[{"embeddable":true,"href":"https:\/\/berlinpackagingapac.com\/tr\/wp-json\/wp\/v2\/comments?post=4456"}],"version-history":[{"count":8,"href":"https:\/\/berlinpackagingapac.com\/tr\/wp-json\/wp\/v2\/product\/4456\/revisions"}],"predecessor-version":[{"id":5745,"href":"https:\/\/berlinpackagingapac.com\/tr\/wp-json\/wp\/v2\/product\/4456\/revisions\/5745"}],"wp:featuredmedia":[{"embeddable":true,"href":"https:\/\/berlinpackagingapac.com\/tr\/wp-json\/wp\/v2\/media\/4489"}],"wp:attachment":[{"href":"https:\/\/berlinpackagingapac.com\/tr\/wp-json\/wp\/v2\/media?parent=4456"}],"wp:term":[{"taxonomy":"product_brand","embeddable":true,"href":"https:\/\/berlinpackagingapac.com\/tr\/wp-json\/wp\/v2\/product_brand?post=4456"},{"taxonomy":"product_cat","embeddable":true,"href":"https:\/\/berlinpackagingapac.com\/tr\/wp-json\/wp\/v2\/product_cat?post=4456"},{"taxonomy":"product_tag","embeddable":true,"href":"https:\/\/berlinpackagingapac.com\/tr\/wp-json\/wp\/v2\/product_tag?post=4456"}],"curies":[{"name":"wp","href":"https:\/\/api.w.org\/{rel}","templated":true}]}}