{"id":4494,"date":"2025-05-29T15:18:11","date_gmt":"2025-05-29T07:18:11","guid":{"rendered":"https:\/\/berlinpackagingapac.com\/?post_type=product&#038;p=4494"},"modified":"2025-07-16T10:35:03","modified_gmt":"2025-07-16T02:35:03","slug":"130ml-bonta-glass-jar-bp11551a","status":"publish","type":"product","link":"https:\/\/berlinpackagingapac.com\/tr\/product\/130ml-bonta-glass-jar-bp11551a\/","title":{"rendered":"130ml Bonta Cam Kavanoz, BP11551A"},"content":{"rendered":"<p>130ml Bonta Glass Jar | BP11551A Designed for premium food and cosmetic applications, this 130ml wide-mouth jar features our signature Bonta thick-glass construction. The generous opening allows easy filling and access, while maintaining an airtight seal with compatible lids. Perfect for artisanal jams, skincare creams, or specialty foods.<\/p>","protected":false},"excerpt":{"rendered":"<table style=\"border-collapse: collapse; width: 515.02pt;\" border=\"0\" width=\"1030\" cellspacing=\"0\" cellpadding=\"0\">\n<tbody>\n<tr style=\"height: 21.75pt;\">\n<td class=\"et3\" style=\"height: 21.75pt; width: 92.00pt;\" width=\"184\" height=\"43\">Tam Kapasite<\/td>\n<td class=\"et3\" style=\"width: 92.00pt;\" width=\"184\">A\u011f\u0131rl\u0131k<\/td>\n<td class=\"et3\" style=\"width: 147.35pt;\" width=\"294\">Sona ermek<\/td>\n<td class=\"et3\" style=\"width: 92.00pt;\" width=\"184\">\u00c7ap<\/td>\n<td class=\"et3\" style=\"width: 92.00pt;\" width=\"184\">Y\u00fckseklik<\/td>\n<\/tr>\n<tr style=\"height: 21.75pt;\">\n<td class=\"et4\" style=\"height: 21.75pt;\" height=\"43\">130<\/td>\n<td class=\"et4\">110<\/td>\n<td class=\"et4\">FD 138 S<\/td>\n<td class=\"et4\">66.7<\/td>\n<td class=\"et4\">60.5<\/td>\n<\/tr>\n<\/tbody>\n<\/table>","protected":false},"featured_media":4496,"comment_status":"open","ping_status":"closed","template":"","meta":{"jetpack_publicize_message":"","jetpack_publicize_feature_enabled":true,"jetpack_social_post_already_shared":true,"jetpack_social_options":{"image_generator_settings":{"template":"highway","default_image_id":0,"font":"","enabled":false},"version":2},"_wpas_customize_per_network":false},"product_brand":[1391],"product_cat":[1375,1453,1537],"product_tag":[1383],"class_list":{"0":"post-4494","1":"product","2":"type-product","3":"status-publish","4":"has-post-thumbnail","6":"product_brand-berlin-packaging","7":"product_cat-food-bottle-food-jar","8":"product_cat-100-200ml-food-jar","9":"product_cat-glass","10":"product_tag-food","12":"first","13":"outofstock","14":"shipping-taxable","15":"product-type-simple"},"exclude_global_add_ons":[],"addons":[],"jetpack_publicize_connections":[],"jetpack_sharing_enabled":true,"jetpack_likes_enabled":true,"_links":{"self":[{"href":"https:\/\/berlinpackagingapac.com\/tr\/wp-json\/wp\/v2\/product\/4494","targetHints":{"allow":["GET"]}}],"collection":[{"href":"https:\/\/berlinpackagingapac.com\/tr\/wp-json\/wp\/v2\/product"}],"about":[{"href":"https:\/\/berlinpackagingapac.com\/tr\/wp-json\/wp\/v2\/types\/product"}],"replies":[{"embeddable":true,"href":"https:\/\/berlinpackagingapac.com\/tr\/wp-json\/wp\/v2\/comments?post=4494"}],"version-history":[{"count":4,"href":"https:\/\/berlinpackagingapac.com\/tr\/wp-json\/wp\/v2\/product\/4494\/revisions"}],"predecessor-version":[{"id":5748,"href":"https:\/\/berlinpackagingapac.com\/tr\/wp-json\/wp\/v2\/product\/4494\/revisions\/5748"}],"wp:featuredmedia":[{"embeddable":true,"href":"https:\/\/berlinpackagingapac.com\/tr\/wp-json\/wp\/v2\/media\/4496"}],"wp:attachment":[{"href":"https:\/\/berlinpackagingapac.com\/tr\/wp-json\/wp\/v2\/media?parent=4494"}],"wp:term":[{"taxonomy":"product_brand","embeddable":true,"href":"https:\/\/berlinpackagingapac.com\/tr\/wp-json\/wp\/v2\/product_brand?post=4494"},{"taxonomy":"product_cat","embeddable":true,"href":"https:\/\/berlinpackagingapac.com\/tr\/wp-json\/wp\/v2\/product_cat?post=4494"},{"taxonomy":"product_tag","embeddable":true,"href":"https:\/\/berlinpackagingapac.com\/tr\/wp-json\/wp\/v2\/product_tag?post=4494"}],"curies":[{"name":"wp","href":"https:\/\/api.w.org\/{rel}","templated":true}]}}