{"id":4756,"date":"2025-06-01T16:28:39","date_gmt":"2025-06-01T08:28:39","guid":{"rendered":"https:\/\/berlinpackagingapac.com\/?post_type=product&#038;p=4756"},"modified":"2025-07-16T10:38:14","modified_gmt":"2025-07-16T02:38:14","slug":"16oz-mayo-63mm-twist-off-bpap2225","status":"publish","type":"product","link":"https:\/\/berlinpackagingapac.com\/tr\/product\/16oz-mayo-63mm-twist-off-bpap2225\/","title":{"rendered":"16oz Mayonez 63mm Vidal\u0131 Kapakl\u0131, BPAP2225"},"content":{"rendered":"<div id=\"a86c970b89a10794\" class=\"conversation-container message-actions-hover-boundary ng-star-inserted\">\n<div>\n<div class=\"response-container ng-tns-c389592918-160 response-container-with-gpi is-mobile ng-star-inserted response-container-has-multiple-responses\">\n<div class=\"presented-response-container ng-tns-c389592918-160\">\n<div class=\"response-container-content ng-tns-c389592918-160 is-mobile\">\n<div class=\"response-content ng-tns-c389592918-160\">\n<div id=\"model-response-message-contentr_a86c970b89a10794\" class=\"markdown markdown-main-panel stronger enable-updated-hr-color\" dir=\"ltr\">\n<p data-sourcepos=\"9:1-9:445\">16oz Mayo 63mm Twist off Jar features the traditional mayonnaise jar shape and a convenient 63mm twist-off neck finish. This makes it an excellent choice for packaging a wide range of food products, including mayonnaise, sauces, spreads, and other condiments, ensuring an easy and secure seal. Its durable glass construction provides a clear view of the contents, enhancing product appeal and maintaining freshness for both commercial and home use.<\/p>\n<\/div>\n<div class=\"response-footer is-mobile gap complete\"><\/div>\n<\/div>\n<\/div>\n<\/div>\n<div class=\"response-container-footer ng-tns-c389592918-160\">\n<div class=\"actions-container-v2 ng-tns-c3587650764-162 mobile\">\n<div class=\"spacer ng-tns-c3587650764-162 ng-star-inserted\"><\/div>\n<\/div>\n<\/div>\n<\/div>\n<div id=\"feedback-form-17\" class=\"feedback-form-turn-index\"><\/div>\n<\/div>\n<div class=\"restart-chat-button-scroll-placeholder ng-star-inserted\"><\/div>\n<\/div>","protected":false},"excerpt":{"rendered":"<table style=\"border-collapse: collapse; width: 515.02pt;\" border=\"0\" width=\"1030\" cellspacing=\"0\" cellpadding=\"0\">\n<tbody>\n<tr style=\"height: 21.75pt;\">\n<td class=\"et3\" style=\"height: 21.75pt; width: 92.00pt;\" width=\"184\" height=\"43\">Tam Kapasite<\/td>\n<td class=\"et3\" style=\"width: 92.00pt;\" width=\"184\">A\u011f\u0131rl\u0131k<\/td>\n<td class=\"et3\" style=\"width: 147.35pt;\" width=\"294\">Sona ermek<\/td>\n<td class=\"et3\" style=\"width: 92.00pt;\" width=\"184\">\u00c7ap<\/td>\n<td class=\"et3\" style=\"width: 92.00pt;\" width=\"184\">Y\u00fckseklik<\/td>\n<\/tr>\n<tr style=\"height: 21.75pt;\">\n<td class=\"et4\" style=\"height: 21.75pt;\" height=\"43\">500<\/td>\n<td class=\"et4\">220<\/td>\n<td class=\"et4\">Twist off 63-2030<\/td>\n<td class=\"et4\">77.6<\/td>\n<td class=\"et4\">139.5<\/td>\n<\/tr>\n<\/tbody>\n<\/table>\n<p>&nbsp;<\/p>","protected":false},"featured_media":4757,"comment_status":"open","ping_status":"closed","template":"","meta":{"jetpack_publicize_message":"","jetpack_publicize_feature_enabled":true,"jetpack_social_post_already_shared":true,"jetpack_social_options":{"image_generator_settings":{"template":"highway","default_image_id":0,"font":"","enabled":false},"version":2},"_wpas_customize_per_network":false},"product_brand":[1391],"product_cat":[1375,1504,1537],"product_tag":[1383],"class_list":{"0":"post-4756","1":"product","2":"type-product","3":"status-publish","4":"has-post-thumbnail","6":"product_brand-berlin-packaging","7":"product_cat-food-bottle-food-jar","8":"product_cat-500-1000ml-food-jar","9":"product_cat-glass","10":"product_tag-food","12":"first","13":"outofstock","14":"shipping-taxable","15":"product-type-simple"},"exclude_global_add_ons":[],"addons":[],"jetpack_publicize_connections":[],"jetpack_sharing_enabled":true,"jetpack_likes_enabled":true,"_links":{"self":[{"href":"https:\/\/berlinpackagingapac.com\/tr\/wp-json\/wp\/v2\/product\/4756","targetHints":{"allow":["GET"]}}],"collection":[{"href":"https:\/\/berlinpackagingapac.com\/tr\/wp-json\/wp\/v2\/product"}],"about":[{"href":"https:\/\/berlinpackagingapac.com\/tr\/wp-json\/wp\/v2\/types\/product"}],"replies":[{"embeddable":true,"href":"https:\/\/berlinpackagingapac.com\/tr\/wp-json\/wp\/v2\/comments?post=4756"}],"version-history":[{"count":2,"href":"https:\/\/berlinpackagingapac.com\/tr\/wp-json\/wp\/v2\/product\/4756\/revisions"}],"predecessor-version":[{"id":4759,"href":"https:\/\/berlinpackagingapac.com\/tr\/wp-json\/wp\/v2\/product\/4756\/revisions\/4759"}],"wp:featuredmedia":[{"embeddable":true,"href":"https:\/\/berlinpackagingapac.com\/tr\/wp-json\/wp\/v2\/media\/4757"}],"wp:attachment":[{"href":"https:\/\/berlinpackagingapac.com\/tr\/wp-json\/wp\/v2\/media?parent=4756"}],"wp:term":[{"taxonomy":"product_brand","embeddable":true,"href":"https:\/\/berlinpackagingapac.com\/tr\/wp-json\/wp\/v2\/product_brand?post=4756"},{"taxonomy":"product_cat","embeddable":true,"href":"https:\/\/berlinpackagingapac.com\/tr\/wp-json\/wp\/v2\/product_cat?post=4756"},{"taxonomy":"product_tag","embeddable":true,"href":"https:\/\/berlinpackagingapac.com\/tr\/wp-json\/wp\/v2\/product_tag?post=4756"}],"curies":[{"name":"wp","href":"https:\/\/api.w.org\/{rel}","templated":true}]}}