{"id":4807,"date":"2025-06-02T11:33:26","date_gmt":"2025-06-02T03:33:26","guid":{"rendered":"https:\/\/berlinpackagingapac.com\/?post_type=product&#038;p=4807"},"modified":"2025-06-02T11:33:26","modified_gmt":"2025-06-02T03:33:26","slug":"700ml-glass-food-far-bpd-506","status":"publish","type":"product","link":"https:\/\/berlinpackagingapac.com\/tr\/product\/700ml-glass-food-far-bpd-506\/","title":{"rendered":"700ml Glass Food Far, BPD-506"},"content":{"rendered":"<p>700ml Glass Food Far | BPD-506<br \/>\nThis high-volume 700ml (23.7oz) glass container provides reliable bulk storage for spices, grains, dry ingredients, and pantry staples. Crafted from food-grade clear glass for content visibility, its cylindrical design enables space-efficient stacking. Maintains product freshness when used with standard airtight lids. Suitable for commercial kitchens and home organization.<\/p>","protected":false},"excerpt":{"rendered":"<table style=\"border-collapse: collapse; width: 442.52pt;\" border=\"0\" width=\"885\" cellspacing=\"0\" cellpadding=\"0\">\n<tbody>\n<tr style=\"height: 21.75pt;\">\n<td class=\"et3\" style=\"height: 21.75pt; width: 92.00pt;\" width=\"184\" height=\"43\">Tam Kapasite<\/td>\n<td class=\"et3\" style=\"width: 92.00pt;\" width=\"184\">A\u011f\u0131rl\u0131k<\/td>\n<td class=\"et3\" style=\"width: 74.70pt;\" width=\"149\">Sona ermek<\/td>\n<td class=\"et3\" style=\"width: 92.00pt;\" width=\"184\">\u00c7ap<\/td>\n<td class=\"et3\" style=\"width: 92.00pt;\" width=\"184\">Y\u00fckseklik<\/td>\n<\/tr>\n<tr style=\"height: 21.75pt;\">\n<td class=\"et4\" style=\"height: 21.75pt;\" height=\"43\">720<\/td>\n<td class=\"et4\">342<\/td>\n<td class=\"et4\">BOCA -77TO<\/td>\n<td class=\"et4\">81.6<\/td>\n<td class=\"et4\">172<\/td>\n<\/tr>\n<\/tbody>\n<\/table>","protected":false},"featured_media":4808,"comment_status":"open","ping_status":"closed","template":"","meta":{"jetpack_publicize_message":"","jetpack_publicize_feature_enabled":true,"jetpack_social_post_already_shared":true,"jetpack_social_options":{"image_generator_settings":{"template":"highway","default_image_id":0,"font":"","enabled":false},"version":2},"_wpas_customize_per_network":false},"product_brand":[1391],"product_cat":[1375,1504],"product_tag":[1383],"class_list":{"0":"post-4807","1":"product","2":"type-product","3":"status-publish","4":"has-post-thumbnail","6":"product_brand-berlin-packaging","7":"product_cat-food-bottle-food-jar","8":"product_cat-500-1000ml-food-jar","9":"product_tag-food","11":"first","12":"outofstock","13":"shipping-taxable","14":"product-type-simple"},"exclude_global_add_ons":[],"addons":[],"jetpack_publicize_connections":[],"jetpack_sharing_enabled":true,"jetpack_likes_enabled":true,"_links":{"self":[{"href":"https:\/\/berlinpackagingapac.com\/tr\/wp-json\/wp\/v2\/product\/4807","targetHints":{"allow":["GET"]}}],"collection":[{"href":"https:\/\/berlinpackagingapac.com\/tr\/wp-json\/wp\/v2\/product"}],"about":[{"href":"https:\/\/berlinpackagingapac.com\/tr\/wp-json\/wp\/v2\/types\/product"}],"replies":[{"embeddable":true,"href":"https:\/\/berlinpackagingapac.com\/tr\/wp-json\/wp\/v2\/comments?post=4807"}],"version-history":[{"count":3,"href":"https:\/\/berlinpackagingapac.com\/tr\/wp-json\/wp\/v2\/product\/4807\/revisions"}],"predecessor-version":[{"id":4811,"href":"https:\/\/berlinpackagingapac.com\/tr\/wp-json\/wp\/v2\/product\/4807\/revisions\/4811"}],"wp:featuredmedia":[{"embeddable":true,"href":"https:\/\/berlinpackagingapac.com\/tr\/wp-json\/wp\/v2\/media\/4808"}],"wp:attachment":[{"href":"https:\/\/berlinpackagingapac.com\/tr\/wp-json\/wp\/v2\/media?parent=4807"}],"wp:term":[{"taxonomy":"product_brand","embeddable":true,"href":"https:\/\/berlinpackagingapac.com\/tr\/wp-json\/wp\/v2\/product_brand?post=4807"},{"taxonomy":"product_cat","embeddable":true,"href":"https:\/\/berlinpackagingapac.com\/tr\/wp-json\/wp\/v2\/product_cat?post=4807"},{"taxonomy":"product_tag","embeddable":true,"href":"https:\/\/berlinpackagingapac.com\/tr\/wp-json\/wp\/v2\/product_tag?post=4807"}],"curies":[{"name":"wp","href":"https:\/\/api.w.org\/{rel}","templated":true}]}}