{"id":4944,"date":"2025-06-03T10:26:34","date_gmt":"2025-06-03T02:26:34","guid":{"rendered":"https:\/\/berlinpackagingapac.com\/?post_type=product&#038;p=4944"},"modified":"2025-10-24T14:15:24","modified_gmt":"2025-10-24T06:15:24","slug":"250ml-marasca-ag-bp21412","status":"publish","type":"product","link":"https:\/\/berlinpackagingapac.com\/tr\/urun\/250ml-marasca-ag-bp21412\/","title":{"rendered":"Stokta 250 ml Marasca \u015fi\u015feleri, 2100 adet\/k\u0131sa palet bulunmaktad\u0131r."},"content":{"rendered":"<p>This is a stock product, available for immediate shipment. Packaging options are 2100 pcs per short pallet. FOB Shenzhen price is US$0.227 per piece. For wholesale inquiries, please contact us.<\/p>\n<p data-start=\"68\" data-end=\"281\">These 250ml Marasca bottles are designed to offer excellent storage for oils, sauces, and beverages. With a brimful capacity of 265ml, these bottles are perfect for various uses in the food and beverage industry.<\/p>\n<ul data-start=\"283\" data-end=\"445\">\n<li data-start=\"283\" data-end=\"330\">\n<p data-start=\"285\" data-end=\"330\"><strong data-start=\"285\" data-end=\"297\">Kapasite<\/strong>: 250ml (Brimful Capacity: 265ml)<\/p>\n<\/li>\n<li data-start=\"331\" data-end=\"349\">\n<p data-start=\"333\" data-end=\"349\"><strong data-start=\"333\" data-end=\"343\">A\u011f\u0131rl\u0131k<\/strong>: 250g<\/p>\n<\/li>\n<li data-start=\"350\" data-end=\"378\">\n<p data-start=\"352\" data-end=\"378\"><strong data-start=\"352\" data-end=\"362\">Sona ermek<\/strong>: GPI 30.15-1680<\/p>\n<\/li>\n<li data-start=\"379\" data-end=\"445\">\n<p data-start=\"381\" data-end=\"445\"><strong data-start=\"381\" data-end=\"395\">Dimensions<\/strong>: Diameter: 46.6mm x Width: 46.6mm x Height: 211.5mm<\/p>\n<\/li>\n<\/ul>\n<p data-start=\"447\" data-end=\"622\">These bottles offer a sturdy build with a precise finish, ensuring both functional and aesthetic appeal. For more details or to place an order, feel free to reach out to us.<\/p>","protected":false},"excerpt":{"rendered":"<table style=\"border-collapse: collapse; width: 442.52pt;\" border=\"0\" width=\"885\" cellspacing=\"0\" cellpadding=\"0\">\n<tbody>\n<tr style=\"height: 21.75pt;\">\n<td class=\"et3\" style=\"height: 21.75pt; width: 92.00pt;\" width=\"184\" height=\"43\">Tam Kapasite<\/td>\n<td class=\"et3\" style=\"width: 92.00pt;\" width=\"184\">A\u011f\u0131rl\u0131k<\/td>\n<td class=\"et3\" style=\"width: 74.70pt;\" width=\"149\">Sona ermek<\/td>\n<td class=\"et3\" style=\"width: 92.00pt;\" width=\"184\">\u00c7ap<\/td>\n<td class=\"et3\" style=\"width: 92.00pt;\" width=\"184\">Y\u00fckseklik<\/td>\n<\/tr>\n<tr style=\"height: 21.75pt;\">\n<td class=\"et4\" style=\"height: 21.75pt;\" height=\"43\">265<\/td>\n<td class=\"et4\">250<\/td>\n<td class=\"et4\">30.15mm ROPP<\/td>\n<td class=\"et4\">46.6&#215;46.6mm LxW<\/td>\n<td class=\"et4\">211.5<\/td>\n<\/tr>\n<\/tbody>\n<\/table>\n<p>&nbsp;<\/p>\n<p>For wholesale inquiries, please contact us.<\/p>","protected":false},"featured_media":5819,"comment_status":"open","ping_status":"closed","template":"","meta":{"jetpack_publicize_message":"","jetpack_publicize_feature_enabled":true,"jetpack_social_post_already_shared":true,"jetpack_social_options":{"image_generator_settings":{"template":"highway","default_image_id":0,"font":"","enabled":false},"version":2},"_wpas_customize_per_network":false},"product_brand":[1391],"product_cat":[1481,1454,1375,1537,1532],"product_tag":[1383,1475],"class_list":{"0":"post-4944","1":"product","2":"type-product","3":"status-publish","4":"has-post-thumbnail","6":"product_brand-berlin-packaging","7":"product_cat-olive-oil","8":"product_cat-200-300ml-food-jar","9":"product_cat-food-bottle-food-jar","10":"product_cat-glass","11":"product_cat-in-stock","12":"product_tag-food","13":"product_tag-olive-oil","15":"first","16":"instock","17":"shipping-taxable","18":"purchasable","19":"product-type-simple"},"exclude_global_add_ons":[],"addons":[],"jetpack_publicize_connections":[],"jetpack_sharing_enabled":true,"jetpack_likes_enabled":true,"_links":{"self":[{"href":"https:\/\/berlinpackagingapac.com\/tr\/wp-json\/wp\/v2\/product\/4944","targetHints":{"allow":["GET"]}}],"collection":[{"href":"https:\/\/berlinpackagingapac.com\/tr\/wp-json\/wp\/v2\/product"}],"about":[{"href":"https:\/\/berlinpackagingapac.com\/tr\/wp-json\/wp\/v2\/types\/product"}],"replies":[{"embeddable":true,"href":"https:\/\/berlinpackagingapac.com\/tr\/wp-json\/wp\/v2\/comments?post=4944"}],"version-history":[{"count":8,"href":"https:\/\/berlinpackagingapac.com\/tr\/wp-json\/wp\/v2\/product\/4944\/revisions"}],"predecessor-version":[{"id":8614,"href":"https:\/\/berlinpackagingapac.com\/tr\/wp-json\/wp\/v2\/product\/4944\/revisions\/8614"}],"wp:featuredmedia":[{"embeddable":true,"href":"https:\/\/berlinpackagingapac.com\/tr\/wp-json\/wp\/v2\/media\/5819"}],"wp:attachment":[{"href":"https:\/\/berlinpackagingapac.com\/tr\/wp-json\/wp\/v2\/media?parent=4944"}],"wp:term":[{"taxonomy":"product_brand","embeddable":true,"href":"https:\/\/berlinpackagingapac.com\/tr\/wp-json\/wp\/v2\/product_brand?post=4944"},{"taxonomy":"product_cat","embeddable":true,"href":"https:\/\/berlinpackagingapac.com\/tr\/wp-json\/wp\/v2\/product_cat?post=4944"},{"taxonomy":"product_tag","embeddable":true,"href":"https:\/\/berlinpackagingapac.com\/tr\/wp-json\/wp\/v2\/product_tag?post=4944"}],"curies":[{"name":"wp","href":"https:\/\/api.w.org\/{rel}","templated":true}]}}