{"id":5140,"date":"2025-06-04T10:02:34","date_gmt":"2025-06-04T02:02:34","guid":{"rendered":"https:\/\/berlinpackagingapac.com\/?post_type=product&#038;p=5140"},"modified":"2025-07-16T10:27:47","modified_gmt":"2025-07-16T02:27:47","slug":"800ml-soda-water-bottle-bpb-590","status":"publish","type":"product","link":"https:\/\/berlinpackagingapac.com\/tr\/product\/800ml-soda-water-bottle-bpb-590\/","title":{"rendered":"800ml Soda Water Bottle, BPB-590"},"content":{"rendered":"<p>800ml Soda Water Bottle | BPB-590<br \/>\nEngineered for carbonated beverages like sodas and sparkling waters. Thick-walled glass withstands pressure while clear design showcases effervescence. Compatible with crown caps\/secure closures. Ideal for craft brewers and beverage manufacturers.<\/p>","protected":false},"excerpt":{"rendered":"<table style=\"border-collapse: collapse; width: 442.52pt;\" border=\"0\" width=\"885\" cellspacing=\"0\" cellpadding=\"0\">\n<tbody>\n<tr style=\"height: 21.75pt;\">\n<td class=\"et3\" style=\"height: 21.75pt; width: 92.00pt;\" width=\"184\" height=\"43\">Tam Kapasite<\/td>\n<td class=\"et3\" style=\"width: 92.00pt;\" width=\"184\">A\u011f\u0131rl\u0131k<\/td>\n<td class=\"et3\" style=\"width: 74.70pt;\" width=\"149\">Sona ermek<\/td>\n<td class=\"et3\" style=\"width: 92.00pt;\" width=\"184\">\u00c7ap<\/td>\n<td class=\"et3\" style=\"width: 92.00pt;\" width=\"184\">Y\u00fckseklik<\/td>\n<\/tr>\n<tr style=\"height: 21.75pt;\">\n<td class=\"et4\" style=\"height: 21.75pt;\" height=\"43\">834<\/td>\n<td class=\"et4\">530<\/td>\n<td class=\"et4\">NA<\/td>\n<td class=\"et4\">70<\/td>\n<td class=\"et4\">293.5<\/td>\n<\/tr>\n<\/tbody>\n<\/table>","protected":false},"featured_media":5141,"comment_status":"open","ping_status":"closed","template":"","meta":{"jetpack_publicize_message":"","jetpack_publicize_feature_enabled":true,"jetpack_social_post_already_shared":true,"jetpack_social_options":{"image_generator_settings":{"template":"highway","default_image_id":0,"font":"","enabled":false},"version":2},"_wpas_customize_per_network":false},"product_brand":[1391],"product_cat":[1376,1439,1537],"product_tag":[1384],"class_list":{"0":"post-5140","1":"product","2":"type-product","3":"status-publish","4":"has-post-thumbnail","6":"product_brand-berlin-packaging","7":"product_cat-beverage","8":"product_cat-750-1000ml-beverage","9":"product_cat-glass","10":"product_tag-beverage","12":"first","13":"outofstock","14":"shipping-taxable","15":"product-type-simple"},"exclude_global_add_ons":[],"addons":[],"jetpack_publicize_connections":[],"jetpack_sharing_enabled":true,"jetpack_likes_enabled":true,"_links":{"self":[{"href":"https:\/\/berlinpackagingapac.com\/tr\/wp-json\/wp\/v2\/product\/5140","targetHints":{"allow":["GET"]}}],"collection":[{"href":"https:\/\/berlinpackagingapac.com\/tr\/wp-json\/wp\/v2\/product"}],"about":[{"href":"https:\/\/berlinpackagingapac.com\/tr\/wp-json\/wp\/v2\/types\/product"}],"replies":[{"embeddable":true,"href":"https:\/\/berlinpackagingapac.com\/tr\/wp-json\/wp\/v2\/comments?post=5140"}],"version-history":[{"count":2,"href":"https:\/\/berlinpackagingapac.com\/tr\/wp-json\/wp\/v2\/product\/5140\/revisions"}],"predecessor-version":[{"id":5144,"href":"https:\/\/berlinpackagingapac.com\/tr\/wp-json\/wp\/v2\/product\/5140\/revisions\/5144"}],"wp:featuredmedia":[{"embeddable":true,"href":"https:\/\/berlinpackagingapac.com\/tr\/wp-json\/wp\/v2\/media\/5141"}],"wp:attachment":[{"href":"https:\/\/berlinpackagingapac.com\/tr\/wp-json\/wp\/v2\/media?parent=5140"}],"wp:term":[{"taxonomy":"product_brand","embeddable":true,"href":"https:\/\/berlinpackagingapac.com\/tr\/wp-json\/wp\/v2\/product_brand?post=5140"},{"taxonomy":"product_cat","embeddable":true,"href":"https:\/\/berlinpackagingapac.com\/tr\/wp-json\/wp\/v2\/product_cat?post=5140"},{"taxonomy":"product_tag","embeddable":true,"href":"https:\/\/berlinpackagingapac.com\/tr\/wp-json\/wp\/v2\/product_tag?post=5140"}],"curies":[{"name":"wp","href":"https:\/\/api.w.org\/{rel}","templated":true}]}}