{"id":5771,"date":"2025-06-11T16:32:25","date_gmt":"2025-06-11T08:32:25","guid":{"rendered":"https:\/\/berlinpackagingapac.com\/?post_type=product&#038;p=5771"},"modified":"2025-06-11T16:32:25","modified_gmt":"2025-06-11T08:32:25","slug":"750ml-bordeaux-bottle-bp2752","status":"publish","type":"product","link":"https:\/\/berlinpackagingapac.com\/tr\/product\/750ml-bordeaux-bottle-bp2752\/","title":{"rendered":"750ml Bordeaux Bottle, BP2752"},"content":{"rendered":"<p>The 750ml Bordeaux Bottle BP2752 features traditional straight sides and sturdy base construction. Made from high-quality glass for optimal wine preservation. Suitable for commercial wineries and boutique producers alike.<\/p>","protected":false},"excerpt":{"rendered":"<table width=\"591\">\n<tbody>\n<tr>\n<td width=\"123\">Tam Kapasite<\/td>\n<td width=\"123\">A\u011f\u0131rl\u0131k<\/td>\n<td width=\"99\">Sona ermek<\/td>\n<td width=\"123\">\u00c7ap<\/td>\n<td width=\"123\">Y\u00fckseklik<\/td>\n<\/tr>\n<tr>\n<td>770<\/td>\n<td>520<\/td>\n<td>cork<\/td>\n<td>76<\/td>\n<td>300<\/td>\n<\/tr>\n<\/tbody>\n<\/table>","protected":false},"featured_media":5773,"comment_status":"open","ping_status":"closed","template":"","meta":{"jetpack_publicize_message":"","jetpack_publicize_feature_enabled":true,"jetpack_social_post_already_shared":true,"jetpack_social_options":{"image_generator_settings":{"template":"highway","default_image_id":0,"font":"","enabled":false},"version":2},"_wpas_customize_per_network":false},"product_brand":[1391],"product_cat":[1381,1458,1537],"product_tag":[1482],"class_list":{"0":"post-5771","1":"product","2":"type-product","3":"status-publish","4":"has-post-thumbnail","6":"product_brand-berlin-packaging","7":"product_cat-wine-bottles","8":"product_cat-750ml-wine","9":"product_cat-glass","10":"product_tag-wine","12":"first","13":"outofstock","14":"shipping-taxable","15":"product-type-simple"},"exclude_global_add_ons":[],"addons":[],"jetpack_publicize_connections":[],"jetpack_sharing_enabled":true,"jetpack_likes_enabled":true,"_links":{"self":[{"href":"https:\/\/berlinpackagingapac.com\/tr\/wp-json\/wp\/v2\/product\/5771","targetHints":{"allow":["GET"]}}],"collection":[{"href":"https:\/\/berlinpackagingapac.com\/tr\/wp-json\/wp\/v2\/product"}],"about":[{"href":"https:\/\/berlinpackagingapac.com\/tr\/wp-json\/wp\/v2\/types\/product"}],"replies":[{"embeddable":true,"href":"https:\/\/berlinpackagingapac.com\/tr\/wp-json\/wp\/v2\/comments?post=5771"}],"version-history":[{"count":3,"href":"https:\/\/berlinpackagingapac.com\/tr\/wp-json\/wp\/v2\/product\/5771\/revisions"}],"predecessor-version":[{"id":5775,"href":"https:\/\/berlinpackagingapac.com\/tr\/wp-json\/wp\/v2\/product\/5771\/revisions\/5775"}],"wp:featuredmedia":[{"embeddable":true,"href":"https:\/\/berlinpackagingapac.com\/tr\/wp-json\/wp\/v2\/media\/5773"}],"wp:attachment":[{"href":"https:\/\/berlinpackagingapac.com\/tr\/wp-json\/wp\/v2\/media?parent=5771"}],"wp:term":[{"taxonomy":"product_brand","embeddable":true,"href":"https:\/\/berlinpackagingapac.com\/tr\/wp-json\/wp\/v2\/product_brand?post=5771"},{"taxonomy":"product_cat","embeddable":true,"href":"https:\/\/berlinpackagingapac.com\/tr\/wp-json\/wp\/v2\/product_cat?post=5771"},{"taxonomy":"product_tag","embeddable":true,"href":"https:\/\/berlinpackagingapac.com\/tr\/wp-json\/wp\/v2\/product_tag?post=5771"}],"curies":[{"name":"wp","href":"https:\/\/api.w.org\/{rel}","templated":true}]}}