{"id":5983,"date":"2025-06-24T12:11:44","date_gmt":"2025-06-24T04:11:44","guid":{"rendered":"https:\/\/berlinpackagingapac.com\/?post_type=product&#038;p=5983"},"modified":"2025-06-24T14:48:17","modified_gmt":"2025-06-24T06:48:17","slug":"108ml-flat-square-clear-glass-perfume-bottles","status":"publish","type":"product","link":"https:\/\/berlinpackagingapac.com\/tr\/urun\/108ml-flat-square-clear-glass-perfume-bottles\/","title":{"rendered":"108 ml D\u00fcz Kare \u015eeffaf Cam Parf\u00fcm \u015ei\u015feleri"},"content":{"rendered":"<p data-start=\"535\" data-end=\"804\"><strong data-start=\"535\" data-end=\"555\">Product Overview<\/strong><br data-start=\"555\" data-end=\"558\" \/>This 108ml flat square perfume bottle is crafted from thick, high-clarity glass, offering a sleek, minimalist design perfect for high-end fragrance packaging. The wide front panel is ideal for branding, and the heavy base enhances shelf presence.<\/p>\n<p data-start=\"806\" data-end=\"824\"><strong data-start=\"806\" data-end=\"822\">Ba\u015fl\u0131ca \u00d6zellikler<\/strong><\/p>\n<ul data-start=\"825\" data-end=\"1238\">\n<li data-start=\"825\" data-end=\"857\">\n<p data-start=\"827\" data-end=\"857\"><strong data-start=\"827\" data-end=\"847\">Tam Kapasite<\/strong>: 108 ml<\/p>\n<\/li>\n<li data-start=\"858\" data-end=\"928\">\n<p data-start=\"860\" data-end=\"928\"><strong data-start=\"860\" data-end=\"884\">Net Filling Capacity<\/strong>: Customizable (NA \u2013 depends on headspace)<\/p>\n<\/li>\n<li data-start=\"929\" data-end=\"988\">\n<p data-start=\"931\" data-end=\"988\"><strong data-start=\"931\" data-end=\"948\">Bottle Weight<\/strong>: 235g (heavy bottom for premium feel)<\/p>\n<\/li>\n<li data-start=\"989\" data-end=\"1064\">\n<p data-start=\"991\" data-end=\"1064\"><strong data-start=\"991\" data-end=\"1001\">Sona ermek<\/strong>: 16.2 mm neck \u2013 compatible with crimp or screw perfume pumps<\/p>\n<\/li>\n<li data-start=\"1065\" data-end=\"1105\">\n<p data-start=\"1067\" data-end=\"1105\"><strong data-start=\"1067\" data-end=\"1076\">Shape<\/strong>: Flat square \/ rectangular<\/p>\n<\/li>\n<li data-start=\"1106\" data-end=\"1189\">\n<p data-start=\"1108\" data-end=\"1125\"><strong data-start=\"1108\" data-end=\"1122\">Dimensions<\/strong>:<\/p>\n<ul data-start=\"1129\" data-end=\"1189\">\n<li data-start=\"1129\" data-end=\"1162\">\n<p data-start=\"1131\" data-end=\"1162\"><strong data-start=\"1131\" data-end=\"1143\">\u00c7ap<\/strong>: 63.1mm \u00d7 32.5mm<\/p>\n<\/li>\n<li data-start=\"1166\" data-end=\"1189\">\n<p data-start=\"1168\" data-end=\"1189\"><strong data-start=\"1168\" data-end=\"1178\">Y\u00fckseklik<\/strong>: 107.6mm<\/p>\n<\/li>\n<\/ul>\n<\/li>\n<li data-start=\"1190\" data-end=\"1238\">\n<p data-start=\"1192\" data-end=\"1238\"><strong data-start=\"1192\" data-end=\"1204\">Malzeme<\/strong>: High-quality flint (clear) glass<\/p>\n<\/li>\n<\/ul>\n<p data-start=\"1240\" data-end=\"1264\"><strong data-start=\"1240\" data-end=\"1262\">Decoration Options<\/strong><\/p>\n<ul data-start=\"1265\" data-end=\"1403\">\n<li data-start=\"1265\" data-end=\"1289\">\n<p data-start=\"1267\" data-end=\"1289\">Silk screen printing<\/p>\n<\/li>\n<li data-start=\"1290\" data-end=\"1325\">\n<p data-start=\"1292\" data-end=\"1325\">Hot stamping (gold\/silver foil)<\/p>\n<\/li>\n<li data-start=\"1326\" data-end=\"1351\">\n<p data-start=\"1328\" data-end=\"1351\">Frosting \/ matt spray<\/p>\n<\/li>\n<li data-start=\"1352\" data-end=\"1392\">\n<p data-start=\"1354\" data-end=\"1392\">Metallization \/ gradient color spray<\/p>\n<\/li>\n<li data-start=\"1393\" data-end=\"1403\">\n<p data-start=\"1395\" data-end=\"1403\">Labeling<\/p>\n<\/li>\n<\/ul>\n<p data-start=\"1405\" data-end=\"1423\"><strong data-start=\"1405\" data-end=\"1421\">Uygulamalar<\/strong><\/p>\n<ul data-start=\"1424\" data-end=\"1584\">\n<li data-start=\"1424\" data-end=\"1459\">\n<p data-start=\"1426\" data-end=\"1459\">Eau de parfum \/ Eau de toilette<\/p>\n<\/li>\n<li data-start=\"1460\" data-end=\"1491\">\n<p data-start=\"1462\" data-end=\"1491\">Body mist \/ fragrance spray<\/p>\n<\/li>\n<li data-start=\"1492\" data-end=\"1535\">\n<p data-start=\"1494\" data-end=\"1535\">Gender-neutral or men\u2019s fragrance lines<\/p>\n<\/li>\n<li data-start=\"1536\" data-end=\"1584\">\n<p data-start=\"1538\" data-end=\"1584\">Brand launch editions or custom gift packaging<\/p>\n<\/li>\n<\/ul>","protected":false},"excerpt":{"rendered":"<table width=\"528\">\n<tbody>\n<tr>\n<td width=\"126\">Tam Kapasite ml<\/td>\n<td width=\"131\">Dolum Kapasitesi ml<\/td>\n<td width=\"60\">A\u011f\u0131rl\u0131k g<\/td>\n<td width=\"68\">mm ile bitirin<\/td>\n<td width=\"74\">\u00c7ap mm<\/td>\n<td width=\"69\">Y\u00fckseklik mm<\/td>\n<\/tr>\n<tr>\n<td>108<\/td>\n<td>NA<\/td>\n<td>235<\/td>\n<td>16.2<\/td>\n<td>63.1&#215;32.5<\/td>\n<td>107.6<\/td>\n<\/tr>\n<\/tbody>\n<\/table>","protected":false},"featured_media":5985,"comment_status":"open","ping_status":"closed","template":"","meta":{"jetpack_publicize_message":"","jetpack_publicize_feature_enabled":true,"jetpack_social_post_already_shared":true,"jetpack_social_options":{"image_generator_settings":{"template":"highway","default_image_id":0,"font":"","enabled":false},"version":2},"_wpas_customize_per_network":false},"product_brand":[1391],"product_cat":[1537,1377,1542],"product_tag":[1543],"class_list":{"0":"post-5983","1":"product","2":"type-product","3":"status-publish","4":"has-post-thumbnail","6":"product_brand-berlin-packaging","7":"product_cat-glass","8":"product_cat-cosmetics-personal-care","9":"product_cat-perfume","10":"product_tag-perfume","12":"first","13":"outofstock","14":"shipping-taxable","15":"product-type-simple"},"exclude_global_add_ons":[],"addons":[],"jetpack_publicize_connections":[],"jetpack_sharing_enabled":true,"jetpack_likes_enabled":true,"_links":{"self":[{"href":"https:\/\/berlinpackagingapac.com\/tr\/wp-json\/wp\/v2\/product\/5983","targetHints":{"allow":["GET"]}}],"collection":[{"href":"https:\/\/berlinpackagingapac.com\/tr\/wp-json\/wp\/v2\/product"}],"about":[{"href":"https:\/\/berlinpackagingapac.com\/tr\/wp-json\/wp\/v2\/types\/product"}],"replies":[{"embeddable":true,"href":"https:\/\/berlinpackagingapac.com\/tr\/wp-json\/wp\/v2\/comments?post=5983"}],"version-history":[{"count":4,"href":"https:\/\/berlinpackagingapac.com\/tr\/wp-json\/wp\/v2\/product\/5983\/revisions"}],"predecessor-version":[{"id":5990,"href":"https:\/\/berlinpackagingapac.com\/tr\/wp-json\/wp\/v2\/product\/5983\/revisions\/5990"}],"wp:featuredmedia":[{"embeddable":true,"href":"https:\/\/berlinpackagingapac.com\/tr\/wp-json\/wp\/v2\/media\/5985"}],"wp:attachment":[{"href":"https:\/\/berlinpackagingapac.com\/tr\/wp-json\/wp\/v2\/media?parent=5983"}],"wp:term":[{"taxonomy":"product_brand","embeddable":true,"href":"https:\/\/berlinpackagingapac.com\/tr\/wp-json\/wp\/v2\/product_brand?post=5983"},{"taxonomy":"product_cat","embeddable":true,"href":"https:\/\/berlinpackagingapac.com\/tr\/wp-json\/wp\/v2\/product_cat?post=5983"},{"taxonomy":"product_tag","embeddable":true,"href":"https:\/\/berlinpackagingapac.com\/tr\/wp-json\/wp\/v2\/product_tag?post=5983"}],"curies":[{"name":"wp","href":"https:\/\/api.w.org\/{rel}","templated":true}]}}