{"id":5992,"date":"2025-06-24T12:21:42","date_gmt":"2025-06-24T04:21:42","guid":{"rendered":"https:\/\/berlinpackagingapac.com\/?post_type=product&#038;p=5992"},"modified":"2025-06-24T14:51:07","modified_gmt":"2025-06-24T06:51:07","slug":"110ml-flat-square-clear-glass-perfume-bottle","status":"publish","type":"product","link":"https:\/\/berlinpackagingapac.com\/tr\/product\/110ml-flat-square-clear-glass-perfume-bottle\/","title":{"rendered":"110ml Flat Square Clear Glass Perfume Bottle"},"content":{"rendered":"<p data-start=\"544\" data-end=\"846\"><strong data-start=\"544\" data-end=\"564\">Product Overview<\/strong><br data-start=\"564\" data-end=\"567\" \/>This 110ml flat square clear glass bottle features a minimalist, elegant design with thick walls and a wide rectangular surface perfect for branding and decoration. Its substantial weight and refined shape make it a perfect choice for high-end perfume and personal care products.<\/p>\n<p data-start=\"848\" data-end=\"866\"><strong data-start=\"848\" data-end=\"864\">Ba\u015fl\u0131ca \u00d6zellikler<\/strong><\/p>\n<ul data-start=\"867\" data-end=\"1215\">\n<li data-start=\"867\" data-end=\"898\">\n<p data-start=\"869\" data-end=\"898\"><strong data-start=\"869\" data-end=\"889\">Tam Kapasite<\/strong>: 110ml<\/p>\n<\/li>\n<li data-start=\"899\" data-end=\"939\">\n<p data-start=\"901\" data-end=\"939\"><strong data-start=\"901\" data-end=\"911\">A\u011f\u0131rl\u0131k<\/strong>: 265g (heavy and durable)<\/p>\n<\/li>\n<li data-start=\"940\" data-end=\"996\">\n<p data-start=\"942\" data-end=\"996\"><strong data-start=\"942\" data-end=\"951\">Shape<\/strong>: Flat rectangular \/ square with thick base<\/p>\n<\/li>\n<li data-start=\"997\" data-end=\"1080\">\n<p data-start=\"999\" data-end=\"1080\"><strong data-start=\"999\" data-end=\"1014\">Neck Finish<\/strong>: FEA 15 (15.3mm crimp neck) \u2013 fits standard perfume spray pumps<\/p>\n<\/li>\n<li data-start=\"1081\" data-end=\"1215\">\n<p data-start=\"1083\" data-end=\"1102\"><strong data-start=\"1083\" data-end=\"1099\">Uygulamalar<\/strong>:<\/p>\n<ul data-start=\"1105\" data-end=\"1215\">\n<li data-start=\"1105\" data-end=\"1132\">\n<p data-start=\"1107\" data-end=\"1132\">Eau de parfum \/ cologne<\/p>\n<\/li>\n<li data-start=\"1135\" data-end=\"1157\">\n<p data-start=\"1137\" data-end=\"1157\">Air or room sprays<\/p>\n<\/li>\n<li data-start=\"1160\" data-end=\"1183\">\n<p data-start=\"1162\" data-end=\"1183\">Fragrance diffusers<\/p>\n<\/li>\n<li data-start=\"1186\" data-end=\"1215\">\n<p data-start=\"1188\" data-end=\"1215\">Custom cosmetic collections<\/p>\n<\/li>\n<\/ul>\n<\/li>\n<\/ul>\n<p data-start=\"1217\" data-end=\"1244\"><strong data-start=\"1217\" data-end=\"1242\">\u00d6zelle\u015ftirme Se\u00e7enekleri<\/strong><\/p>\n<ul data-start=\"1245\" data-end=\"1440\">\n<li data-start=\"1245\" data-end=\"1301\">\n<p data-start=\"1247\" data-end=\"1301\">Color spraying (frosted, gradient, opaque, metallic)<\/p>\n<\/li>\n<li data-start=\"1302\" data-end=\"1341\">\n<p data-start=\"1304\" data-end=\"1341\">Hot stamping \/ silk screen printing<\/p>\n<\/li>\n<li data-start=\"1342\" data-end=\"1388\">\n<p data-start=\"1344\" data-end=\"1388\">Logo embossing or engraving (MOQ required)<\/p>\n<\/li>\n<li data-start=\"1389\" data-end=\"1440\">\n<p data-start=\"1391\" data-end=\"1440\">Matching caps, collars, and spray pumps available<\/p>\n<\/li>\n<\/ul>","protected":false},"excerpt":{"rendered":"<table width=\"528\">\n<tbody>\n<tr>\n<td width=\"126\">Tam Kapasite ml<\/td>\n<td width=\"131\">Dolum Kapasitesi ml<\/td>\n<td width=\"60\">A\u011f\u0131rl\u0131k g<\/td>\n<td width=\"68\">mm ile bitirin<\/td>\n<td width=\"74\">\u00c7ap mm<\/td>\n<td width=\"69\">Y\u00fckseklik mm<\/td>\n<\/tr>\n<tr>\n<td>110<\/td>\n<td>NA<\/td>\n<td>265<\/td>\n<td>15.3<\/td>\n<td>82.8&#215;31.5<\/td>\n<td>91.2<\/td>\n<\/tr>\n<\/tbody>\n<\/table>","protected":false},"featured_media":5994,"comment_status":"open","ping_status":"closed","template":"","meta":{"jetpack_publicize_message":"","jetpack_publicize_feature_enabled":true,"jetpack_social_post_already_shared":true,"jetpack_social_options":{"image_generator_settings":{"template":"highway","default_image_id":0,"font":"","enabled":false},"version":2},"_wpas_customize_per_network":false},"product_brand":[1391],"product_cat":[1537,1377,1542],"product_tag":[1543],"class_list":{"0":"post-5992","1":"product","2":"type-product","3":"status-publish","4":"has-post-thumbnail","6":"product_brand-berlin-packaging","7":"product_cat-glass","8":"product_cat-cosmetics-personal-care","9":"product_cat-perfume","10":"product_tag-perfume","12":"first","13":"outofstock","14":"shipping-taxable","15":"product-type-simple"},"exclude_global_add_ons":[],"addons":[],"jetpack_publicize_connections":[],"jetpack_sharing_enabled":true,"jetpack_likes_enabled":true,"_links":{"self":[{"href":"https:\/\/berlinpackagingapac.com\/tr\/wp-json\/wp\/v2\/product\/5992","targetHints":{"allow":["GET"]}}],"collection":[{"href":"https:\/\/berlinpackagingapac.com\/tr\/wp-json\/wp\/v2\/product"}],"about":[{"href":"https:\/\/berlinpackagingapac.com\/tr\/wp-json\/wp\/v2\/types\/product"}],"replies":[{"embeddable":true,"href":"https:\/\/berlinpackagingapac.com\/tr\/wp-json\/wp\/v2\/comments?post=5992"}],"version-history":[{"count":2,"href":"https:\/\/berlinpackagingapac.com\/tr\/wp-json\/wp\/v2\/product\/5992\/revisions"}],"predecessor-version":[{"id":5998,"href":"https:\/\/berlinpackagingapac.com\/tr\/wp-json\/wp\/v2\/product\/5992\/revisions\/5998"}],"wp:featuredmedia":[{"embeddable":true,"href":"https:\/\/berlinpackagingapac.com\/tr\/wp-json\/wp\/v2\/media\/5994"}],"wp:attachment":[{"href":"https:\/\/berlinpackagingapac.com\/tr\/wp-json\/wp\/v2\/media?parent=5992"}],"wp:term":[{"taxonomy":"product_brand","embeddable":true,"href":"https:\/\/berlinpackagingapac.com\/tr\/wp-json\/wp\/v2\/product_brand?post=5992"},{"taxonomy":"product_cat","embeddable":true,"href":"https:\/\/berlinpackagingapac.com\/tr\/wp-json\/wp\/v2\/product_cat?post=5992"},{"taxonomy":"product_tag","embeddable":true,"href":"https:\/\/berlinpackagingapac.com\/tr\/wp-json\/wp\/v2\/product_tag?post=5992"}],"curies":[{"name":"wp","href":"https:\/\/api.w.org\/{rel}","templated":true}]}}