{"id":6060,"date":"2025-06-24T16:24:49","date_gmt":"2025-06-24T08:24:49","guid":{"rendered":"https:\/\/berlinpackagingapac.com\/?post_type=product&#038;p=6060"},"modified":"2025-08-13T16:36:37","modified_gmt":"2025-08-13T08:36:37","slug":"1l-round-jar-bpd-483","status":"publish","type":"product","link":"https:\/\/berlinpackagingapac.com\/tr\/product\/1l-round-jar-bpd-483\/","title":{"rendered":"1L Round Jar, BPD-483"},"content":{"rendered":"<p data-start=\"484\" data-end=\"845\"><strong data-start=\"484\" data-end=\"504\">Product Overview<\/strong><br data-start=\"504\" data-end=\"507\" \/>This 1L round glass jar offers a wide-mouth design and straight body, perfect for food-grade packaging such as pickles, jams, honey, sauces, and dried goods. Made from high-clarity soda-lime glass, it ensures excellent visibility, safety, and compatibility with various closure systems including twist-off metal caps and plastisol liners.<\/p>\n<p data-start=\"847\" data-end=\"865\"><strong data-start=\"847\" data-end=\"863\">Uygulamalar<\/strong><\/p>\n<ul data-start=\"866\" data-end=\"1034\">\n<li data-start=\"866\" data-end=\"900\">\n<p data-start=\"868\" data-end=\"900\">Preserved vegetables &amp; pickles<\/p>\n<\/li>\n<li data-start=\"901\" data-end=\"945\">\n<p data-start=\"903\" data-end=\"945\">Tomato sauces, pasta sauces, curry bases<\/p>\n<\/li>\n<li data-start=\"946\" data-end=\"966\">\n<p data-start=\"948\" data-end=\"966\">Honey and syrups<\/p>\n<\/li>\n<li data-start=\"967\" data-end=\"1000\">\n<p data-start=\"969\" data-end=\"1000\">Dried beans, grains, and nuts<\/p>\n<\/li>\n<li data-start=\"1001\" data-end=\"1034\">\n<p data-start=\"1003\" data-end=\"1034\">Nut butters and fermented goods<\/p>\n<\/li>\n<\/ul>\n<p data-start=\"1036\" data-end=\"1054\"><strong data-start=\"1036\" data-end=\"1052\">Ba\u015fl\u0131ca \u00d6zellikler<\/strong><\/p>\n<ul data-start=\"1055\" data-end=\"1331\">\n<li data-start=\"1055\" data-end=\"1116\">\n<p data-start=\"1057\" data-end=\"1116\"><strong data-start=\"1057\" data-end=\"1080\">High-volume storage<\/strong> with a brimful capacity of 1051ml<\/p>\n<\/li>\n<li data-start=\"1117\" data-end=\"1176\">\n<p data-start=\"1119\" data-end=\"1176\"><strong data-start=\"1119\" data-end=\"1142\">Wide neck (80.75mm)<\/strong> for easy filling and dispensing<\/p>\n<\/li>\n<li data-start=\"1224\" data-end=\"1288\">\n<p data-start=\"1226\" data-end=\"1288\">Clean cylindrical design, suitable for labeling and branding<\/p>\n<\/li>\n<li data-start=\"1289\" data-end=\"1331\">\n<p data-start=\"1291\" data-end=\"1331\">Food-grade and recyclable glass material<\/p>\n<\/li>\n<\/ul>","protected":false},"excerpt":{"rendered":"<table width=\"528\">\n<tbody>\n<tr>\n<td width=\"126\">Tam Kapasite ml<\/td>\n<td width=\"131\">Dolum Kapasitesi ml<\/td>\n<td width=\"60\">A\u011f\u0131rl\u0131k g<\/td>\n<td width=\"68\">mm ile bitirin<\/td>\n<td width=\"74\">\u00c7ap mm<\/td>\n<td width=\"69\">Y\u00fckseklik mm<\/td>\n<\/tr>\n<tr>\n<td>1051<\/td>\n<td>1000<\/td>\n<td>490<\/td>\n<td>80.75<\/td>\n<td>\u230097.5<\/td>\n<td>183.2<\/td>\n<\/tr>\n<\/tbody>\n<\/table>","protected":false},"featured_media":6064,"comment_status":"open","ping_status":"closed","template":"","meta":{"jetpack_publicize_message":"","jetpack_publicize_feature_enabled":true,"jetpack_social_post_already_shared":true,"jetpack_social_options":{"image_generator_settings":{"template":"highway","default_image_id":0,"font":"","enabled":false},"version":2},"_wpas_customize_per_network":false},"product_brand":[1391],"product_cat":[1537,1504,1375],"product_tag":[1383],"class_list":{"0":"post-6060","1":"product","2":"type-product","3":"status-publish","4":"has-post-thumbnail","6":"product_brand-berlin-packaging","7":"product_cat-glass","8":"product_cat-500-1000ml-food-jar","9":"product_cat-food-bottle-food-jar","10":"product_tag-food","12":"first","13":"outofstock","14":"shipping-taxable","15":"product-type-simple"},"exclude_global_add_ons":[],"addons":[],"jetpack_publicize_connections":[],"jetpack_sharing_enabled":true,"jetpack_likes_enabled":true,"_links":{"self":[{"href":"https:\/\/berlinpackagingapac.com\/tr\/wp-json\/wp\/v2\/product\/6060","targetHints":{"allow":["GET"]}}],"collection":[{"href":"https:\/\/berlinpackagingapac.com\/tr\/wp-json\/wp\/v2\/product"}],"about":[{"href":"https:\/\/berlinpackagingapac.com\/tr\/wp-json\/wp\/v2\/types\/product"}],"replies":[{"embeddable":true,"href":"https:\/\/berlinpackagingapac.com\/tr\/wp-json\/wp\/v2\/comments?post=6060"}],"version-history":[{"count":2,"href":"https:\/\/berlinpackagingapac.com\/tr\/wp-json\/wp\/v2\/product\/6060\/revisions"}],"predecessor-version":[{"id":6072,"href":"https:\/\/berlinpackagingapac.com\/tr\/wp-json\/wp\/v2\/product\/6060\/revisions\/6072"}],"wp:featuredmedia":[{"embeddable":true,"href":"https:\/\/berlinpackagingapac.com\/tr\/wp-json\/wp\/v2\/media\/6064"}],"wp:attachment":[{"href":"https:\/\/berlinpackagingapac.com\/tr\/wp-json\/wp\/v2\/media?parent=6060"}],"wp:term":[{"taxonomy":"product_brand","embeddable":true,"href":"https:\/\/berlinpackagingapac.com\/tr\/wp-json\/wp\/v2\/product_brand?post=6060"},{"taxonomy":"product_cat","embeddable":true,"href":"https:\/\/berlinpackagingapac.com\/tr\/wp-json\/wp\/v2\/product_cat?post=6060"},{"taxonomy":"product_tag","embeddable":true,"href":"https:\/\/berlinpackagingapac.com\/tr\/wp-json\/wp\/v2\/product_tag?post=6060"}],"curies":[{"name":"wp","href":"https:\/\/api.w.org\/{rel}","templated":true}]}}