{"id":6073,"date":"2025-06-24T16:30:10","date_gmt":"2025-06-24T08:30:10","guid":{"rendered":"https:\/\/berlinpackagingapac.com\/?post_type=product&#038;p=6073"},"modified":"2025-06-24T16:30:11","modified_gmt":"2025-06-24T08:30:11","slug":"250ml-juice-bottle-bpd-1100","status":"publish","type":"product","link":"https:\/\/berlinpackagingapac.com\/tr\/product\/250ml-juice-bottle-bpd-1100\/","title":{"rendered":"250 ml Meyve Suyu \u015ei\u015fesi, BPD-1100"},"content":{"rendered":"<p data-start=\"464\" data-end=\"818\"><strong data-start=\"464\" data-end=\"484\">Product Overview<\/strong><br data-start=\"484\" data-end=\"487\" \/>This 250ml clear glass bottle is designed for cold beverages and juice packaging. Its sleek rounded profile and wide 40.5mm opening make it perfect for cold-fill or hot-fill production lines. With high transparency and a smooth surface, this bottle supports labeling, shrink sleeve decoration, and printing for brand customization.<\/p>\n<p data-start=\"820\" data-end=\"838\"><strong data-start=\"820\" data-end=\"836\">Uygulamalar<\/strong><\/p>\n<ul data-start=\"839\" data-end=\"1019\">\n<li data-start=\"839\" data-end=\"862\">\n<p data-start=\"841\" data-end=\"862\">Cold-pressed juices<\/p>\n<\/li>\n<li data-start=\"863\" data-end=\"901\">\n<p data-start=\"865\" data-end=\"901\">Dairy drinks (milk, yogurt, kefir)<\/p>\n<\/li>\n<li data-start=\"902\" data-end=\"935\">\n<p data-start=\"904\" data-end=\"935\">Smoothies &amp; protein beverages<\/p>\n<\/li>\n<li data-start=\"936\" data-end=\"966\">\n<p data-start=\"938\" data-end=\"966\">Functional &amp; herbal drinks<\/p>\n<\/li>\n<li data-start=\"967\" data-end=\"999\">\n<p data-start=\"969\" data-end=\"999\">Vinegar-based wellness shots<\/p>\n<\/li>\n<li data-start=\"1000\" data-end=\"1019\">\n<p data-start=\"1002\" data-end=\"1019\">Iced coffee \/ tea<\/p>\n<\/li>\n<\/ul>\n<p data-start=\"1021\" data-end=\"1039\"><strong data-start=\"1021\" data-end=\"1037\">Ba\u015fl\u0131ca \u00d6zellikler<\/strong><\/p>\n<ul data-start=\"1040\" data-end=\"1263\">\n<li data-start=\"1040\" data-end=\"1091\">\n<p data-start=\"1042\" data-end=\"1091\">Wide mouth design for easy filling and drinking<\/p>\n<\/li>\n<li data-start=\"1092\" data-end=\"1142\">\n<p data-start=\"1094\" data-end=\"1142\">Compatible with aluminum or plastic twist caps<\/p>\n<\/li>\n<li data-start=\"1143\" data-end=\"1187\">\n<p data-start=\"1145\" data-end=\"1187\">Food-safe and recyclable soda-lime glass<\/p>\n<\/li>\n<li data-start=\"1188\" data-end=\"1263\">\n<p data-start=\"1190\" data-end=\"1263\">Custom decoration services available: silk print, frosting, color coating<\/p>\n<\/li>\n<\/ul>","protected":false},"excerpt":{"rendered":"<table width=\"528\">\n<tbody>\n<tr>\n<td width=\"126\">Tam Kapasite ml<\/td>\n<td width=\"131\">Dolum Kapasitesi ml<\/td>\n<td width=\"60\">A\u011f\u0131rl\u0131k g<\/td>\n<td width=\"68\">mm ile bitirin<\/td>\n<td width=\"74\">\u00c7ap mm<\/td>\n<td width=\"69\">Y\u00fckseklik mm<\/td>\n<\/tr>\n<tr>\n<td>275<\/td>\n<td>250<\/td>\n<td>160<\/td>\n<td>40.5<\/td>\n<td>\u230062.5<\/td>\n<td>137.8<\/td>\n<\/tr>\n<\/tbody>\n<\/table>","protected":false},"featured_media":6077,"comment_status":"open","ping_status":"closed","template":"","meta":{"jetpack_post_was_ever_published":false,"jetpack_publicize_message":"","jetpack_publicize_feature_enabled":true,"jetpack_social_post_already_shared":true,"jetpack_social_options":{"image_generator_settings":{"template":"highway","default_image_id":0,"font":"","enabled":false},"version":2},"_wpas_customize_per_network":false},"product_brand":[1391],"product_cat":[1537,1436,1376],"product_tag":[1384],"class_list":{"0":"post-6073","1":"product","2":"type-product","3":"status-publish","4":"has-post-thumbnail","6":"product_brand-berlin-packaging","7":"product_cat-glass","8":"product_cat-100-330ml-beverage","9":"product_cat-beverage","10":"product_tag-beverage","12":"first","13":"outofstock","14":"shipping-taxable","15":"product-type-simple"},"exclude_global_add_ons":[],"addons":[],"jetpack_publicize_connections":[],"jetpack_sharing_enabled":true,"jetpack_likes_enabled":true,"_links":{"self":[{"href":"https:\/\/berlinpackagingapac.com\/tr\/wp-json\/wp\/v2\/product\/6073","targetHints":{"allow":["GET"]}}],"collection":[{"href":"https:\/\/berlinpackagingapac.com\/tr\/wp-json\/wp\/v2\/product"}],"about":[{"href":"https:\/\/berlinpackagingapac.com\/tr\/wp-json\/wp\/v2\/types\/product"}],"replies":[{"embeddable":true,"href":"https:\/\/berlinpackagingapac.com\/tr\/wp-json\/wp\/v2\/comments?post=6073"}],"version-history":[{"count":2,"href":"https:\/\/berlinpackagingapac.com\/tr\/wp-json\/wp\/v2\/product\/6073\/revisions"}],"predecessor-version":[{"id":6083,"href":"https:\/\/berlinpackagingapac.com\/tr\/wp-json\/wp\/v2\/product\/6073\/revisions\/6083"}],"wp:featuredmedia":[{"embeddable":true,"href":"https:\/\/berlinpackagingapac.com\/tr\/wp-json\/wp\/v2\/media\/6077"}],"wp:attachment":[{"href":"https:\/\/berlinpackagingapac.com\/tr\/wp-json\/wp\/v2\/media?parent=6073"}],"wp:term":[{"taxonomy":"product_brand","embeddable":true,"href":"https:\/\/berlinpackagingapac.com\/tr\/wp-json\/wp\/v2\/product_brand?post=6073"},{"taxonomy":"product_cat","embeddable":true,"href":"https:\/\/berlinpackagingapac.com\/tr\/wp-json\/wp\/v2\/product_cat?post=6073"},{"taxonomy":"product_tag","embeddable":true,"href":"https:\/\/berlinpackagingapac.com\/tr\/wp-json\/wp\/v2\/product_tag?post=6073"}],"curies":[{"name":"wp","href":"https:\/\/api.w.org\/{rel}","templated":true}]}}