{"id":6074,"date":"2025-06-24T16:29:24","date_gmt":"2025-06-24T08:29:24","guid":{"rendered":"https:\/\/berlinpackagingapac.com\/?post_type=product&#038;p=6074"},"modified":"2025-09-02T14:58:29","modified_gmt":"2025-09-02T06:58:29","slug":"bp21854a-100ml-bottle","status":"publish","type":"product","link":"https:\/\/berlinpackagingapac.com\/tr\/product\/bp21854a-100ml-bottle\/","title":{"rendered":"BP21854A, 100 ml \u015ei\u015fe"},"content":{"rendered":"<p>The 100ml Bottle BP21854A offers elegant glass packaging for premium spirits and liqueurs. Ready for immediate bulk orders, ideal for craft distilleries and duty-free retailers seeking sophisticated miniature bottle solutions.<\/p>","protected":false},"excerpt":{"rendered":"<table width=\"591\">\n<tbody>\n<tr>\n<td width=\"123\">Tam Kapasite<\/td>\n<td width=\"123\">A\u011f\u0131rl\u0131k<\/td>\n<td width=\"99\">Sona ermek<\/td>\n<td width=\"123\">\u00c7ap<\/td>\n<td width=\"123\">Y\u00fckseklik<\/td>\n<\/tr>\n<tr>\n<td>107<\/td>\n<td>250<\/td>\n<td>NA<\/td>\n<td>40.2<\/td>\n<td>235<\/td>\n<\/tr>\n<\/tbody>\n<\/table>","protected":false},"featured_media":6078,"comment_status":"open","ping_status":"closed","template":"","meta":{"jetpack_publicize_message":"","jetpack_publicize_feature_enabled":true,"jetpack_social_post_already_shared":true,"jetpack_social_options":{"image_generator_settings":{"template":"highway","default_image_id":0,"font":"","enabled":false},"version":2},"_wpas_customize_per_network":false},"product_brand":[1391],"product_cat":[1444,1628,1537],"product_tag":[1492],"class_list":{"0":"post-6074","1":"product","2":"type-product","3":"status-publish","4":"has-post-thumbnail","6":"product_brand-berlin-packaging","7":"product_cat-spirits-bottles","8":"product_cat-50-100ml-spirits","9":"product_cat-glass","10":"product_tag-spirits","12":"first","13":"outofstock","14":"shipping-taxable","15":"product-type-simple"},"exclude_global_add_ons":[],"addons":[],"jetpack_publicize_connections":[],"jetpack_sharing_enabled":true,"jetpack_likes_enabled":true,"_links":{"self":[{"href":"https:\/\/berlinpackagingapac.com\/tr\/wp-json\/wp\/v2\/product\/6074","targetHints":{"allow":["GET"]}}],"collection":[{"href":"https:\/\/berlinpackagingapac.com\/tr\/wp-json\/wp\/v2\/product"}],"about":[{"href":"https:\/\/berlinpackagingapac.com\/tr\/wp-json\/wp\/v2\/types\/product"}],"replies":[{"embeddable":true,"href":"https:\/\/berlinpackagingapac.com\/tr\/wp-json\/wp\/v2\/comments?post=6074"}],"version-history":[{"count":2,"href":"https:\/\/berlinpackagingapac.com\/tr\/wp-json\/wp\/v2\/product\/6074\/revisions"}],"predecessor-version":[{"id":6082,"href":"https:\/\/berlinpackagingapac.com\/tr\/wp-json\/wp\/v2\/product\/6074\/revisions\/6082"}],"wp:featuredmedia":[{"embeddable":true,"href":"https:\/\/berlinpackagingapac.com\/tr\/wp-json\/wp\/v2\/media\/6078"}],"wp:attachment":[{"href":"https:\/\/berlinpackagingapac.com\/tr\/wp-json\/wp\/v2\/media?parent=6074"}],"wp:term":[{"taxonomy":"product_brand","embeddable":true,"href":"https:\/\/berlinpackagingapac.com\/tr\/wp-json\/wp\/v2\/product_brand?post=6074"},{"taxonomy":"product_cat","embeddable":true,"href":"https:\/\/berlinpackagingapac.com\/tr\/wp-json\/wp\/v2\/product_cat?post=6074"},{"taxonomy":"product_tag","embeddable":true,"href":"https:\/\/berlinpackagingapac.com\/tr\/wp-json\/wp\/v2\/product_tag?post=6074"}],"curies":[{"name":"wp","href":"https:\/\/api.w.org\/{rel}","templated":true}]}}