{"id":6084,"date":"2025-06-24T16:32:24","date_gmt":"2025-06-24T08:32:24","guid":{"rendered":"https:\/\/berlinpackagingapac.com\/?post_type=product&#038;p=6084"},"modified":"2025-06-24T16:32:24","modified_gmt":"2025-06-24T08:32:24","slug":"bp21826a-200ml-bottle","status":"publish","type":"product","link":"https:\/\/berlinpackagingapac.com\/tr\/product\/bp21826a-200ml-bottle\/","title":{"rendered":"BP21826A, 200 ml \u015ei\u015fe"},"content":{"rendered":"<p>The 200ml Bottle BP21826A features commercial-grade glass construction for premium spirits and craft liqueurs. Ready for immediate shipment, ideal for boutique distilleries and specialty beverage brands seeking elegant mid-size packaging solutions.<\/p>","protected":false},"excerpt":{"rendered":"<table width=\"591\">\n<tbody>\n<tr>\n<td width=\"123\">Tam Kapasite<\/td>\n<td width=\"123\">A\u011f\u0131rl\u0131k<\/td>\n<td width=\"99\">Sona ermek<\/td>\n<td width=\"123\">\u00c7ap<\/td>\n<td width=\"123\">Y\u00fckseklik<\/td>\n<\/tr>\n<tr>\n<td>210<\/td>\n<td>350<\/td>\n<td>23<\/td>\n<td>48<\/td>\n<td>280<\/td>\n<\/tr>\n<\/tbody>\n<\/table>","protected":false},"featured_media":6086,"comment_status":"open","ping_status":"closed","template":"","meta":{"jetpack_publicize_message":"","jetpack_publicize_feature_enabled":true,"jetpack_social_post_already_shared":true,"jetpack_social_options":{"image_generator_settings":{"template":"highway","default_image_id":0,"font":"","enabled":false},"version":2},"_wpas_customize_per_network":false},"product_brand":[1391],"product_cat":[1444,1465,1537],"product_tag":[],"class_list":{"0":"post-6084","1":"product","2":"type-product","3":"status-publish","4":"has-post-thumbnail","6":"product_brand-berlin-packaging","7":"product_cat-spirits-bottles","8":"product_cat-100-500ml-spirits","9":"product_cat-glass","11":"first","12":"outofstock","13":"shipping-taxable","14":"product-type-simple"},"exclude_global_add_ons":[],"addons":[],"jetpack_publicize_connections":[],"jetpack_sharing_enabled":true,"jetpack_likes_enabled":true,"_links":{"self":[{"href":"https:\/\/berlinpackagingapac.com\/tr\/wp-json\/wp\/v2\/product\/6084","targetHints":{"allow":["GET"]}}],"collection":[{"href":"https:\/\/berlinpackagingapac.com\/tr\/wp-json\/wp\/v2\/product"}],"about":[{"href":"https:\/\/berlinpackagingapac.com\/tr\/wp-json\/wp\/v2\/types\/product"}],"replies":[{"embeddable":true,"href":"https:\/\/berlinpackagingapac.com\/tr\/wp-json\/wp\/v2\/comments?post=6084"}],"version-history":[{"count":3,"href":"https:\/\/berlinpackagingapac.com\/tr\/wp-json\/wp\/v2\/product\/6084\/revisions"}],"predecessor-version":[{"id":6089,"href":"https:\/\/berlinpackagingapac.com\/tr\/wp-json\/wp\/v2\/product\/6084\/revisions\/6089"}],"wp:featuredmedia":[{"embeddable":true,"href":"https:\/\/berlinpackagingapac.com\/tr\/wp-json\/wp\/v2\/media\/6086"}],"wp:attachment":[{"href":"https:\/\/berlinpackagingapac.com\/tr\/wp-json\/wp\/v2\/media?parent=6084"}],"wp:term":[{"taxonomy":"product_brand","embeddable":true,"href":"https:\/\/berlinpackagingapac.com\/tr\/wp-json\/wp\/v2\/product_brand?post=6084"},{"taxonomy":"product_cat","embeddable":true,"href":"https:\/\/berlinpackagingapac.com\/tr\/wp-json\/wp\/v2\/product_cat?post=6084"},{"taxonomy":"product_tag","embeddable":true,"href":"https:\/\/berlinpackagingapac.com\/tr\/wp-json\/wp\/v2\/product_tag?post=6084"}],"curies":[{"name":"wp","href":"https:\/\/api.w.org\/{rel}","templated":true}]}}