{"id":6190,"date":"2025-06-25T10:40:01","date_gmt":"2025-06-25T02:40:01","guid":{"rendered":"https:\/\/berlinpackagingapac.com\/?post_type=product&#038;p=6190"},"modified":"2025-06-25T10:40:01","modified_gmt":"2025-06-25T02:40:01","slug":"bpqd-sly-gb240006-a00-rev00-rum-bottle-700ml","status":"publish","type":"product","link":"https:\/\/berlinpackagingapac.com\/tr\/product\/bpqd-sly-gb240006-a00-rev00-rum-bottle-700ml\/","title":{"rendered":"BPQD-SLY-GB240006-A00-REV00, 700 ml Rom \u015ei\u015fesi"},"content":{"rendered":"<p>The Rum Bottle 700ml BPQD-SLY-GB240006-A00-REV00 offers commercial-grade glass construction specifically designed for premium rum. Ideal for distilleries and specialty brands seeking professional 700ml packaging with custom engraving options. Click <a href=\"https:\/\/berlinpackagingapac.com\/tr\/product\/bpqd-sly-gb240005-a00-rev00-rum-bottle-350ml\/\">here<\/a> to check out the same design of 350ml bottle.<\/p>","protected":false},"excerpt":{"rendered":"<table width=\"591\">\n<tbody>\n<tr>\n<td width=\"123\">Tam Kapasite<\/td>\n<td width=\"123\">A\u011f\u0131rl\u0131k<\/td>\n<td width=\"99\">Sona ermek<\/td>\n<td width=\"123\">\u00c7ap<\/td>\n<td width=\"123\">Y\u00fckseklik<\/td>\n<\/tr>\n<tr>\n<td>725<\/td>\n<td>480<\/td>\n<td>GF305V<\/td>\n<td>75.2<\/td>\n<td>302<\/td>\n<\/tr>\n<\/tbody>\n<\/table>","protected":false},"featured_media":6191,"comment_status":"open","ping_status":"closed","template":"","meta":{"jetpack_publicize_message":"","jetpack_publicize_feature_enabled":true,"jetpack_social_post_already_shared":true,"jetpack_social_options":{"image_generator_settings":{"template":"highway","default_image_id":0,"font":"","enabled":false},"version":2},"_wpas_customize_per_network":false},"product_brand":[1391],"product_cat":[1537,1466,1444],"product_tag":[1492],"class_list":{"0":"post-6190","1":"product","2":"type-product","3":"status-publish","4":"has-post-thumbnail","6":"product_brand-berlin-packaging","7":"product_cat-glass","8":"product_cat-500-700ml-spirits","9":"product_cat-spirits-bottles","10":"product_tag-spirits","12":"first","13":"outofstock","14":"shipping-taxable","15":"product-type-simple"},"exclude_global_add_ons":[],"addons":[],"jetpack_publicize_connections":[],"jetpack_sharing_enabled":true,"jetpack_likes_enabled":true,"_links":{"self":[{"href":"https:\/\/berlinpackagingapac.com\/tr\/wp-json\/wp\/v2\/product\/6190","targetHints":{"allow":["GET"]}}],"collection":[{"href":"https:\/\/berlinpackagingapac.com\/tr\/wp-json\/wp\/v2\/product"}],"about":[{"href":"https:\/\/berlinpackagingapac.com\/tr\/wp-json\/wp\/v2\/types\/product"}],"replies":[{"embeddable":true,"href":"https:\/\/berlinpackagingapac.com\/tr\/wp-json\/wp\/v2\/comments?post=6190"}],"version-history":[{"count":3,"href":"https:\/\/berlinpackagingapac.com\/tr\/wp-json\/wp\/v2\/product\/6190\/revisions"}],"predecessor-version":[{"id":6195,"href":"https:\/\/berlinpackagingapac.com\/tr\/wp-json\/wp\/v2\/product\/6190\/revisions\/6195"}],"wp:featuredmedia":[{"embeddable":true,"href":"https:\/\/berlinpackagingapac.com\/tr\/wp-json\/wp\/v2\/media\/6191"}],"wp:attachment":[{"href":"https:\/\/berlinpackagingapac.com\/tr\/wp-json\/wp\/v2\/media?parent=6190"}],"wp:term":[{"taxonomy":"product_brand","embeddable":true,"href":"https:\/\/berlinpackagingapac.com\/tr\/wp-json\/wp\/v2\/product_brand?post=6190"},{"taxonomy":"product_cat","embeddable":true,"href":"https:\/\/berlinpackagingapac.com\/tr\/wp-json\/wp\/v2\/product_cat?post=6190"},{"taxonomy":"product_tag","embeddable":true,"href":"https:\/\/berlinpackagingapac.com\/tr\/wp-json\/wp\/v2\/product_tag?post=6190"}],"curies":[{"name":"wp","href":"https:\/\/api.w.org\/{rel}","templated":true}]}}