{"id":6206,"date":"2025-06-25T11:44:20","date_gmt":"2025-06-25T03:44:20","guid":{"rendered":"https:\/\/berlinpackagingapac.com\/?post_type=product&#038;p=6206"},"modified":"2025-06-25T11:44:21","modified_gmt":"2025-06-25T03:44:21","slug":"wine-bottle-aluminum-screw-cap-with-tamper-evident-band-bp-wc03","status":"publish","type":"product","link":"https:\/\/berlinpackagingapac.com\/tr\/product\/wine-bottle-aluminum-screw-cap-with-tamper-evident-band-bp-wc03\/","title":{"rendered":"\u015earap \u015ei\u015fesi \u0130\u00e7in Al\u00fcminyum Vidal\u0131 Kapak, Kurcalamaya Kar\u015f\u0131 Koruma Band\u0131 ile Birlikte, BP-WC03"},"content":{"rendered":"<table class=\"w-fit min-w-(--thread-content-width)\" data-start=\"590\" data-end=\"1169\">\n<thead data-start=\"590\" data-end=\"649\">\n<tr data-start=\"590\" data-end=\"649\">\n<th data-start=\"590\" data-end=\"615\" data-col-size=\"sm\">Parameter<\/th>\n<th data-start=\"615\" data-end=\"649\" data-col-size=\"md\">Value<\/th>\n<\/tr>\n<\/thead>\n<tbody data-start=\"711\" data-end=\"1169\">\n<tr data-start=\"711\" data-end=\"771\">\n<td data-start=\"711\" data-end=\"736\" data-col-size=\"sm\">Malzeme<\/td>\n<td data-col-size=\"md\" data-start=\"736\" data-end=\"771\">Aluminum + Food-grade Liner<\/td>\n<\/tr>\n<tr data-start=\"772\" data-end=\"832\">\n<td data-start=\"772\" data-end=\"797\" data-col-size=\"sm\">Diameter \u00d7 Height<\/td>\n<td data-col-size=\"md\" data-start=\"797\" data-end=\"832\">30 mm \u00d7 60 mm<\/td>\n<\/tr>\n<tr data-start=\"833\" data-end=\"893\">\n<td data-start=\"833\" data-end=\"858\" data-col-size=\"sm\">Neck Finish<\/td>\n<td data-start=\"858\" data-end=\"893\" data-col-size=\"md\">30&#215;60 BVS<\/td>\n<\/tr>\n<tr data-start=\"894\" data-end=\"957\">\n<td data-start=\"894\" data-end=\"919\" data-col-size=\"sm\">Liner Type<\/td>\n<td data-col-size=\"md\" data-start=\"919\" data-end=\"957\">Saranex \/ EPE \/ PVC (customizable)<\/td>\n<\/tr>\n<tr data-start=\"958\" data-end=\"1023\">\n<td data-start=\"958\" data-end=\"983\" data-col-size=\"sm\">Colors Available<\/td>\n<td data-col-size=\"md\" data-start=\"983\" data-end=\"1023\">Green, Gold, Red, Black, White, etc.<\/td>\n<\/tr>\n<tr data-start=\"1024\" data-end=\"1089\">\n<td data-start=\"1024\" data-end=\"1049\" data-col-size=\"sm\">Customization<\/td>\n<td data-col-size=\"md\" data-start=\"1049\" data-end=\"1089\">Logo printing, embossing, top emboss<\/td>\n<\/tr>\n<tr data-start=\"1090\" data-end=\"1169\">\n<td data-start=\"1090\" data-end=\"1115\" data-col-size=\"sm\">MOQ<\/td>\n<td data-col-size=\"md\" data-start=\"1115\" data-end=\"1169\">100,000 pcs (for standard), 500,000 pcs (customized)<\/td>\n<\/tr>\n<\/tbody>\n<\/table>\n<h4 data-start=\"1171\" data-end=\"1201\"><strong data-start=\"1179\" data-end=\"1201\">Ba\u015fl\u0131ca \u00d6zellikler<\/strong><\/h4>\n<ul data-start=\"1202\" data-end=\"1384\">\n<li data-start=\"1202\" data-end=\"1229\">\n<p data-start=\"1204\" data-end=\"1229\">Tamper-evident break band<\/p>\n<\/li>\n<li data-start=\"1230\" data-end=\"1247\">\n<p data-start=\"1232\" data-end=\"1247\">Leak-proof seal<\/p>\n<\/li>\n<li data-start=\"1248\" data-end=\"1292\">\n<p data-start=\"1250\" data-end=\"1292\">Compatible with automatic capping machines<\/p>\n<\/li>\n<li data-start=\"1293\" data-end=\"1342\">\n<p data-start=\"1295\" data-end=\"1342\">Available in glossy, matte, or brushed finishes<\/p>\n<\/li>\n<li data-start=\"1343\" data-end=\"1384\">\n<p data-start=\"1345\" data-end=\"1384\">Optional inner liner for oxygen control<\/p>\n<\/li>\n<\/ul>","protected":false},"excerpt":{"rendered":"<p>A premium wine bottle aluminum screw cap with a tamper-evident band, ideal for wine bottles. Available in various colors and compatible with standard 30&#215;60 mm bottle neck finishes.<\/p>","protected":false},"featured_media":6209,"comment_status":"open","ping_status":"closed","template":"","meta":{"jetpack_post_was_ever_published":false,"jetpack_publicize_message":"","jetpack_publicize_feature_enabled":true,"jetpack_social_post_already_shared":true,"jetpack_social_options":{"image_generator_settings":{"template":"highway","default_image_id":0,"font":"","enabled":false},"version":2},"_wpas_customize_per_network":false},"product_brand":[1391],"product_cat":[1539,1445,1459,1469,1381],"product_tag":[1494],"class_list":{"0":"post-6206","1":"product","2":"type-product","3":"status-publish","4":"has-post-thumbnail","6":"product_brand-berlin-packaging","7":"product_cat-metal","8":"product_cat-closure","9":"product_cat-others-wine","10":"product_cat-screw-cap-closure","11":"product_cat-wine-bottles","12":"product_tag-closure","14":"first","15":"outofstock","16":"shipping-taxable","17":"product-type-simple"},"exclude_global_add_ons":[],"addons":[],"jetpack_publicize_connections":[],"jetpack_sharing_enabled":true,"jetpack_likes_enabled":true,"_links":{"self":[{"href":"https:\/\/berlinpackagingapac.com\/tr\/wp-json\/wp\/v2\/product\/6206","targetHints":{"allow":["GET"]}}],"collection":[{"href":"https:\/\/berlinpackagingapac.com\/tr\/wp-json\/wp\/v2\/product"}],"about":[{"href":"https:\/\/berlinpackagingapac.com\/tr\/wp-json\/wp\/v2\/types\/product"}],"replies":[{"embeddable":true,"href":"https:\/\/berlinpackagingapac.com\/tr\/wp-json\/wp\/v2\/comments?post=6206"}],"version-history":[{"count":3,"href":"https:\/\/berlinpackagingapac.com\/tr\/wp-json\/wp\/v2\/product\/6206\/revisions"}],"predecessor-version":[{"id":6210,"href":"https:\/\/berlinpackagingapac.com\/tr\/wp-json\/wp\/v2\/product\/6206\/revisions\/6210"}],"wp:featuredmedia":[{"embeddable":true,"href":"https:\/\/berlinpackagingapac.com\/tr\/wp-json\/wp\/v2\/media\/6209"}],"wp:attachment":[{"href":"https:\/\/berlinpackagingapac.com\/tr\/wp-json\/wp\/v2\/media?parent=6206"}],"wp:term":[{"taxonomy":"product_brand","embeddable":true,"href":"https:\/\/berlinpackagingapac.com\/tr\/wp-json\/wp\/v2\/product_brand?post=6206"},{"taxonomy":"product_cat","embeddable":true,"href":"https:\/\/berlinpackagingapac.com\/tr\/wp-json\/wp\/v2\/product_cat?post=6206"},{"taxonomy":"product_tag","embeddable":true,"href":"https:\/\/berlinpackagingapac.com\/tr\/wp-json\/wp\/v2\/product_tag?post=6206"}],"curies":[{"name":"wp","href":"https:\/\/api.w.org\/{rel}","templated":true}]}}