{"id":6335,"date":"2025-06-25T16:07:45","date_gmt":"2025-06-25T08:07:45","guid":{"rendered":"https:\/\/berlinpackagingapac.com\/?post_type=product&#038;p=6335"},"modified":"2025-08-13T16:20:46","modified_gmt":"2025-08-13T08:20:46","slug":"bpdx401060-750ml-decanter-contessa-bottle","status":"publish","type":"product","link":"https:\/\/berlinpackagingapac.com\/tr\/product\/bpdx401060-750ml-decanter-contessa-bottle\/","title":{"rendered":"BPDX401060, 750ml Decanter Contessa Bottle"},"content":{"rendered":"<p>The 750ml Decanter Contessa Bottle BPDX401060 offers elegant glass construction designed for premium spirits presentation. Ideal for high-end distilleries and luxury brands seeking sophisticated serving solutions with custom branding options.<\/p>","protected":false},"excerpt":{"rendered":"<table width=\"591\">\n<tbody>\n<tr>\n<td width=\"123\">Tam Kapasite<\/td>\n<td width=\"123\">A\u011f\u0131rl\u0131k<\/td>\n<td width=\"99\">Sona ermek<\/td>\n<td width=\"123\">\u00c7ap<\/td>\n<td width=\"123\">Y\u00fckseklik<\/td>\n<\/tr>\n<tr>\n<td>771<\/td>\n<td>750<\/td>\n<td>35<\/td>\n<td>81.6<\/td>\n<td>220.2<\/td>\n<\/tr>\n<\/tbody>\n<\/table>","protected":false},"featured_media":7684,"comment_status":"open","ping_status":"closed","template":"","meta":{"jetpack_publicize_message":"","jetpack_publicize_feature_enabled":true,"jetpack_social_post_already_shared":true,"jetpack_social_options":{"image_generator_settings":{"template":"highway","default_image_id":0,"font":"","enabled":false},"version":2},"_wpas_customize_per_network":false},"product_brand":[1391],"product_cat":[1537,1467,1444],"product_tag":[1492],"class_list":{"0":"post-6335","1":"product","2":"type-product","3":"status-publish","4":"has-post-thumbnail","6":"product_brand-berlin-packaging","7":"product_cat-glass","8":"product_cat-750-1000ml-spirits","9":"product_cat-spirits-bottles","10":"product_tag-spirits","12":"first","13":"outofstock","14":"shipping-taxable","15":"product-type-simple"},"exclude_global_add_ons":[],"addons":[],"jetpack_publicize_connections":[],"jetpack_sharing_enabled":true,"jetpack_likes_enabled":true,"_links":{"self":[{"href":"https:\/\/berlinpackagingapac.com\/tr\/wp-json\/wp\/v2\/product\/6335","targetHints":{"allow":["GET"]}}],"collection":[{"href":"https:\/\/berlinpackagingapac.com\/tr\/wp-json\/wp\/v2\/product"}],"about":[{"href":"https:\/\/berlinpackagingapac.com\/tr\/wp-json\/wp\/v2\/types\/product"}],"replies":[{"embeddable":true,"href":"https:\/\/berlinpackagingapac.com\/tr\/wp-json\/wp\/v2\/comments?post=6335"}],"version-history":[{"count":3,"href":"https:\/\/berlinpackagingapac.com\/tr\/wp-json\/wp\/v2\/product\/6335\/revisions"}],"predecessor-version":[{"id":6346,"href":"https:\/\/berlinpackagingapac.com\/tr\/wp-json\/wp\/v2\/product\/6335\/revisions\/6346"}],"wp:featuredmedia":[{"embeddable":true,"href":"https:\/\/berlinpackagingapac.com\/tr\/wp-json\/wp\/v2\/media\/7684"}],"wp:attachment":[{"href":"https:\/\/berlinpackagingapac.com\/tr\/wp-json\/wp\/v2\/media?parent=6335"}],"wp:term":[{"taxonomy":"product_brand","embeddable":true,"href":"https:\/\/berlinpackagingapac.com\/tr\/wp-json\/wp\/v2\/product_brand?post=6335"},{"taxonomy":"product_cat","embeddable":true,"href":"https:\/\/berlinpackagingapac.com\/tr\/wp-json\/wp\/v2\/product_cat?post=6335"},{"taxonomy":"product_tag","embeddable":true,"href":"https:\/\/berlinpackagingapac.com\/tr\/wp-json\/wp\/v2\/product_tag?post=6335"}],"curies":[{"name":"wp","href":"https:\/\/api.w.org\/{rel}","templated":true}]}}