{"id":6424,"date":"2025-06-26T10:30:29","date_gmt":"2025-06-26T02:30:29","guid":{"rendered":"https:\/\/berlinpackagingapac.com\/?post_type=product&#038;p=6424"},"modified":"2026-05-08T12:11:19","modified_gmt":"2026-05-08T04:11:19","slug":"330ml-beer-bottle-bpd-874-2","status":"publish","type":"product","link":"https:\/\/berlinpackagingapac.com\/tr\/urun\/330ml-beer-bottle-bpd-874-2\/","title":{"rendered":"330 ml Bira \u015ei\u015fesi, BPD-874"},"content":{"rendered":"<p>330 ml&#039;lik Uzun Boyunlu Bira \u015ei\u015femiz (BPD-874), bira \u00fcreticileri, i\u00e7ecek markalar\u0131 ve \u015fi\u015feleme ortaklar\u0131 i\u00e7in g\u00fcvenilir ve uygun maliyetli bir \u00e7\u00f6z\u00fcmd\u00fcr. 26,5 mm&#039;lik ta\u00e7 kapakl\u0131 ve uzun, \u015f\u0131k boyunlu bu \u015fi\u015fe, gazl\u0131 i\u00e7ecekler i\u00e7in klasik bir g\u00f6r\u00fcn\u00fcm ve g\u00fcvenli bir s\u0131zd\u0131rmazl\u0131k sa\u011flar. Hem kehribar hem de \u015feffaf cam se\u00e7enekleriyle sunulan \u015fi\u015fe, g\u0131da s\u0131n\u0131f\u0131 g\u00fcvenlik standartlar\u0131n\u0131 kar\u015f\u0131lar ve m\u00fckemmel raf \u00e7ekicili\u011fi sunar. 205 gram a\u011f\u0131rl\u0131\u011f\u0131yla, dayan\u0131kl\u0131l\u0131ktan \u00f6d\u00fcn vermeden daha d\u00fc\u015f\u00fck nakliye maliyetlerini destekler. Bira, elma \u015farab\u0131, gazl\u0131 i\u00e7ecekler ve \u00f6zel i\u00e7ecekler i\u00e7in idealdir.<\/p>","protected":false},"excerpt":{"rendered":"<table width=\"528\">\n<tbody>\n<tr>\n<td width=\"126\">Tam Kapasite ml<\/td>\n<td width=\"131\">Dolum Kapasitesi ml<\/td>\n<td width=\"60\">A\u011f\u0131rl\u0131k g<\/td>\n<td width=\"68\">mm ile bitirin<\/td>\n<td width=\"74\">\u00c7ap mm<\/td>\n<td width=\"69\">Y\u00fckseklik mm<\/td>\n<\/tr>\n<tr>\n<td>346<\/td>\n<td>330<\/td>\n<td>205<\/td>\n<td>ta\u00e7 26.5<\/td>\n<td>\u230058<\/td>\n<td>225<\/td>\n<\/tr>\n<\/tbody>\n<\/table>","protected":false},"featured_media":6427,"comment_status":"open","ping_status":"closed","template":"","meta":{"jetpack_publicize_message":"","jetpack_publicize_feature_enabled":true,"jetpack_social_post_already_shared":true,"jetpack_social_options":{"image_generator_settings":{"template":"highway","default_image_id":0,"font":"","enabled":false},"version":2},"_wpas_customize_per_network":false},"product_brand":[1391],"product_cat":[1537,1443,1376,1436,1461,1460],"product_tag":[1491],"class_list":{"0":"post-6424","1":"product","2":"type-product","3":"status-publish","4":"has-post-thumbnail","6":"product_brand-berlin-packaging","7":"product_cat-glass","8":"product_cat-beer-packaging","9":"product_cat-beverage","10":"product_cat-100-330ml-beverage","11":"product_cat-330ml-beer","12":"product_cat-275ml-beer","13":"product_tag-beer","15":"first","16":"outofstock","17":"shipping-taxable","18":"product-type-simple"},"exclude_global_add_ons":[],"addons":[],"jetpack_publicize_connections":[],"jetpack_sharing_enabled":true,"jetpack_likes_enabled":true,"_links":{"self":[{"href":"https:\/\/berlinpackagingapac.com\/tr\/wp-json\/wp\/v2\/product\/6424","targetHints":{"allow":["GET"]}}],"collection":[{"href":"https:\/\/berlinpackagingapac.com\/tr\/wp-json\/wp\/v2\/product"}],"about":[{"href":"https:\/\/berlinpackagingapac.com\/tr\/wp-json\/wp\/v2\/types\/product"}],"replies":[{"embeddable":true,"href":"https:\/\/berlinpackagingapac.com\/tr\/wp-json\/wp\/v2\/comments?post=6424"}],"version-history":[{"count":3,"href":"https:\/\/berlinpackagingapac.com\/tr\/wp-json\/wp\/v2\/product\/6424\/revisions"}],"predecessor-version":[{"id":6434,"href":"https:\/\/berlinpackagingapac.com\/tr\/wp-json\/wp\/v2\/product\/6424\/revisions\/6434"}],"wp:featuredmedia":[{"embeddable":true,"href":"https:\/\/berlinpackagingapac.com\/tr\/wp-json\/wp\/v2\/media\/6427"}],"wp:attachment":[{"href":"https:\/\/berlinpackagingapac.com\/tr\/wp-json\/wp\/v2\/media?parent=6424"}],"wp:term":[{"taxonomy":"product_brand","embeddable":true,"href":"https:\/\/berlinpackagingapac.com\/tr\/wp-json\/wp\/v2\/product_brand?post=6424"},{"taxonomy":"product_cat","embeddable":true,"href":"https:\/\/berlinpackagingapac.com\/tr\/wp-json\/wp\/v2\/product_cat?post=6424"},{"taxonomy":"product_tag","embeddable":true,"href":"https:\/\/berlinpackagingapac.com\/tr\/wp-json\/wp\/v2\/product_tag?post=6424"}],"curies":[{"name":"wp","href":"https:\/\/api.w.org\/{rel}","templated":true}]}}