{"id":6873,"date":"2025-07-02T11:08:54","date_gmt":"2025-07-02T03:08:54","guid":{"rendered":"https:\/\/berlinpackagingapac.com\/?post_type=product&#038;p=6873"},"modified":"2025-08-13T17:02:28","modified_gmt":"2025-08-13T09:02:28","slug":"bpda-69-10ml-glass-injection-vials","status":"publish","type":"product","link":"https:\/\/berlinpackagingapac.com\/tr\/product\/bpda-69-10ml-glass-injection-vials\/","title":{"rendered":"BPDA-69, 10ml Glass Injection Vials"},"content":{"rendered":"<p>The BPDA-69 10ml Glass Injection Vials offer pharmaceutical-grade sterile containment. Featuring USP Type I borosilicate glass for drug compatibility and aluminum-seal readiness in sterile manufacturing environments.<\/p>","protected":false},"excerpt":{"rendered":"<table style=\"border-collapse: collapse; width: 306.02pt;\" border=\"0\" width=\"612\" cellspacing=\"0\" cellpadding=\"0\">\n<tbody>\n<tr style=\"height: 21.75pt;\">\n<td class=\"et3\" style=\"height: 21.75pt; width: 92.00pt;\" width=\"184\" height=\"43\">Tam Kapasite<\/td>\n<td class=\"et3\" style=\"width: 53.50pt;\" width=\"107\">A\u011f\u0131rl\u0131k<\/td>\n<td class=\"et3\" style=\"width: 53.50pt;\" width=\"107\">Sona ermek<\/td>\n<td class=\"et3\" style=\"width: 53.50pt;\" width=\"107\">\u00c7ap<\/td>\n<td class=\"et3\" style=\"width: 53.50pt;\" width=\"107\">Y\u00fckseklik<\/td>\n<\/tr>\n<tr style=\"height: 21.75pt;\">\n<td class=\"et4\" style=\"height: 21.75pt;\" height=\"43\">15<\/td>\n<td class=\"et4\">21<\/td>\n<td class=\"et4\">20<\/td>\n<td class=\"et4\">25.4<\/td>\n<td class=\"et4\">53.5<\/td>\n<\/tr>\n<\/tbody>\n<\/table>","protected":false},"featured_media":6875,"comment_status":"open","ping_status":"closed","template":"","meta":{"jetpack_post_was_ever_published":false,"jetpack_publicize_message":"","jetpack_publicize_feature_enabled":true,"jetpack_social_post_already_shared":true,"jetpack_social_options":{"image_generator_settings":{"template":"highway","default_image_id":0,"font":"","enabled":false},"version":2},"_wpas_customize_per_network":false},"product_brand":[1391],"product_cat":[1611,1537,1378],"product_tag":[1386],"class_list":{"0":"post-6873","1":"product","2":"type-product","3":"status-publish","4":"has-post-thumbnail","6":"product_brand-berlin-packaging","7":"product_cat-7-100ml","8":"product_cat-glass","9":"product_cat-pharmaceutical-nutraceutical","10":"product_tag-pharmaceutical-nutraceutical","12":"first","13":"outofstock","14":"shipping-taxable","15":"product-type-simple"},"exclude_global_add_ons":[],"addons":[],"jetpack_publicize_connections":[],"jetpack_sharing_enabled":true,"jetpack_likes_enabled":true,"_links":{"self":[{"href":"https:\/\/berlinpackagingapac.com\/tr\/wp-json\/wp\/v2\/product\/6873","targetHints":{"allow":["GET"]}}],"collection":[{"href":"https:\/\/berlinpackagingapac.com\/tr\/wp-json\/wp\/v2\/product"}],"about":[{"href":"https:\/\/berlinpackagingapac.com\/tr\/wp-json\/wp\/v2\/types\/product"}],"replies":[{"embeddable":true,"href":"https:\/\/berlinpackagingapac.com\/tr\/wp-json\/wp\/v2\/comments?post=6873"}],"version-history":[{"count":3,"href":"https:\/\/berlinpackagingapac.com\/tr\/wp-json\/wp\/v2\/product\/6873\/revisions"}],"predecessor-version":[{"id":6879,"href":"https:\/\/berlinpackagingapac.com\/tr\/wp-json\/wp\/v2\/product\/6873\/revisions\/6879"}],"wp:featuredmedia":[{"embeddable":true,"href":"https:\/\/berlinpackagingapac.com\/tr\/wp-json\/wp\/v2\/media\/6875"}],"wp:attachment":[{"href":"https:\/\/berlinpackagingapac.com\/tr\/wp-json\/wp\/v2\/media?parent=6873"}],"wp:term":[{"taxonomy":"product_brand","embeddable":true,"href":"https:\/\/berlinpackagingapac.com\/tr\/wp-json\/wp\/v2\/product_brand?post=6873"},{"taxonomy":"product_cat","embeddable":true,"href":"https:\/\/berlinpackagingapac.com\/tr\/wp-json\/wp\/v2\/product_cat?post=6873"},{"taxonomy":"product_tag","embeddable":true,"href":"https:\/\/berlinpackagingapac.com\/tr\/wp-json\/wp\/v2\/product_tag?post=6873"}],"curies":[{"name":"wp","href":"https:\/\/api.w.org\/{rel}","templated":true}]}}