{"id":6914,"date":"2025-07-02T11:48:54","date_gmt":"2025-07-02T03:48:54","guid":{"rendered":"https:\/\/berlinpackagingapac.com\/?post_type=product&#038;p=6914"},"modified":"2025-08-13T16:58:19","modified_gmt":"2025-08-13T08:58:19","slug":"bpdak-28-50ml-glass-injection-vials","status":"publish","type":"product","link":"https:\/\/berlinpackagingapac.com\/tr\/product\/bpdak-28-50ml-glass-injection-vials\/","title":{"rendered":"BPDAK-28, 50ml Glass Injection Vials"},"content":{"rendered":"<p>BPDAK-28 50ml Glass Injection Vials provide sterile containment for injectable solutions and biologics. Made from USP Type I borosilicate glass for drug stability and compatibility with pharmaceutical filling systems.<\/p>","protected":false},"excerpt":{"rendered":"<table style=\"border-collapse: collapse; width: 306.02pt;\" border=\"0\" width=\"612\" cellspacing=\"0\" cellpadding=\"0\">\n<tbody>\n<tr style=\"height: 21.75pt;\">\n<td class=\"et3\" style=\"height: 21.75pt; width: 92.00pt;\" width=\"184\" height=\"43\">Tam Kapasite<\/td>\n<td class=\"et3\" style=\"width: 53.50pt;\" width=\"107\">A\u011f\u0131rl\u0131k<\/td>\n<td class=\"et3\" style=\"width: 53.50pt;\" width=\"107\">Sona ermek<\/td>\n<td class=\"et3\" style=\"width: 53.50pt;\" width=\"107\">\u00c7ap<\/td>\n<td class=\"et3\" style=\"width: 53.50pt;\" width=\"107\">Y\u00fckseklik<\/td>\n<\/tr>\n<tr style=\"height: 21.75pt;\">\n<td class=\"et4\" style=\"height: 21.75pt;\" height=\"43\">60<\/td>\n<td class=\"et4\">50<\/td>\n<td class=\"et4\">20<\/td>\n<td class=\"et4\">42.5<\/td>\n<td class=\"et4\">73<\/td>\n<\/tr>\n<\/tbody>\n<\/table>","protected":false},"featured_media":6916,"comment_status":"open","ping_status":"closed","template":"","meta":{"jetpack_publicize_message":"","jetpack_publicize_feature_enabled":true,"jetpack_social_post_already_shared":true,"jetpack_social_options":{"image_generator_settings":{"template":"highway","default_image_id":0,"font":"","enabled":false},"version":2},"_wpas_customize_per_network":false},"product_brand":[1391],"product_cat":[1611,1537,1378],"product_tag":[1386],"class_list":{"0":"post-6914","1":"product","2":"type-product","3":"status-publish","4":"has-post-thumbnail","6":"product_brand-berlin-packaging","7":"product_cat-7-100ml","8":"product_cat-glass","9":"product_cat-pharmaceutical-nutraceutical","10":"product_tag-pharmaceutical-nutraceutical","12":"first","13":"outofstock","14":"shipping-taxable","15":"product-type-simple"},"exclude_global_add_ons":[],"addons":[],"jetpack_publicize_connections":[],"jetpack_sharing_enabled":true,"jetpack_likes_enabled":true,"_links":{"self":[{"href":"https:\/\/berlinpackagingapac.com\/tr\/wp-json\/wp\/v2\/product\/6914","targetHints":{"allow":["GET"]}}],"collection":[{"href":"https:\/\/berlinpackagingapac.com\/tr\/wp-json\/wp\/v2\/product"}],"about":[{"href":"https:\/\/berlinpackagingapac.com\/tr\/wp-json\/wp\/v2\/types\/product"}],"replies":[{"embeddable":true,"href":"https:\/\/berlinpackagingapac.com\/tr\/wp-json\/wp\/v2\/comments?post=6914"}],"version-history":[{"count":3,"href":"https:\/\/berlinpackagingapac.com\/tr\/wp-json\/wp\/v2\/product\/6914\/revisions"}],"predecessor-version":[{"id":7689,"href":"https:\/\/berlinpackagingapac.com\/tr\/wp-json\/wp\/v2\/product\/6914\/revisions\/7689"}],"wp:featuredmedia":[{"embeddable":true,"href":"https:\/\/berlinpackagingapac.com\/tr\/wp-json\/wp\/v2\/media\/6916"}],"wp:attachment":[{"href":"https:\/\/berlinpackagingapac.com\/tr\/wp-json\/wp\/v2\/media?parent=6914"}],"wp:term":[{"taxonomy":"product_brand","embeddable":true,"href":"https:\/\/berlinpackagingapac.com\/tr\/wp-json\/wp\/v2\/product_brand?post=6914"},{"taxonomy":"product_cat","embeddable":true,"href":"https:\/\/berlinpackagingapac.com\/tr\/wp-json\/wp\/v2\/product_cat?post=6914"},{"taxonomy":"product_tag","embeddable":true,"href":"https:\/\/berlinpackagingapac.com\/tr\/wp-json\/wp\/v2\/product_tag?post=6914"}],"curies":[{"name":"wp","href":"https:\/\/api.w.org\/{rel}","templated":true}]}}