{"id":7062,"date":"2025-07-08T16:42:38","date_gmt":"2025-07-08T08:42:38","guid":{"rendered":"https:\/\/berlinpackagingapac.com\/?post_type=product&#038;p=7062"},"modified":"2025-07-08T16:43:59","modified_gmt":"2025-07-08T08:43:59","slug":"300ml-milk-bottle-bpc-072","status":"publish","type":"product","link":"https:\/\/berlinpackagingapac.com\/tr\/product\/300ml-milk-bottle-bpc-072\/","title":{"rendered":"300ml Milk Bottle, BPC-072"},"content":{"rendered":"<p>The BPC-072 is a 300ml clear glass milk bottle designed for freshness, functionality, and aesthetic appeal. With a brimful capacity of 327.3ml and a sturdy weight of 210g, this bottle features a 38mm neck finish and compact dimensions of 57.9mm \u00d7 57.9mm \u00d7 165.33mm. Its square base provides excellent shelf presence and space-saving advantages during storage or transport. This bottle is ideal for milk, juice, cold brew coffee, and other dairy or beverage products. Made from food-safe, recyclable glass, the BPC-072 supports eco-friendly, refillable packaging solutions.<\/p>","protected":false},"excerpt":{"rendered":"<table width=\"449\">\n<tbody>\n<tr>\n<td width=\"126\">Tam Kapasite ml<\/td>\n<td width=\"60\">A\u011f\u0131rl\u0131k g<\/td>\n<td width=\"120\">mm ile bitirin<\/td>\n<td width=\"74\">\u00c7ap mm<\/td>\n<td width=\"69\">Y\u00fckseklik mm<\/td>\n<\/tr>\n<tr>\n<td>327.3<\/td>\n<td>210<\/td>\n<td>38<\/td>\n<td>57.9&#215;57.9<\/td>\n<td>165.33<\/td>\n<\/tr>\n<\/tbody>\n<\/table>","protected":false},"featured_media":7066,"comment_status":"open","ping_status":"closed","template":"","meta":{"jetpack_publicize_message":"","jetpack_publicize_feature_enabled":true,"jetpack_social_post_already_shared":true,"jetpack_social_options":{"image_generator_settings":{"template":"highway","default_image_id":0,"font":"","enabled":false},"version":2},"_wpas_customize_per_network":false},"product_brand":[1391],"product_cat":[1436,1376,1537],"product_tag":[1384],"class_list":{"0":"post-7062","1":"product","2":"type-product","3":"status-publish","4":"has-post-thumbnail","6":"product_brand-berlin-packaging","7":"product_cat-100-330ml-beverage","8":"product_cat-beverage","9":"product_cat-glass","10":"product_tag-beverage","12":"first","13":"outofstock","14":"shipping-taxable","15":"product-type-simple"},"exclude_global_add_ons":[],"addons":[],"jetpack_publicize_connections":[],"jetpack_sharing_enabled":true,"jetpack_likes_enabled":true,"_links":{"self":[{"href":"https:\/\/berlinpackagingapac.com\/tr\/wp-json\/wp\/v2\/product\/7062","targetHints":{"allow":["GET"]}}],"collection":[{"href":"https:\/\/berlinpackagingapac.com\/tr\/wp-json\/wp\/v2\/product"}],"about":[{"href":"https:\/\/berlinpackagingapac.com\/tr\/wp-json\/wp\/v2\/types\/product"}],"replies":[{"embeddable":true,"href":"https:\/\/berlinpackagingapac.com\/tr\/wp-json\/wp\/v2\/comments?post=7062"}],"version-history":[{"count":2,"href":"https:\/\/berlinpackagingapac.com\/tr\/wp-json\/wp\/v2\/product\/7062\/revisions"}],"predecessor-version":[{"id":7065,"href":"https:\/\/berlinpackagingapac.com\/tr\/wp-json\/wp\/v2\/product\/7062\/revisions\/7065"}],"wp:featuredmedia":[{"embeddable":true,"href":"https:\/\/berlinpackagingapac.com\/tr\/wp-json\/wp\/v2\/media\/7066"}],"wp:attachment":[{"href":"https:\/\/berlinpackagingapac.com\/tr\/wp-json\/wp\/v2\/media?parent=7062"}],"wp:term":[{"taxonomy":"product_brand","embeddable":true,"href":"https:\/\/berlinpackagingapac.com\/tr\/wp-json\/wp\/v2\/product_brand?post=7062"},{"taxonomy":"product_cat","embeddable":true,"href":"https:\/\/berlinpackagingapac.com\/tr\/wp-json\/wp\/v2\/product_cat?post=7062"},{"taxonomy":"product_tag","embeddable":true,"href":"https:\/\/berlinpackagingapac.com\/tr\/wp-json\/wp\/v2\/product_tag?post=7062"}],"curies":[{"name":"wp","href":"https:\/\/api.w.org\/{rel}","templated":true}]}}