{"id":7707,"date":"2025-08-14T14:13:20","date_gmt":"2025-08-14T06:13:20","guid":{"rendered":"https:\/\/berlinpackagingapac.com\/?post_type=product&#038;p=7707"},"modified":"2025-08-14T14:13:21","modified_gmt":"2025-08-14T06:13:21","slug":"all-plastic-foam-pump-mono-pump","status":"publish","type":"product","link":"https:\/\/berlinpackagingapac.com\/tr\/product\/all-plastic-foam-pump-mono-pump\/","title":{"rendered":"All Plastic Foam Pump, Mono Pump"},"content":{"rendered":"<p>Kullan\u0131m Alanlar\u0131: El dezenfektan\u0131, y\u00fcz temizleyici vb.<br \/>\nExternal plastic spring structure.<br \/>\nSafety and environmentally friendly.<br \/>\nZehirli madde i\u00e7ermeyen pompa bile\u015fimi uluslararas\u0131 standartlara uygundur.<\/p>","protected":false},"excerpt":{"rendered":"<p>Dosage: 1.0\u00b10.2ml<br \/>\nPompa Haz\u0131rlama: 3-4 bas\u0131\u015f<\/p>","protected":false},"featured_media":7709,"comment_status":"open","ping_status":"closed","template":"","meta":{"jetpack_publicize_message":"","jetpack_publicize_feature_enabled":true,"jetpack_social_post_already_shared":true,"jetpack_social_options":{"image_generator_settings":{"template":"highway","default_image_id":0,"font":"","enabled":false},"version":2},"_wpas_customize_per_network":false},"product_brand":[1391],"product_cat":[1538,1445,1471],"product_tag":[1494],"class_list":{"0":"post-7707","1":"product","2":"type-product","3":"status-publish","4":"has-post-thumbnail","6":"product_brand-berlin-packaging","7":"product_cat-plastic","8":"product_cat-closure","9":"product_cat-pump-closure","10":"product_tag-closure","12":"first","13":"outofstock","14":"shipping-taxable","15":"product-type-simple"},"exclude_global_add_ons":[],"addons":[],"jetpack_publicize_connections":[],"jetpack_sharing_enabled":true,"jetpack_likes_enabled":true,"_links":{"self":[{"href":"https:\/\/berlinpackagingapac.com\/tr\/wp-json\/wp\/v2\/product\/7707","targetHints":{"allow":["GET"]}}],"collection":[{"href":"https:\/\/berlinpackagingapac.com\/tr\/wp-json\/wp\/v2\/product"}],"about":[{"href":"https:\/\/berlinpackagingapac.com\/tr\/wp-json\/wp\/v2\/types\/product"}],"replies":[{"embeddable":true,"href":"https:\/\/berlinpackagingapac.com\/tr\/wp-json\/wp\/v2\/comments?post=7707"}],"version-history":[{"count":3,"href":"https:\/\/berlinpackagingapac.com\/tr\/wp-json\/wp\/v2\/product\/7707\/revisions"}],"predecessor-version":[{"id":7711,"href":"https:\/\/berlinpackagingapac.com\/tr\/wp-json\/wp\/v2\/product\/7707\/revisions\/7711"}],"wp:featuredmedia":[{"embeddable":true,"href":"https:\/\/berlinpackagingapac.com\/tr\/wp-json\/wp\/v2\/media\/7709"}],"wp:attachment":[{"href":"https:\/\/berlinpackagingapac.com\/tr\/wp-json\/wp\/v2\/media?parent=7707"}],"wp:term":[{"taxonomy":"product_brand","embeddable":true,"href":"https:\/\/berlinpackagingapac.com\/tr\/wp-json\/wp\/v2\/product_brand?post=7707"},{"taxonomy":"product_cat","embeddable":true,"href":"https:\/\/berlinpackagingapac.com\/tr\/wp-json\/wp\/v2\/product_cat?post=7707"},{"taxonomy":"product_tag","embeddable":true,"href":"https:\/\/berlinpackagingapac.com\/tr\/wp-json\/wp\/v2\/product_tag?post=7707"}],"curies":[{"name":"wp","href":"https:\/\/api.w.org\/{rel}","templated":true}]}}