{"id":7883,"date":"2025-08-20T14:17:37","date_gmt":"2025-08-20T06:17:37","guid":{"rendered":"https:\/\/berlinpackagingapac.com\/?post_type=product&#038;p=7883"},"modified":"2025-08-20T14:17:38","modified_gmt":"2025-08-20T06:17:38","slug":"5ml-13-415-finish-nail-polish-bottles-glass-bpdh-123","status":"publish","type":"product","link":"https:\/\/berlinpackagingapac.com\/tr\/product\/5ml-13-415-finish-nail-polish-bottles-glass-bpdh-123\/","title":{"rendered":"5 ml, 13\/415 Finish, Oje \u015ei\u015feleri, Cam, BPDH-123"},"content":{"rendered":"<p>Materials: glass<br \/>\nStyles: vintage, cute, and custom<br \/>\nShapes: square, round, rectangle, heart-shaped, rose-shaped, and skull-shaped<br \/>\nBrush Types: Flat, round, fan, paddle, and customized<br \/>\nSizes: from mini 5ml to standard 10 ~ 15ml and above 20ml large size<br \/>\nAccessories: caps, brushes, and packaging boxes<\/p>\n<p>At Berlin Packaging, our nail polish bottles are designed to blend creativity with craftsmanship. We offer fully customizable options\u2014choose from a wide variety of shapes, sizes, materials, colors, and brush types to match your brand identity. We also provide advanced secondary processing, including electroplating, frosted or matte finishes, and precision logo printing.<\/p>\n<p>Aim for minimalist elegance or a unique, collectible design, our bottles come with expert-level deep processing to deliver both aesthetic beauty and functional durability.<\/p>","protected":false},"excerpt":{"rendered":"<table width=\"559\">\n<tbody>\n<tr>\n<td width=\"126\">Capacity ml<\/td>\n<td width=\"91\">A\u011f\u0131rl\u0131k g<\/td>\n<td width=\"120\">mm ile bitirin<\/td>\n<td width=\"111\">\u00c7ap mm<\/td>\n<td width=\"111\">Y\u00fckseklik mm<\/td>\n<\/tr>\n<tr>\n<td>5<\/td>\n<td>15<\/td>\n<td>13\/415<\/td>\n<td>31&#215;15.8<\/td>\n<td>36.9<\/td>\n<\/tr>\n<\/tbody>\n<\/table>","protected":false},"featured_media":7885,"comment_status":"open","ping_status":"closed","template":"","meta":{"jetpack_publicize_message":"","jetpack_publicize_feature_enabled":true,"jetpack_social_post_already_shared":true,"jetpack_social_options":{"image_generator_settings":{"template":"highway","default_image_id":0,"font":"","enabled":false},"version":2},"_wpas_customize_per_network":false},"product_brand":[1391],"product_cat":[1537,1377,1623],"product_tag":[1385],"class_list":{"0":"post-7883","1":"product","2":"type-product","3":"status-publish","4":"has-post-thumbnail","6":"product_brand-berlin-packaging","7":"product_cat-glass","8":"product_cat-cosmetics-personal-care","9":"product_cat-nail-polish-bottles","10":"product_tag-cosmetics-personal-care","12":"first","13":"outofstock","14":"shipping-taxable","15":"product-type-simple"},"exclude_global_add_ons":[],"addons":[],"jetpack_publicize_connections":[],"jetpack_sharing_enabled":true,"jetpack_likes_enabled":true,"_links":{"self":[{"href":"https:\/\/berlinpackagingapac.com\/tr\/wp-json\/wp\/v2\/product\/7883","targetHints":{"allow":["GET"]}}],"collection":[{"href":"https:\/\/berlinpackagingapac.com\/tr\/wp-json\/wp\/v2\/product"}],"about":[{"href":"https:\/\/berlinpackagingapac.com\/tr\/wp-json\/wp\/v2\/types\/product"}],"replies":[{"embeddable":true,"href":"https:\/\/berlinpackagingapac.com\/tr\/wp-json\/wp\/v2\/comments?post=7883"}],"version-history":[{"count":2,"href":"https:\/\/berlinpackagingapac.com\/tr\/wp-json\/wp\/v2\/product\/7883\/revisions"}],"predecessor-version":[{"id":7889,"href":"https:\/\/berlinpackagingapac.com\/tr\/wp-json\/wp\/v2\/product\/7883\/revisions\/7889"}],"wp:featuredmedia":[{"embeddable":true,"href":"https:\/\/berlinpackagingapac.com\/tr\/wp-json\/wp\/v2\/media\/7885"}],"wp:attachment":[{"href":"https:\/\/berlinpackagingapac.com\/tr\/wp-json\/wp\/v2\/media?parent=7883"}],"wp:term":[{"taxonomy":"product_brand","embeddable":true,"href":"https:\/\/berlinpackagingapac.com\/tr\/wp-json\/wp\/v2\/product_brand?post=7883"},{"taxonomy":"product_cat","embeddable":true,"href":"https:\/\/berlinpackagingapac.com\/tr\/wp-json\/wp\/v2\/product_cat?post=7883"},{"taxonomy":"product_tag","embeddable":true,"href":"https:\/\/berlinpackagingapac.com\/tr\/wp-json\/wp\/v2\/product_tag?post=7883"}],"curies":[{"name":"wp","href":"https:\/\/api.w.org\/{rel}","templated":true}]}}