{"id":8022,"date":"2025-08-21T14:52:12","date_gmt":"2025-08-21T06:52:12","guid":{"rendered":"https:\/\/berlinpackagingapac.com\/?post_type=product&#038;p=8022"},"modified":"2025-08-21T14:52:12","modified_gmt":"2025-08-21T06:52:12","slug":"mist-sprayer-bpp02-a24-410v","status":"publish","type":"product","link":"https:\/\/berlinpackagingapac.com\/tr\/product\/mist-sprayer-bpp02-a24-410v\/","title":{"rendered":"Mist Sprayer BPP02-A24\/410V"},"content":{"rendered":"<p>Sis p\u00fcsk\u00fcrt\u00fcc\u00fcm\u00fcz, ince ve tutarl\u0131 bir sis \u00e7\u0131k\u0131\u015f\u0131 sa\u011flayarak parf\u00fcm, tonik, dezenfektan ve di\u011fer s\u0131v\u0131 \u00fcr\u00fcnler gibi uygulamalar i\u00e7in m\u00fckemmeldir.<\/p>\n<p>Sap Kaplamas\u0131: \u03c618 (18\/410), \u03c620 (20\/410), \u03c622 (22\/415), \u03c624 (24\/410), \u03c624 (24\/415)<br \/>\nP\u00fcsk\u00fcrtme Tipi: E\u015fit da\u011f\u0131l\u0131m i\u00e7in ince sis p\u00fcsk\u00fcrtme<br \/>\nMalzeme: Dayan\u0131kl\u0131 plastik, kozmetik ve ki\u015fisel bak\u0131m \u00fcr\u00fcnleri i\u00e7in g\u00fcvenlidir.<br \/>\nKullan\u0131m Alanlar\u0131: Cilt bak\u0131m\u0131, sa\u00e7 bak\u0131m\u0131, temizlik \u00e7\u00f6z\u00fcmleri, oda spreyleri ve daha fazlas\u0131<br \/>\n\u00d6zellikler: S\u0131zd\u0131rmaz tasar\u0131m, ergonomik bask\u0131 ba\u015fl\u0131\u011f\u0131, \u00f6zelle\u015ftirilebilir renkler ve y\u00fczeyler<br \/>\nMarka imaj\u0131n\u0131z\u0131 g\u00fc\u00e7lendirmek i\u00e7in renk kaplama, metal kaplama ve serigrafi bask\u0131 gibi \u00f6zel dekorasyon se\u00e7enekleri mevcuttur.<\/p>","protected":false},"excerpt":{"rendered":"<p>Our Mist Sprayer offers a fine and consistent mist output, making it perfect for applications such as perfumes, toners, disinfectants, and other liquid products. Neck Finish: \u03c618 (18\/410), \u03c620 (20\/410), \u03c622 (22\/415), \u03c624 (24\/410), \u03c624 (24\/415) Mist Type: Fine mist spray for even coverage Material: Durable plastic, safe for cosmetic and personal care products Applications: [&hellip;]<\/p>\n","protected":false},"featured_media":8027,"comment_status":"open","ping_status":"closed","template":"","meta":{"jetpack_publicize_message":"","jetpack_publicize_feature_enabled":true,"jetpack_social_post_already_shared":true,"jetpack_social_options":{"image_generator_settings":{"template":"highway","default_image_id":0,"font":"","enabled":false},"version":2},"_wpas_customize_per_network":false},"product_brand":[1391],"product_cat":[1538,1445,1472],"product_tag":[1494],"class_list":{"0":"post-8022","1":"product","2":"type-product","3":"status-publish","4":"has-post-thumbnail","6":"product_brand-berlin-packaging","7":"product_cat-plastic","8":"product_cat-closure","9":"product_cat-mist-sprayer","10":"product_tag-closure","12":"first","13":"outofstock","14":"shipping-taxable","15":"product-type-simple"},"exclude_global_add_ons":[],"addons":[],"jetpack_publicize_connections":[],"jetpack_sharing_enabled":true,"jetpack_likes_enabled":true,"_links":{"self":[{"href":"https:\/\/berlinpackagingapac.com\/tr\/wp-json\/wp\/v2\/product\/8022","targetHints":{"allow":["GET"]}}],"collection":[{"href":"https:\/\/berlinpackagingapac.com\/tr\/wp-json\/wp\/v2\/product"}],"about":[{"href":"https:\/\/berlinpackagingapac.com\/tr\/wp-json\/wp\/v2\/types\/product"}],"replies":[{"embeddable":true,"href":"https:\/\/berlinpackagingapac.com\/tr\/wp-json\/wp\/v2\/comments?post=8022"}],"version-history":[{"count":2,"href":"https:\/\/berlinpackagingapac.com\/tr\/wp-json\/wp\/v2\/product\/8022\/revisions"}],"predecessor-version":[{"id":8028,"href":"https:\/\/berlinpackagingapac.com\/tr\/wp-json\/wp\/v2\/product\/8022\/revisions\/8028"}],"wp:featuredmedia":[{"embeddable":true,"href":"https:\/\/berlinpackagingapac.com\/tr\/wp-json\/wp\/v2\/media\/8027"}],"wp:attachment":[{"href":"https:\/\/berlinpackagingapac.com\/tr\/wp-json\/wp\/v2\/media?parent=8022"}],"wp:term":[{"taxonomy":"product_brand","embeddable":true,"href":"https:\/\/berlinpackagingapac.com\/tr\/wp-json\/wp\/v2\/product_brand?post=8022"},{"taxonomy":"product_cat","embeddable":true,"href":"https:\/\/berlinpackagingapac.com\/tr\/wp-json\/wp\/v2\/product_cat?post=8022"},{"taxonomy":"product_tag","embeddable":true,"href":"https:\/\/berlinpackagingapac.com\/tr\/wp-json\/wp\/v2\/product_tag?post=8022"}],"curies":[{"name":"wp","href":"https:\/\/api.w.org\/{rel}","templated":true}]}}