{"id":9382,"date":"2026-01-08T14:47:33","date_gmt":"2026-01-08T06:47:33","guid":{"rendered":"https:\/\/berlinpackagingapac.com\/?post_type=product&#038;p=9382"},"modified":"2026-04-22T10:40:01","modified_gmt":"2026-04-22T02:40:01","slug":"nocturne-700ml-bartop","status":"publish","type":"product","link":"https:\/\/berlinpackagingapac.com\/tr\/product\/nocturne-700ml-bartop\/","title":{"rendered":"nocturne 700ml bartop"},"content":{"rendered":"<h3 data-start=\"226\" data-end=\"251\">\u00dcr\u00fcn A\u00e7\u0131klamas\u0131<\/h3>\n<p data-start=\"252\" data-end=\"682\">The Nocturne 700ml glass bottle is a premium packaging solution designed for high-end spirits. Made from clear flint glass, this bottle features a wide rounded body, elegant shoulders, and a thick, solid base that delivers a strong and stable visual presence. The 35mm bar top finish is compatible with cork and synthetic stoppers, making it ideal for premium and craft spirit brands seeking a bold and sophisticated presentation.<\/p>\n<h3 data-start=\"684\" data-end=\"704\">Teknik \u00d6zellikler<\/h3>\n<ul data-start=\"705\" data-end=\"876\">\n<li data-start=\"705\" data-end=\"733\">\n<p data-start=\"707\" data-end=\"733\">Tam kapasite: 725 ml<\/p>\n<\/li>\n<li data-start=\"734\" data-end=\"762\">\n<p data-start=\"736\" data-end=\"762\">Dolum Kapasitesi: 700 ml<\/p>\n<\/li>\n<li data-start=\"763\" data-end=\"786\">\n<p data-start=\"765\" data-end=\"786\">Barda\u011f\u0131n a\u011f\u0131rl\u0131\u011f\u0131: 822 g<\/p>\n<\/li>\n<li data-start=\"787\" data-end=\"809\">\n<p data-start=\"789\" data-end=\"809\">Renk: \u015eeffaf \u00c7akmakta\u015f\u0131<\/p>\n<\/li>\n<li data-start=\"810\" data-end=\"835\">\n<p data-start=\"812\" data-end=\"835\">Finish: Bar Top 35 mm<\/p>\n<\/li>\n<li data-start=\"836\" data-end=\"857\">\n<p data-start=\"838\" data-end=\"857\">\u00c7ap: 94,3 mm<\/p>\n<\/li>\n<li data-start=\"858\" data-end=\"876\">\n<p data-start=\"860\" data-end=\"876\">Height: 213 mm<\/p>\n<\/li>\n<\/ul>\n<h3 data-start=\"878\" data-end=\"896\">Uygulamalar<\/h3>\n<p data-start=\"897\" data-end=\"1002\">Viski, rom, cin, votka, tekila, lik\u00f6rler, butik i\u00e7kiler ve birinci s\u0131n\u0131f dam\u0131t\u0131lm\u0131\u015f i\u00e7ecekler i\u00e7in uygundur.<\/p>\n<h3 data-start=\"1004\" data-end=\"1031\">\u00d6zelle\u015ftirme Se\u00e7enekleri<\/h3>\n<p data-start=\"1032\" data-end=\"1169\">Decoration services such as silk-screen printing, frosting, spray coating, embossing, debossing, and labeling are available upon request.<\/p>","protected":false},"excerpt":{"rendered":"<table width=\"696\">\n<tbody>\n<tr>\n<td width=\"116\">Tam Kapasite ml<\/td>\n<td width=\"116\">Dolum Kapasitesi ml<\/td>\n<td width=\"116\">A\u011f\u0131rl\u0131k g<\/td>\n<td width=\"116\">mm ile bitirin<\/td>\n<td width=\"116\">\u00c7ap mm<\/td>\n<td width=\"116\">Y\u00fckseklik mm<\/td>\n<\/tr>\n<tr>\n<td>725<\/td>\n<td>700<\/td>\n<td>822<\/td>\n<td>bartop 35mm<\/td>\n<td>94.3<\/td>\n<td>213<\/td>\n<\/tr>\n<\/tbody>\n<\/table>","protected":false},"featured_media":9384,"comment_status":"open","ping_status":"closed","template":"","meta":{"jetpack_publicize_message":"","jetpack_publicize_feature_enabled":true,"jetpack_social_post_already_shared":true,"jetpack_social_options":{"image_generator_settings":{"template":"highway","default_image_id":0,"font":"","enabled":false},"version":2},"_wpas_customize_per_network":false},"product_brand":[1391],"product_cat":[1537,1466,1444],"product_tag":[1492],"class_list":{"0":"post-9382","1":"product","2":"type-product","3":"status-publish","4":"has-post-thumbnail","6":"product_brand-berlin-packaging","7":"product_cat-glass","8":"product_cat-500-700ml-spirits","9":"product_cat-spirits-bottles","10":"product_tag-spirits","12":"first","13":"outofstock","14":"shipping-taxable","15":"product-type-simple"},"exclude_global_add_ons":[],"addons":[],"jetpack_publicize_connections":[],"jetpack_sharing_enabled":true,"jetpack_likes_enabled":true,"_links":{"self":[{"href":"https:\/\/berlinpackagingapac.com\/tr\/wp-json\/wp\/v2\/product\/9382","targetHints":{"allow":["GET"]}}],"collection":[{"href":"https:\/\/berlinpackagingapac.com\/tr\/wp-json\/wp\/v2\/product"}],"about":[{"href":"https:\/\/berlinpackagingapac.com\/tr\/wp-json\/wp\/v2\/types\/product"}],"replies":[{"embeddable":true,"href":"https:\/\/berlinpackagingapac.com\/tr\/wp-json\/wp\/v2\/comments?post=9382"}],"version-history":[{"count":2,"href":"https:\/\/berlinpackagingapac.com\/tr\/wp-json\/wp\/v2\/product\/9382\/revisions"}],"predecessor-version":[{"id":9386,"href":"https:\/\/berlinpackagingapac.com\/tr\/wp-json\/wp\/v2\/product\/9382\/revisions\/9386"}],"wp:featuredmedia":[{"embeddable":true,"href":"https:\/\/berlinpackagingapac.com\/tr\/wp-json\/wp\/v2\/media\/9384"}],"wp:attachment":[{"href":"https:\/\/berlinpackagingapac.com\/tr\/wp-json\/wp\/v2\/media?parent=9382"}],"wp:term":[{"taxonomy":"product_brand","embeddable":true,"href":"https:\/\/berlinpackagingapac.com\/tr\/wp-json\/wp\/v2\/product_brand?post=9382"},{"taxonomy":"product_cat","embeddable":true,"href":"https:\/\/berlinpackagingapac.com\/tr\/wp-json\/wp\/v2\/product_cat?post=9382"},{"taxonomy":"product_tag","embeddable":true,"href":"https:\/\/berlinpackagingapac.com\/tr\/wp-json\/wp\/v2\/product_tag?post=9382"}],"curies":[{"name":"wp","href":"https:\/\/api.w.org\/{rel}","templated":true}]}}