{"id":9387,"date":"2026-01-08T14:51:22","date_gmt":"2026-01-08T06:51:22","guid":{"rendered":"https:\/\/berlinpackagingapac.com\/?post_type=product&#038;p=9387"},"modified":"2026-04-22T10:40:20","modified_gmt":"2026-04-22T02:40:20","slug":"nocturne-700ml-gpi-400-33","status":"publish","type":"product","link":"https:\/\/berlinpackagingapac.com\/tr\/product\/nocturne-700ml-gpi-400-33\/","title":{"rendered":"nokt\u00fcrn 700ml GPI 400-33"},"content":{"rendered":"<h3 data-start=\"228\" data-end=\"253\">\u00dcr\u00fcn A\u00e7\u0131klamas\u0131<\/h3>\n<p data-start=\"254\" data-end=\"710\">GPI 400-33 ba\u011flant\u0131 par\u00e7as\u0131na sahip 700 ml&#039;lik Nocturne cam \u015fi\u015fe, \u00fcst d\u00fczey i\u00e7kiler i\u00e7in tasarlanm\u0131\u015f birinci s\u0131n\u0131f bir ambalaj \u00e7\u00f6z\u00fcm\u00fcd\u00fcr. \u015eeffaf flint camdan \u00fcretilen bu \u015fi\u015fe, geni\u015f ve yuvarlak bir g\u00f6vdeye, p\u00fcr\u00fczs\u00fcz omuzlara ve g\u00fc\u00e7l\u00fc ve sa\u011flam bir raf duru\u015fu sa\u011flayan kal\u0131n, sa\u011flam bir tabana sahiptir. GPI 400-33 di\u015fli ba\u011flant\u0131 par\u00e7as\u0131, vidal\u0131 kapaklar ve \u00f6zel kapaklarla m\u00fckemmel uyumluluk sunarak hem premium markalar hem de b\u00fcy\u00fck \u00f6l\u00e7ekli \u00fcretim i\u00e7in uygun hale getirir.<\/p>\n<h3 data-start=\"712\" data-end=\"732\">Teknik \u00d6zellikler<\/h3>\n<ul data-start=\"733\" data-end=\"901\">\n<li data-start=\"733\" data-end=\"761\">\n<p data-start=\"735\" data-end=\"761\">Tam kapasite: 725 ml<\/p>\n<\/li>\n<li data-start=\"762\" data-end=\"790\">\n<p data-start=\"764\" data-end=\"790\">Dolum Kapasitesi: 700 ml<\/p>\n<\/li>\n<li data-start=\"791\" data-end=\"814\">\n<p data-start=\"793\" data-end=\"814\">Barda\u011f\u0131n a\u011f\u0131rl\u0131\u011f\u0131: 822 g<\/p>\n<\/li>\n<li data-start=\"815\" data-end=\"837\">\n<p data-start=\"817\" data-end=\"837\">Renk: \u015eeffaf \u00c7akmakta\u015f\u0131<\/p>\n<\/li>\n<li data-start=\"838\" data-end=\"860\">\n<p data-start=\"840\" data-end=\"860\">Bitir: GPI 400-33<\/p>\n<\/li>\n<li data-start=\"861\" data-end=\"882\">\n<p data-start=\"863\" data-end=\"882\">\u00c7ap: 94,3 mm<\/p>\n<\/li>\n<li data-start=\"883\" data-end=\"901\">\n<p data-start=\"885\" data-end=\"901\">Y\u00fckseklik: 215 mm<\/p>\n<\/li>\n<\/ul>\n<h3 data-start=\"903\" data-end=\"921\">Uygulamalar<\/h3>\n<p data-start=\"922\" data-end=\"1030\">Viski, rom, cin, votka, tekila, lik\u00f6rler, butik i\u00e7kiler ve di\u011fer premium dam\u0131t\u0131lm\u0131\u015f i\u00e7ecekler i\u00e7in idealdir.<\/p>\n<h3 data-start=\"1032\" data-end=\"1059\">\u00d6zelle\u015ftirme Se\u00e7enekleri<\/h3>\n<p data-start=\"1060\" data-end=\"1192\">\u0130ste\u011fe ba\u011fl\u0131 olarak serigrafi bask\u0131, buzlama, sprey kaplama, kabartma, oyma ve etiketleme gibi dekorasyon se\u00e7enekleri mevcuttur.<\/p>","protected":false},"excerpt":{"rendered":"<table width=\"696\">\n<tbody>\n<tr>\n<td width=\"116\">Tam Kapasite ml<\/td>\n<td width=\"116\">Dolum Kapasitesi ml<\/td>\n<td width=\"116\">A\u011f\u0131rl\u0131k g<\/td>\n<td width=\"116\">mm ile bitirin<\/td>\n<td width=\"116\">\u00c7ap mm<\/td>\n<td width=\"116\">Y\u00fckseklik mm<\/td>\n<\/tr>\n<tr>\n<td>725<\/td>\n<td>700<\/td>\n<td>822<\/td>\n<td>GPI 400-33<\/td>\n<td>94.3<\/td>\n<td>215<\/td>\n<\/tr>\n<\/tbody>\n<\/table>","protected":false},"featured_media":9388,"comment_status":"open","ping_status":"closed","template":"","meta":{"jetpack_publicize_message":"","jetpack_publicize_feature_enabled":true,"jetpack_social_post_already_shared":true,"jetpack_social_options":{"image_generator_settings":{"template":"highway","default_image_id":0,"font":"","enabled":false},"version":2},"_wpas_customize_per_network":false},"product_brand":[1391],"product_cat":[1537,1466,1444],"product_tag":[1492],"class_list":{"0":"post-9387","1":"product","2":"type-product","3":"status-publish","4":"has-post-thumbnail","6":"product_brand-berlin-packaging","7":"product_cat-glass","8":"product_cat-500-700ml-spirits","9":"product_cat-spirits-bottles","10":"product_tag-spirits","12":"first","13":"outofstock","14":"shipping-taxable","15":"product-type-simple"},"exclude_global_add_ons":[],"addons":[],"jetpack_publicize_connections":[],"jetpack_sharing_enabled":true,"jetpack_likes_enabled":true,"_links":{"self":[{"href":"https:\/\/berlinpackagingapac.com\/tr\/wp-json\/wp\/v2\/product\/9387","targetHints":{"allow":["GET"]}}],"collection":[{"href":"https:\/\/berlinpackagingapac.com\/tr\/wp-json\/wp\/v2\/product"}],"about":[{"href":"https:\/\/berlinpackagingapac.com\/tr\/wp-json\/wp\/v2\/types\/product"}],"replies":[{"embeddable":true,"href":"https:\/\/berlinpackagingapac.com\/tr\/wp-json\/wp\/v2\/comments?post=9387"}],"version-history":[{"count":4,"href":"https:\/\/berlinpackagingapac.com\/tr\/wp-json\/wp\/v2\/product\/9387\/revisions"}],"predecessor-version":[{"id":9397,"href":"https:\/\/berlinpackagingapac.com\/tr\/wp-json\/wp\/v2\/product\/9387\/revisions\/9397"}],"wp:featuredmedia":[{"embeddable":true,"href":"https:\/\/berlinpackagingapac.com\/tr\/wp-json\/wp\/v2\/media\/9388"}],"wp:attachment":[{"href":"https:\/\/berlinpackagingapac.com\/tr\/wp-json\/wp\/v2\/media?parent=9387"}],"wp:term":[{"taxonomy":"product_brand","embeddable":true,"href":"https:\/\/berlinpackagingapac.com\/tr\/wp-json\/wp\/v2\/product_brand?post=9387"},{"taxonomy":"product_cat","embeddable":true,"href":"https:\/\/berlinpackagingapac.com\/tr\/wp-json\/wp\/v2\/product_cat?post=9387"},{"taxonomy":"product_tag","embeddable":true,"href":"https:\/\/berlinpackagingapac.com\/tr\/wp-json\/wp\/v2\/product_tag?post=9387"}],"curies":[{"name":"wp","href":"https:\/\/api.w.org\/{rel}","templated":true}]}}