{"id":81,"date":"2021-12-15T13:27:47","date_gmt":"2021-12-15T13:27:47","guid":{"rendered":"https:\/\/startersites.io\/blocksy\/garderobe\/?page_id=81"},"modified":"2025-08-28T09:34:01","modified_gmt":"2025-08-28T01:34:01","slug":"cac-san-pham","status":"publish","type":"page","link":"https:\/\/berlinpackagingapac.com\/vi\/products\/","title":{"rendered":"C\u00e1c s\u1ea3n ph\u1ea9m"},"content":{"rendered":"","protected":false},"excerpt":{"rendered":"<p>Kh\u00e1m ph\u00e1 danh m\u1ee5c gi\u1ea3i ph\u00e1p \u0111\u00f3ng g\u00f3i ch\u1ea5t l\u01b0\u1ee3ng cao \u0111a d\u1ea1ng c\u1ee7a Berlin Packaging APAC, bao g\u1ed3m chai th\u1ee7y tinh, l\u1ecd, n\u1eafp v\u00e0 v\u1eadt li\u1ec7u th\u00e2n thi\u1ec7n v\u1edbi m\u00f4i tr\u01b0\u1eddng t\u00f9y ch\u1ec9nh. Ch\u00fang t\u00f4i cung c\u1ea5p bao b\u00ec \u0111\u01b0\u1ee3c thi\u1ebft k\u1ebf ri\u00eang cho c\u00e1c ng\u00e0nh c\u00f4ng nghi\u1ec7p nh\u01b0 m\u1ef9 ph\u1ea9m, th\u1ef1c ph\u1ea9m, \u0111\u1ed3 u\u1ed1ng v\u00e0 d\u01b0\u1ee3c ph\u1ea9m. Cho d\u00f9 b\u1ea1n c\u1ea7n thi\u1ebft k\u1ebf b\u1ec1n v\u1eefng, s\u00e1ng t\u1ea1o hay theo y\u00eau c\u1ea7u ri\u00eang, ch\u00fang t\u00f4i \u0111\u1ec1u cung c\u1ea5p c\u00e1c gi\u1ea3i ph\u00e1p \u0111\u00f3ng g\u00f3i chuy\u00ean nghi\u1ec7p \u0111\u1ec3 n\u00e2ng t\u1ea7m th\u01b0\u01a1ng hi\u1ec7u v\u00e0 \u0111\u00e1p \u1ee9ng nhu c\u1ea7u kinh doanh \u0111\u1ed9c \u0111\u00e1o c\u1ee7a b\u1ea1n.<\/p>","protected":false},"author":263638842,"featured_media":0,"parent":0,"menu_order":0,"comment_status":"closed","ping_status":"closed","template":"","meta":{"footnotes":""},"class_list":["post-81","page","type-page","status-publish","hentry"],"blocksy_meta":[],"jetpack_sharing_enabled":true,"jetpack_likes_enabled":true,"jetpack_shortlink":"https:\/\/wp.me\/PguUSw-1j","_links":{"self":[{"href":"https:\/\/berlinpackagingapac.com\/vi\/wp-json\/wp\/v2\/pages\/81","targetHints":{"allow":["GET"]}}],"collection":[{"href":"https:\/\/berlinpackagingapac.com\/vi\/wp-json\/wp\/v2\/pages"}],"about":[{"href":"https:\/\/berlinpackagingapac.com\/vi\/wp-json\/wp\/v2\/types\/page"}],"author":[{"embeddable":true,"href":"https:\/\/berlinpackagingapac.com\/vi\/wp-json\/wp\/v2\/users\/263638842"}],"replies":[{"embeddable":true,"href":"https:\/\/berlinpackagingapac.com\/vi\/wp-json\/wp\/v2\/comments?post=81"}],"version-history":[{"count":2,"href":"https:\/\/berlinpackagingapac.com\/vi\/wp-json\/wp\/v2\/pages\/81\/revisions"}],"predecessor-version":[{"id":6987,"href":"https:\/\/berlinpackagingapac.com\/vi\/wp-json\/wp\/v2\/pages\/81\/revisions\/6987"}],"wp:attachment":[{"href":"https:\/\/berlinpackagingapac.com\/vi\/wp-json\/wp\/v2\/media?parent=81"}],"curies":[{"name":"wp","href":"https:\/\/api.w.org\/{rel}","templated":true}]}}