{"id":3651,"date":"2025-05-21T12:17:50","date_gmt":"2025-05-21T04:17:50","guid":{"rendered":"https:\/\/berlinpackagingapac.com\/?post_type=product&#038;p=3651"},"modified":"2025-07-16T10:45:39","modified_gmt":"2025-07-16T02:45:39","slug":"chai-ruou-vang-375ml-bpb-639","status":"publish","type":"product","link":"https:\/\/berlinpackagingapac.com\/vi\/product\/375ml-wine-bottle-bpb-639\/","title":{"rendered":"Chai r\u01b0\u1ee3u vang 375ml, BPB-639"},"content":{"rendered":"<p><span class=\"_fadeIn_m1hgl_8\">C\u00e1i n\u00e0y <\/span><span class=\"_fadeIn_m1hgl_8\">375ml <\/span><span class=\"_fadeIn_m1hgl_8\">r\u01b0\u1ee3u <\/span><span class=\"_fadeIn_m1hgl_8\">c\u00e1i chai <\/span><span class=\"_fadeIn_m1hgl_8\">\u0111\u1eb7c tr\u01b0ng <\/span><span class=\"_fadeIn_m1hgl_8\">M\u1ed9t <\/span><span class=\"_fadeIn_m1hgl_8\">c\u1ed5 \u0111i\u1ec3n <\/span><span class=\"_fadeIn_m1hgl_8\">h\u00ecnh b\u00f3ng <\/span><span class=\"_fadeIn_m1hgl_8\">v\u1edbi <\/span><span class=\"_fadeIn_m1hgl_8\">M\u1ed9t <\/span><span class=\"_fadeIn_m1hgl_8\">s\u00e2u <\/span><span class=\"_fadeIn_m1hgl_8\">c\u00fa \u0111\u00e1 ph\u1ea1t <\/span><span class=\"_fadeIn_m1hgl_8\">v\u00ec <\/span><span class=\"_fadeIn_m1hgl_8\">\u0111\u00e3 th\u00eam <\/span><span class=\"_fadeIn_m1hgl_8\">s\u1ee9c m\u1ea1nh <\/span><span class=\"_fadeIn_m1hgl_8\">V\u00e0 <\/span><span class=\"_fadeIn_m1hgl_8\">s\u1ef1 thanh l\u1ecbch. <\/span><span class=\"_fadeIn_m1hgl_8\">L\u00fd t\u01b0\u1edfng <\/span><span class=\"_fadeIn_m1hgl_8\">v\u00ec <\/span><span class=\"_fadeIn_m1hgl_8\">ph\u1ea7n th\u01b0\u1edfng <\/span><span class=\"_fadeIn_m1hgl_8\">r\u01b0\u1ee3u vang, <\/span><span class=\"_fadeIn_m1hgl_8\">m\u00f3n tr\u00e1ng mi\u1ec7ng <\/span><span class=\"_fadeIn_m1hgl_8\">r\u01b0\u1ee3u vang, <\/span><span class=\"_fadeIn_m1hgl_8\">ho\u1eb7c <\/span><span class=\"_fadeIn_m1hgl_8\">n\u1ebfm th\u1eed <\/span><span class=\"_fadeIn_m1hgl_8\">c\u00e1c ph\u1ea7n, <\/span><span class=\"_fadeIn_m1hgl_8\">c\u1ee7a n\u00f3 <\/span><span class=\"_fadeIn_m1hgl_8\">th\u00f4ng tho\u00e1ng <\/span><span class=\"_fadeIn_m1hgl_8\">th\u1ee7y tinh <\/span><span class=\"_fadeIn_m1hgl_8\">t\u1ee7 tr\u01b0ng b\u00e0y <\/span><span class=\"_fadeIn_m1hgl_8\">c\u00e1i <\/span><span class=\"_fadeIn_m1hgl_8\">s\u1ea3n ph\u1ea9m <\/span><span class=\"_fadeIn_m1hgl_8\">\u0111\u1eb9p \u0111\u1ebd <\/span><span class=\"_fadeIn_m1hgl_8\">V\u00e0 <\/span><span class=\"_fadeIn_m1hgl_8\">c\u1eb7p <\/span><span class=\"_fadeIn_m1hgl_8\">T\u1ed1t <\/span><span class=\"_fadeIn_m1hgl_8\">v\u1edbi <\/span><span class=\"_fadeIn_m1hgl_8\">ti\u00eau chu\u1ea9n <\/span><span class=\"_fadeIn_m1hgl_8\">\u0111\u00f3ng c\u1eeda.<\/span><\/p>","protected":false},"excerpt":{"rendered":"<p>Dung t\u00edch \u0111\u1ea7y: 390ml<br \/>\nTr\u1ecdng l\u01b0\u1ee3ng: 430g<br \/>\nK\u1ebft th\u00fac: NA<br \/>\n\u0110\u01b0\u1eddng k\u00ednh: 68,3mm<br \/>\nChi\u1ec1u cao: 244,4mm<\/p>","protected":false},"featured_media":3653,"comment_status":"open","ping_status":"closed","template":"","meta":{"jetpack_publicize_message":"","jetpack_publicize_feature_enabled":true,"jetpack_social_post_already_shared":true,"jetpack_social_options":{"image_generator_settings":{"template":"highway","default_image_id":0,"font":"","enabled":false},"version":2},"_wpas_customize_per_network":false},"product_brand":[1391],"product_cat":[1381,1457,1537],"product_tag":[1482],"class_list":{"0":"post-3651","1":"product","2":"type-product","3":"status-publish","4":"has-post-thumbnail","6":"product_brand-berlin-packaging","7":"product_cat-wine-bottles","8":"product_cat-375ml-wine","9":"product_cat-glass","10":"product_tag-wine","12":"first","13":"outofstock","14":"shipping-taxable","15":"product-type-simple"},"exclude_global_add_ons":[],"addons":[],"jetpack_publicize_connections":[],"jetpack_sharing_enabled":true,"jetpack_likes_enabled":true,"_links":{"self":[{"href":"https:\/\/berlinpackagingapac.com\/vi\/wp-json\/wp\/v2\/product\/3651","targetHints":{"allow":["GET"]}}],"collection":[{"href":"https:\/\/berlinpackagingapac.com\/vi\/wp-json\/wp\/v2\/product"}],"about":[{"href":"https:\/\/berlinpackagingapac.com\/vi\/wp-json\/wp\/v2\/types\/product"}],"replies":[{"embeddable":true,"href":"https:\/\/berlinpackagingapac.com\/vi\/wp-json\/wp\/v2\/comments?post=3651"}],"version-history":[{"count":2,"href":"https:\/\/berlinpackagingapac.com\/vi\/wp-json\/wp\/v2\/product\/3651\/revisions"}],"predecessor-version":[{"id":3654,"href":"https:\/\/berlinpackagingapac.com\/vi\/wp-json\/wp\/v2\/product\/3651\/revisions\/3654"}],"wp:featuredmedia":[{"embeddable":true,"href":"https:\/\/berlinpackagingapac.com\/vi\/wp-json\/wp\/v2\/media\/3653"}],"wp:attachment":[{"href":"https:\/\/berlinpackagingapac.com\/vi\/wp-json\/wp\/v2\/media?parent=3651"}],"wp:term":[{"taxonomy":"product_brand","embeddable":true,"href":"https:\/\/berlinpackagingapac.com\/vi\/wp-json\/wp\/v2\/product_brand?post=3651"},{"taxonomy":"product_cat","embeddable":true,"href":"https:\/\/berlinpackagingapac.com\/vi\/wp-json\/wp\/v2\/product_cat?post=3651"},{"taxonomy":"product_tag","embeddable":true,"href":"https:\/\/berlinpackagingapac.com\/vi\/wp-json\/wp\/v2\/product_tag?post=3651"}],"curies":[{"name":"wp","href":"https:\/\/api.w.org\/{rel}","templated":true}]}}