{"id":3864,"date":"2025-05-22T15:30:36","date_gmt":"2025-05-22T07:30:36","guid":{"rendered":"https:\/\/berlinpackagingapac.com\/?post_type=product&#038;p=3864"},"modified":"2026-02-25T11:59:04","modified_gmt":"2026-02-25T03:59:04","slug":"son-moi-li-mong-bpmu906-8-4mm-co-che-2-1g-dung-tich-nhan-hieu-rieng-san-sang","status":"publish","type":"product","link":"https:\/\/berlinpackagingapac.com\/vi\/product\/slim-matte-lipstick-tube-bpmu906-8-4mm-mechanism-2-1g-capacity-private-label-ready\/","title":{"rendered":"Tu\u00fdp son l\u00ec m\u1ecfng \u2013 BPMU906 | C\u01a1 ch\u1ebf 8,4mm, dung t\u00edch 2,1g | S\u1eb5n s\u00e0ng cho nh\u00e3n hi\u1ec7u ri\u00eang"},"content":{"rendered":"<p data-start=\"499\" data-end=\"864\">BPMU906 l\u00e0 m\u1ed9t tu\u00fdp son m\u00f4i si\u00eau m\u1ecfng, ki\u1ec3u d\u00e1ng thanh l\u1ecbch v\u00e0 ti\u1ec7n d\u1ee5ng. V\u1edbi l\u1edbp s\u01a1n \u0111en m\u1edd t\u1ed1i gi\u1ea3n v\u00e0 th\u00e2n h\u00ecnh tr\u1ee5, h\u1ed9p \u0111\u1ef1ng son m\u00f4i n\u00e0y mang \u0111\u1ebfn v\u1ebb \u0111\u1eb9p hi\u1ec7n \u0111\u1ea1i, ho\u00e0n h\u1ea3o cho c\u00e1c th\u01b0\u01a1ng hi\u1ec7u l\u00e0m \u0111\u1eb9p sang tr\u1ecdng v\u00e0 th\u1eddi th\u01b0\u1ee3ng. V\u1edbi c\u01a1 ch\u1ebf b\u01a1m son 8,4mm v\u00e0 dung t\u00edch ch\u1ee9a 2,1g, \u0111\u00e2y l\u00e0 l\u1ef1a ch\u1ecdn l\u00fd t\u01b0\u1edfng cho c\u00e1c lo\u1ea1i son m\u00f4i m\u1ecfng, son d\u01b0\u1ee1ng v\u00e0 son tint.<\/p>\n<p data-start=\"866\" data-end=\"1084\">Cho d\u00f9 b\u1ea1n \u0111ang ra m\u1eaft d\u00f2ng s\u1ea3n ph\u1ea9m ch\u0103m s\u00f3c m\u00f4i m\u1edbi hay n\u00e2ng cao b\u1ed9 s\u01b0u t\u1eadp nh\u00e3n hi\u1ec7u ri\u00eang c\u1ee7a m\u00ecnh, BPMU906 \u0111\u1ec1u cung c\u1ea5p gi\u1ea3i ph\u00e1p \u0111\u00f3ng g\u00f3i chuy\u00ean nghi\u1ec7p, c\u00f3 th\u1ec3 t\u00f9y ch\u1ec9nh, d\u1ec5 d\u00e0ng b\u1ecf v\u00e0o t\u00fai qu\u1ea7n, t\u00fai x\u00e1ch v\u00e0 b\u1ed9 trang \u0111i\u1ec3m.<\/p>\n<h3 data-start=\"1948\" data-end=\"1982\"><strong data-start=\"1952\" data-end=\"1980\">T\u00f9y ch\u1ec9nh &amp; D\u1ecbch v\u1ee5<\/strong><\/h3>\n<p data-start=\"1983\" data-end=\"2162\">Ch\u00fang t\u00f4i cung c\u1ea5p d\u1ecbch v\u1ee5 OEM\/ODM to\u00e0n di\u1ec7n v\u1ec1 m\u00e0u s\u1eafc, ho\u00e0n thi\u1ec7n v\u00e0 th\u01b0\u01a1ng hi\u1ec7u. C\u00e1c k\u1ef9 s\u01b0 \u0111\u00f3ng g\u00f3i v\u00e0 \u0111\u1ed9i ng\u0169 thi\u1ebft k\u1ebf lu\u00f4n s\u1eb5n s\u00e0ng h\u1ed7 tr\u1ee3 b\u1ea1n hi\u1ec7n th\u1ef1c h\u00f3a \u00fd t\u01b0\u1edfng t\u1eeb b\u1ea3n v\u1ebd \u0111\u1ebfn s\u1ea3n ph\u1ea9m ho\u00e0n thi\u1ec7n.<\/p>","protected":false},"excerpt":{"rendered":"<table width=\"404\" data-start=\"914\" data-end=\"1587\">\n<tbody>\n<tr data-start=\"914\" data-end=\"973\">\n<td width=\"140\">M\u1ee5c<\/td>\n<td width=\"264\">Chi ti\u1ebft<\/td>\n<\/tr>\n<tr data-start=\"1035\" data-end=\"1095\">\n<td width=\"140\" data-start=\"1035\" data-end=\"1059\" data-col-size=\"sm\">Ng\u01b0\u1eddi m\u1eabu<\/td>\n<td width=\"264\" data-col-size=\"sm\" data-start=\"1059\" data-end=\"1095\">BPMU906<\/td>\n<\/tr>\n<tr data-start=\"1096\" data-end=\"1156\">\n<td width=\"140\" data-start=\"1096\" data-end=\"1120\" data-col-size=\"sm\">K\u00edch th\u01b0\u1edbc<\/td>\n<td width=\"264\" data-start=\"1120\" data-end=\"1156\" data-col-size=\"sm\">18,1 \u00d7 18,1 \u00d7 77,0 mm<\/td>\n<\/tr>\n<tr data-start=\"1157\" data-end=\"1217\">\n<td width=\"140\" data-start=\"1157\" data-end=\"1181\" data-col-size=\"sm\">\u0110\u01b0\u1eddng k\u00ednh c\u01a1 ch\u1ebf<\/td>\n<td width=\"264\" data-start=\"1181\" data-end=\"1217\" data-col-size=\"sm\">11,0 mm<\/td>\n<\/tr>\n<tr data-start=\"1218\" data-end=\"1278\">\n<td width=\"140\" data-start=\"1218\" data-end=\"1242\" data-col-size=\"sm\">Kh\u1ea3 n\u0103ng l\u1ea5p \u0111\u1ea7y<\/td>\n<td width=\"264\" data-start=\"1242\" data-end=\"1278\" data-col-size=\"sm\">3,4 g<\/td>\n<\/tr>\n<tr data-start=\"1279\" data-end=\"1338\">\n<td width=\"140\" data-start=\"1279\" data-end=\"1303\" data-col-size=\"sm\">V\u1eadt li\u1ec7u<\/td>\n<td width=\"264\" data-start=\"1303\" data-end=\"1338\" data-col-size=\"sm\">ABS \/ AS \/ PP (c\u00f3 th\u1ec3 t\u00f9y ch\u1ec9nh)<\/td>\n<\/tr>\n<tr data-start=\"1339\" data-end=\"1399\">\n<td width=\"140\" data-start=\"1339\" data-end=\"1363\" data-col-size=\"sm\">Ho\u00e0n th\u00e0nh<\/td>\n<td width=\"264\" data-start=\"1363\" data-end=\"1399\" data-col-size=\"sm\">M\u00e0u \u0111en m\u1edd v\u1edbi h\u1ecda ti\u1ebft da<\/td>\n<\/tr>\n<tr data-start=\"1400\" data-end=\"1460\">\n<td width=\"140\" data-start=\"1400\" data-end=\"1424\" data-col-size=\"sm\">\u1ee8ng d\u1ee5ng<\/td>\n<td width=\"264\" data-start=\"1424\" data-end=\"1460\" data-col-size=\"sm\">Bao b\u00ec son m\u00f4i<\/td>\n<\/tr>\n<tr data-start=\"1461\" data-end=\"1526\">\n<td width=\"140\" data-start=\"1461\" data-end=\"1485\" data-col-size=\"sm\">T\u00f9y ch\u1ecdn trang tr\u00ed<\/td>\n<td width=\"264\" data-start=\"1485\" data-end=\"1526\" data-col-size=\"sm\">In l\u1ee5a, d\u1eadp n\u00f3ng, ph\u1ee7 UV<\/td>\n<\/tr>\n<tr data-start=\"1527\" data-end=\"1587\">\n<td width=\"140\" data-start=\"1527\" data-end=\"1551\" data-col-size=\"sm\">MOQ<\/td>\n<td width=\"264\" data-start=\"1551\" data-end=\"1587\" data-col-size=\"sm\">10.000 chi\u1ebfc (thay \u0111\u1ed5i t\u00f9y theo l\u1edbp ho\u00e0n thi\u1ec7n)<\/td>\n<\/tr>\n<\/tbody>\n<\/table>","protected":false},"featured_media":7320,"comment_status":"open","ping_status":"closed","template":"","meta":{"jetpack_publicize_message":"","jetpack_publicize_feature_enabled":true,"jetpack_social_post_already_shared":true,"jetpack_social_options":{"image_generator_settings":{"template":"highway","default_image_id":0,"font":"","enabled":false},"version":2},"_wpas_customize_per_network":false},"product_brand":[1391],"product_cat":[1377,1499,1538],"product_tag":[1495],"class_list":{"0":"post-3864","1":"product","2":"type-product","3":"status-publish","4":"has-post-thumbnail","6":"product_brand-berlin-packaging","7":"product_cat-cosmetics-personal-care","8":"product_cat-lipstick","9":"product_cat-plastic","10":"product_tag-cosmetic","12":"first","13":"outofstock","14":"shipping-taxable","15":"product-type-simple"},"exclude_global_add_ons":[],"addons":[],"jetpack_publicize_connections":[],"jetpack_sharing_enabled":true,"jetpack_likes_enabled":true,"_links":{"self":[{"href":"https:\/\/berlinpackagingapac.com\/vi\/wp-json\/wp\/v2\/product\/3864","targetHints":{"allow":["GET"]}}],"collection":[{"href":"https:\/\/berlinpackagingapac.com\/vi\/wp-json\/wp\/v2\/product"}],"about":[{"href":"https:\/\/berlinpackagingapac.com\/vi\/wp-json\/wp\/v2\/types\/product"}],"replies":[{"embeddable":true,"href":"https:\/\/berlinpackagingapac.com\/vi\/wp-json\/wp\/v2\/comments?post=3864"}],"version-history":[{"count":5,"href":"https:\/\/berlinpackagingapac.com\/vi\/wp-json\/wp\/v2\/product\/3864\/revisions"}],"predecessor-version":[{"id":9778,"href":"https:\/\/berlinpackagingapac.com\/vi\/wp-json\/wp\/v2\/product\/3864\/revisions\/9778"}],"wp:featuredmedia":[{"embeddable":true,"href":"https:\/\/berlinpackagingapac.com\/vi\/wp-json\/wp\/v2\/media\/7320"}],"wp:attachment":[{"href":"https:\/\/berlinpackagingapac.com\/vi\/wp-json\/wp\/v2\/media?parent=3864"}],"wp:term":[{"taxonomy":"product_brand","embeddable":true,"href":"https:\/\/berlinpackagingapac.com\/vi\/wp-json\/wp\/v2\/product_brand?post=3864"},{"taxonomy":"product_cat","embeddable":true,"href":"https:\/\/berlinpackagingapac.com\/vi\/wp-json\/wp\/v2\/product_cat?post=3864"},{"taxonomy":"product_tag","embeddable":true,"href":"https:\/\/berlinpackagingapac.com\/vi\/wp-json\/wp\/v2\/product_tag?post=3864"}],"curies":[{"name":"wp","href":"https:\/\/api.w.org\/{rel}","templated":true}]}}