{"id":3871,"date":"2025-05-22T15:38:27","date_gmt":"2025-05-22T07:38:27","guid":{"rendered":"https:\/\/berlinpackagingapac.com\/?post_type=product&#038;p=3871"},"modified":"2025-07-28T16:40:07","modified_gmt":"2025-07-28T08:40:07","slug":"dual-end-lipstick-brush-tube-bpmu933-6-3mm-slim-mechanism-0-85g-fill-capacity","status":"publish","type":"product","link":"https:\/\/berlinpackagingapac.com\/vi\/san-pham\/dual-end-lipstick-brush-tube-bpmu933-6-3mm-slim-mechanism-0-85g-fill-capacity\/","title":{"rendered":"\u1ed0ng son m\u00f4i v\u00e0 c\u1ecd hai \u0111\u1ea7u \u2013 BPMU933 | C\u01a1 ch\u1ebf m\u1ecfng 6,3mm | Dung t\u00edch ch\u1ee9a 0,85g"},"content":{"rendered":"<p data-start=\"494\" data-end=\"803\">BPMU933 l\u00e0 tu\u00fdp son m\u00f4i hai \u0111\u1ea7u tinh t\u1ebf \u0111\u01b0\u1ee3c thi\u1ebft k\u1ebf \u0111\u1ec3 n\u00e2ng t\u1ea7m d\u00f2ng m\u1ef9 ph\u1ea9m c\u1ee7a b\u1ea1n v\u1ec1 c\u1ea3 phong c\u00e1ch l\u1eabn ch\u1ee9c n\u0103ng. C\u00f3 <strong data-start=\"632\" data-end=\"665\">C\u01a1 ch\u1ebf son m\u00f4i m\u1ecfng 6,3mm<\/strong> \u1edf m\u1ed9t \u0111\u1ea7u v\u00e0 m\u1ed9t <strong data-start=\"683\" data-end=\"713\">d\u1ee5ng c\u1ee5 qu\u00e9t c\u1ecd ch\u00ednh x\u00e1c<\/strong> M\u1eb7t kh\u00e1c, tu\u00fdp n\u00e0y l\u00fd t\u01b0\u1edfng \u0111\u1ec3 \u0111\u1ef1ng son tint, son kem v\u00e0 c\u00e1c d\u1ee5ng c\u1ee5 trang \u0111i\u1ec3m k\u1ebft h\u1ee3p.<\/p>\n<p data-start=\"805\" data-end=\"1043\">Th\u00e2n son m\u00e0u \u0111en v\u00e0 v\u00e0ng sang tr\u1ecdng, v\u1eeba nh\u1eb9 v\u1eeba thanh l\u1ecbch, ho\u00e0n h\u1ea3o cho c\u00e1c s\u1ea3n ph\u1ea9m son m\u00f4i nh\u1ecf g\u1ecdn, d\u00f2ng son mini ho\u1eb7c d\u00f2ng s\u1ea3n ph\u1ea9m qu\u00e0 t\u1eb7ng khuy\u1ebfn m\u00e3i. Khoang d\u01b0\u1edbi trong su\u1ed1t t\u0103ng th\u00eam v\u1ebb \u0111\u1eb9p th\u1ea9m m\u1ef9 v\u00e0 l\u00e0m n\u1ed5i b\u1eadt thi\u1ebft k\u1ebf c\u1ecd.<\/p>\n<p data-start=\"1045\" data-end=\"1187\">Cho d\u00f9 b\u1ea1n \u0111ang ra m\u1eaft d\u00f2ng s\u1ea3n ph\u1ea9m cao c\u1ea5p hay \u0111\u1ed5i m\u1edbi \u0111\u1ec3 c\u00f3 \u0111\u1ecbnh d\u1ea1ng th\u00e2n thi\u1ec7n v\u1edbi du l\u1ecbch, BPMU933 \u0111\u1ec1u mang \u0111\u1ebfn s\u1ef1 linh ho\u1ea1t v\u00e0 \u0111\u1eb3ng c\u1ea5p m\u00e0 th\u01b0\u01a1ng hi\u1ec7u c\u1ee7a b\u1ea1n c\u1ea7n.<\/p>\n<h3 data-start=\"1948\" data-end=\"1982\"><strong data-start=\"1952\" data-end=\"1980\">T\u00f9y ch\u1ec9nh &amp; D\u1ecbch v\u1ee5<\/strong><\/h3>\n<p data-start=\"1983\" data-end=\"2162\">Ch\u00fang t\u00f4i cung c\u1ea5p d\u1ecbch v\u1ee5 OEM\/ODM to\u00e0n di\u1ec7n v\u1ec1 m\u00e0u s\u1eafc, ho\u00e0n thi\u1ec7n v\u00e0 th\u01b0\u01a1ng hi\u1ec7u. C\u00e1c k\u1ef9 s\u01b0 \u0111\u00f3ng g\u00f3i v\u00e0 \u0111\u1ed9i ng\u0169 thi\u1ebft k\u1ebf lu\u00f4n s\u1eb5n s\u00e0ng h\u1ed7 tr\u1ee3 b\u1ea1n hi\u1ec7n th\u1ef1c h\u00f3a \u00fd t\u01b0\u1edfng t\u1eeb b\u1ea3n v\u1ebd \u0111\u1ebfn s\u1ea3n ph\u1ea9m ho\u00e0n thi\u1ec7n.<\/p>","protected":false},"excerpt":{"rendered":"<table width=\"404\" data-start=\"1226\" data-end=\"2052\">\n<tbody>\n<tr data-start=\"1226\" data-end=\"1286\">\n<td width=\"140\">M\u1ee5c<\/td>\n<td width=\"264\">Chi ti\u1ebft<\/td>\n<\/tr>\n<tr data-start=\"1348\" data-end=\"1408\">\n<td data-start=\"1348\" data-end=\"1372\" data-col-size=\"sm\">Ng\u01b0\u1eddi m\u1eabu<\/td>\n<td data-start=\"1372\" data-end=\"1408\" data-col-size=\"md\">BPMU933<\/td>\n<\/tr>\n<tr data-start=\"1409\" data-end=\"1469\">\n<td data-start=\"1409\" data-end=\"1433\" data-col-size=\"sm\">K\u00edch th\u01b0\u1edbc<\/td>\n<td data-start=\"1433\" data-end=\"1469\" data-col-size=\"md\">\u03c613,6 \u00d7 141,8 mm<\/td>\n<\/tr>\n<tr data-start=\"1470\" data-end=\"1530\">\n<td data-start=\"1470\" data-end=\"1494\" data-col-size=\"sm\">\u0110\u01b0\u1eddng k\u00ednh c\u01a1 ch\u1ebf<\/td>\n<td data-start=\"1494\" data-end=\"1530\" data-col-size=\"md\">6,3 mm<\/td>\n<\/tr>\n<tr data-start=\"1531\" data-end=\"1591\">\n<td data-start=\"1531\" data-end=\"1555\" data-col-size=\"sm\">Kh\u1ea3 n\u0103ng l\u1ea5p \u0111\u1ea7y<\/td>\n<td data-start=\"1555\" data-end=\"1591\" data-col-size=\"md\">0,85 g<\/td>\n<\/tr>\n<tr data-start=\"1592\" data-end=\"1652\">\n<td data-start=\"1592\" data-end=\"1616\" data-col-size=\"sm\">V\u1eadt li\u1ec7u<\/td>\n<td data-start=\"1616\" data-end=\"1652\" data-col-size=\"md\">ABS \/ AS \/ PP \/ Nh\u00f4m<\/td>\n<\/tr>\n<tr data-start=\"1653\" data-end=\"1713\">\n<td data-start=\"1653\" data-end=\"1677\" data-col-size=\"sm\">\u0110\u1ea7u ch\u1ed5i<\/td>\n<td data-start=\"1677\" data-end=\"1713\" data-col-size=\"md\">C\u1ecd nylon c\u00f3 \u0111\u1ebf trong su\u1ed1t<\/td>\n<\/tr>\n<tr data-start=\"1714\" data-end=\"1787\">\n<td data-start=\"1714\" data-end=\"1738\" data-col-size=\"sm\">B\u1ea3ng m\u00e0u<\/td>\n<td data-start=\"1738\" data-end=\"1787\" data-col-size=\"md\">Th\u00e2n son m\u00e0u \u0111en v\u00e0 v\u00e0ng v\u1edbi \u1ed1ng \u0111\u1ef1ng son m\u00e0u b\u1ea1c<\/td>\n<\/tr>\n<tr data-start=\"1788\" data-end=\"1848\">\n<td data-start=\"1788\" data-end=\"1812\" data-col-size=\"sm\">Ho\u00e0n thi\u1ec7n b\u1ec1 m\u1eb7t<\/td>\n<td data-start=\"1812\" data-end=\"1848\" data-col-size=\"md\">C\u00f3 s\u1eb5n lo\u1ea1i b\u00f3ng ho\u1eb7c m\u1edd<\/td>\n<\/tr>\n<tr data-start=\"1849\" data-end=\"1912\">\n<td data-start=\"1849\" data-end=\"1873\" data-col-size=\"sm\">T\u00f9y ch\u1ecdn trang tr\u00ed<\/td>\n<td data-start=\"1873\" data-end=\"1912\" data-col-size=\"md\">In l\u1ee5a, d\u1eadp n\u00f3ng, d\u00e1n nh\u00e3n<\/td>\n<\/tr>\n<tr data-start=\"1913\" data-end=\"1973\">\n<td data-start=\"1913\" data-end=\"1937\" data-col-size=\"sm\">MOQ<\/td>\n<td data-start=\"1937\" data-end=\"1973\" data-col-size=\"md\">10.000 chi\u1ebfc (thay \u0111\u1ed5i t\u00f9y theo l\u1edbp ho\u00e0n thi\u1ec7n)<\/td>\n<\/tr>\n<tr data-start=\"1974\" data-end=\"2052\">\n<td data-start=\"1974\" data-end=\"1998\" data-col-size=\"sm\">\u1ee8ng d\u1ee5ng<\/td>\n<td data-start=\"1998\" data-end=\"2052\" data-col-size=\"md\">Son m\u00f4i, son tint, c\u1ecd che khuy\u1ebft \u0111i\u1ec3m, b\u00fat d\u1eb7m l\u1ea1i<\/td>\n<\/tr>\n<\/tbody>\n<\/table>","protected":false},"featured_media":7329,"comment_status":"open","ping_status":"closed","template":"","meta":{"jetpack_publicize_message":"","jetpack_publicize_feature_enabled":true,"jetpack_social_post_already_shared":true,"jetpack_social_options":{"image_generator_settings":{"template":"highway","default_image_id":0,"font":"","enabled":false},"version":2},"_wpas_customize_per_network":false},"product_brand":[1391],"product_cat":[1377,1499,1538],"product_tag":[1495],"class_list":{"0":"post-3871","1":"product","2":"type-product","3":"status-publish","4":"has-post-thumbnail","6":"product_brand-berlin-packaging","7":"product_cat-cosmetics-personal-care","8":"product_cat-lipstick","9":"product_cat-plastic","10":"product_tag-cosmetic","12":"first","13":"outofstock","14":"shipping-taxable","15":"product-type-simple"},"exclude_global_add_ons":[],"addons":[],"jetpack_publicize_connections":[],"jetpack_sharing_enabled":true,"jetpack_likes_enabled":true,"_links":{"self":[{"href":"https:\/\/berlinpackagingapac.com\/vi\/wp-json\/wp\/v2\/product\/3871","targetHints":{"allow":["GET"]}}],"collection":[{"href":"https:\/\/berlinpackagingapac.com\/vi\/wp-json\/wp\/v2\/product"}],"about":[{"href":"https:\/\/berlinpackagingapac.com\/vi\/wp-json\/wp\/v2\/types\/product"}],"replies":[{"embeddable":true,"href":"https:\/\/berlinpackagingapac.com\/vi\/wp-json\/wp\/v2\/comments?post=3871"}],"version-history":[{"count":3,"href":"https:\/\/berlinpackagingapac.com\/vi\/wp-json\/wp\/v2\/product\/3871\/revisions"}],"predecessor-version":[{"id":3875,"href":"https:\/\/berlinpackagingapac.com\/vi\/wp-json\/wp\/v2\/product\/3871\/revisions\/3875"}],"wp:featuredmedia":[{"embeddable":true,"href":"https:\/\/berlinpackagingapac.com\/vi\/wp-json\/wp\/v2\/media\/7329"}],"wp:attachment":[{"href":"https:\/\/berlinpackagingapac.com\/vi\/wp-json\/wp\/v2\/media?parent=3871"}],"wp:term":[{"taxonomy":"product_brand","embeddable":true,"href":"https:\/\/berlinpackagingapac.com\/vi\/wp-json\/wp\/v2\/product_brand?post=3871"},{"taxonomy":"product_cat","embeddable":true,"href":"https:\/\/berlinpackagingapac.com\/vi\/wp-json\/wp\/v2\/product_cat?post=3871"},{"taxonomy":"product_tag","embeddable":true,"href":"https:\/\/berlinpackagingapac.com\/vi\/wp-json\/wp\/v2\/product_tag?post=3871"}],"curies":[{"name":"wp","href":"https:\/\/api.w.org\/{rel}","templated":true}]}}