{"id":4515,"date":"2025-05-29T15:55:42","date_gmt":"2025-05-29T07:55:42","guid":{"rendered":"https:\/\/berlinpackagingapac.com\/?post_type=product&#038;p=4515"},"modified":"2025-07-11T12:34:04","modified_gmt":"2025-07-11T04:34:04","slug":"hu-vuong-6oz-bp11425a","status":"publish","type":"product","link":"https:\/\/berlinpackagingapac.com\/vi\/product\/6oz-square-jar-bp11425a\/","title":{"rendered":"H\u0169 vu\u00f4ng 6oz, BP11425A"},"content":{"rendered":"<p>H\u0169 vu\u00f4ng 6oz | BP11425A H\u0169 th\u1ee7y tinh vu\u00f4ng 6oz (180ml) cao c\u1ea5p n\u00e0y k\u1ebft h\u1ee3p gi\u1eefa t\u00ednh n\u0103ng ti\u1ec7n d\u1ee5ng v\u00e0 t\u00ednh th\u1ea9m m\u1ef9 hi\u1ec7n \u0111\u1ea1i. H\u00ecnh vu\u00f4ng ti\u1ebft ki\u1ec7m kh\u00f4ng gian cho ph\u00e9p x\u1ebfp ch\u1ed3ng g\u1ecdn g\u00e0ng, trong khi l\u1edbp th\u1ee7y tinh trong su\u1ed1t gi\u00fap tr\u01b0ng b\u00e0y s\u1ea3n ph\u1ea9m b\u00ean trong. C\u00f3 l\u1ed7 h\u1edf \u0111\u1ec3 \u0111\u00f3ng k\u00edn kh\u00ed v\u1edbi n\u1eafp t\u01b0\u01a1ng th\u00edch. L\u00fd t\u01b0\u1edfng \u0111\u1ec3 \u0111\u1ef1ng gia v\u1ecb, n\u01b0\u1edbc s\u1ed1t ho\u1eb7c bao b\u00ec th\u1ef1c ph\u1ea9m \u0111\u1eb7c bi\u1ec7t.<\/p>","protected":false},"excerpt":{"rendered":"<table style=\"border-collapse: collapse; width: 515.02pt;\" border=\"0\" width=\"1030\" cellspacing=\"0\" cellpadding=\"0\">\n<tbody>\n<tr style=\"height: 21.75pt;\">\n<td class=\"et3\" style=\"height: 21.75pt; width: 92.00pt;\" width=\"184\" height=\"43\">S\u1ee9c ch\u1ee9a \u0111\u1ea7y<\/td>\n<td class=\"et3\" style=\"width: 92.00pt;\" width=\"184\">C\u00e2n n\u1eb7ng<\/td>\n<td class=\"et3\" style=\"width: 147.35pt;\" width=\"294\">Ho\u00e0n th\u00e0nh<\/td>\n<td class=\"et3\" style=\"width: 92.00pt;\" width=\"184\">\u0110\u01b0\u1eddng k\u00ednh<\/td>\n<td class=\"et3\" style=\"width: 92.00pt;\" width=\"184\">Chi\u1ec1u cao<\/td>\n<\/tr>\n<tr style=\"height: 21.75pt;\">\n<td class=\"et4\" style=\"height: 21.75pt;\" height=\"43\">185<\/td>\n<td class=\"et4\">150<\/td>\n<td class=\"et4\">GPI43-485<\/td>\n<td class=\"et4\">51.6&#215;51.6<\/td>\n<td class=\"et4\">112.7<\/td>\n<\/tr>\n<\/tbody>\n<\/table>","protected":false},"featured_media":4517,"comment_status":"open","ping_status":"closed","template":"","meta":{"jetpack_publicize_message":"","jetpack_publicize_feature_enabled":true,"jetpack_social_post_already_shared":true,"jetpack_social_options":{"image_generator_settings":{"template":"highway","default_image_id":0,"font":"","enabled":false},"version":2},"_wpas_customize_per_network":false},"product_brand":[1391],"product_cat":[1375,1453,1537,1508],"product_tag":[1383],"class_list":{"0":"post-4515","1":"product","2":"type-product","3":"status-publish","4":"has-post-thumbnail","6":"product_brand-berlin-packaging","7":"product_cat-food-bottle-food-jar","8":"product_cat-100-200ml-food-jar","9":"product_cat-glass","10":"product_cat-square-jar","11":"product_tag-food","13":"first","14":"outofstock","15":"shipping-taxable","16":"product-type-simple"},"exclude_global_add_ons":[],"addons":[],"jetpack_publicize_connections":[],"jetpack_sharing_enabled":true,"jetpack_likes_enabled":true,"_links":{"self":[{"href":"https:\/\/berlinpackagingapac.com\/vi\/wp-json\/wp\/v2\/product\/4515","targetHints":{"allow":["GET"]}}],"collection":[{"href":"https:\/\/berlinpackagingapac.com\/vi\/wp-json\/wp\/v2\/product"}],"about":[{"href":"https:\/\/berlinpackagingapac.com\/vi\/wp-json\/wp\/v2\/types\/product"}],"replies":[{"embeddable":true,"href":"https:\/\/berlinpackagingapac.com\/vi\/wp-json\/wp\/v2\/comments?post=4515"}],"version-history":[{"count":4,"href":"https:\/\/berlinpackagingapac.com\/vi\/wp-json\/wp\/v2\/product\/4515\/revisions"}],"predecessor-version":[{"id":5752,"href":"https:\/\/berlinpackagingapac.com\/vi\/wp-json\/wp\/v2\/product\/4515\/revisions\/5752"}],"wp:featuredmedia":[{"embeddable":true,"href":"https:\/\/berlinpackagingapac.com\/vi\/wp-json\/wp\/v2\/media\/4517"}],"wp:attachment":[{"href":"https:\/\/berlinpackagingapac.com\/vi\/wp-json\/wp\/v2\/media?parent=4515"}],"wp:term":[{"taxonomy":"product_brand","embeddable":true,"href":"https:\/\/berlinpackagingapac.com\/vi\/wp-json\/wp\/v2\/product_brand?post=4515"},{"taxonomy":"product_cat","embeddable":true,"href":"https:\/\/berlinpackagingapac.com\/vi\/wp-json\/wp\/v2\/product_cat?post=4515"},{"taxonomy":"product_tag","embeddable":true,"href":"https:\/\/berlinpackagingapac.com\/vi\/wp-json\/wp\/v2\/product_tag?post=4515"}],"curies":[{"name":"wp","href":"https:\/\/api.w.org\/{rel}","templated":true}]}}